{"id":999,"date":"2015-12-25T15:26:36","date_gmt":"2015-12-25T15:26:36","guid":{"rendered":"http:\/\/wp.pop-verlag.com\/?page_id=999"},"modified":"2015-12-25T17:57:01","modified_gmt":"2015-12-25T17:57:01","slug":"shahla-aghapour","status":"publish","type":"page","link":"https:\/\/wp.pop-verlag.com\/?page_id=999","title":{"rendered":"Shahla Aghapour"},"content":{"rendered":"<p><strong><a href=\"http:\/\/wp.pop-verlag.com\/wp-content\/uploads\/2015\/12\/shahlaaghapour2009.jpg\"><img loading=\"lazy\" decoding=\"async\" class=\"alignleft wp-image-1001 size-medium\" src=\"http:\/\/wp.pop-verlag.com\/wp-content\/uploads\/2015\/12\/shahlaaghapour2009-160x300.jpg\" alt=\"Shahla Aghapour 2009\" width=\"160\" height=\"300\" srcset=\"https:\/\/wp.pop-verlag.com\/wp-content\/uploads\/2015\/12\/shahlaaghapour2009-160x300.jpg 160w, https:\/\/wp.pop-verlag.com\/wp-content\/uploads\/2015\/12\/shahlaaghapour2009-547x1024.jpg 547w, https:\/\/wp.pop-verlag.com\/wp-content\/uploads\/2015\/12\/shahlaaghapour2009.jpg 605w\" sizes=\"auto, (max-width: 160px) 100vw, 160px\" \/><\/a>Shahla Aghapour<\/strong> ist Autorin, Malerin, Bildhauerin und Performancek\u00fcnstlerin. Sie wurde in Teheran (Iran) geboren, wo sie Kunst an der dortigen Freien Universit\u00e4t studierte. Seit 1976 war sie im Bereich Kunst und Kunsthandwerk t\u00e4tig. Von 1980-1983 arbeitete sie als Journalistin f\u00fcr politische Zeitungen. 1986\/1987 emigrierte sie aus dem Iran und lebt seit 1988 als freischaffende K\u00fcnstlerin in Deutschland. 2000 begann sie ein Aufbaustudium an der Universit\u00e4t der K\u00fcnste (UdK) Berlin, das sie 2003 als Master of Art (Art in Context) abschloss. Seit 2002 leitet sie k\u00fcnstlerisch-lyrische Projekte und Workshops und arbeitet als freie Dozentin in verschiedenen Kultureinrichtungen. Seit 2005 ist sie Mitglied des Iranischen Exil-P.E.N., seit 2007 Vorsitzende des Iranischen Exilschriftstellerverbands.<\/p>\n<p>Shahla Aghapour ver\u00f6ffentlichte ihre Beitr\u00e4ge in verschiedenen iranischen und deutschen Zeitschriften, u.a. in der Welt am Sonntag, in der Anthologie \u201eBr\u00fcche und \u00dcberg\u00e4nge\u201c sowie im \u201eGe-Denkwerk home-homeless\u201c. Viele ihrer Gedichtb\u00e4nde erschienen im Selbstverlag. Auf Persisch ver\u00f6ffentliche sie seit 2005 f\u00fcnf Lyrikb\u00e4nde: zwei im AIDA Verlag Bochum, zwei im Forough Verlag K\u00f6ln und einen im Ghesseh Verlag Teheran. Ihre Lesungen und Kunstausstellungen finden in zahlreichen Kultureinrichtungen statt.<\/p>\n<p>Lieferbare Titel von <strong> Shahla Aghapour<\/strong><\/p>\n<p><a href=\"http:\/\/wp.pop-verlag.com\/?p=1004\"> Oliver Twist in Teheran.<\/a> (LYRIK- Sammlung) ISBN: 978-3-937139-98-2;\u00a0 Preis: 13,90 \u20ac.<\/p>\n","protected":false},"excerpt":{"rendered":"<p>Shahla Aghapour ist Autorin, Malerin, Bildhauerin und Performancek\u00fcnstlerin. Sie wurde in Teheran (Iran) geboren, wo sie Kunst an der dortigen Freien Universit\u00e4t studierte. Seit 1976 war sie im Bereich Kunst und Kunsthandwerk t\u00e4tig. Von 1980-1983 arbeitete sie als Journalistin f\u00fcr &hellip; <a class=\"more-link\" href=\"https:\/\/wp.pop-verlag.com\/?page_id=999\">Weiterlesen <span class=\"meta-nav\">&rarr;<\/span><\/a><\/p>\n","protected":false},"author":2,"featured_media":0,"parent":658,"menu_order":1,"comment_status":"closed","ping_status":"closed","template":"","meta":{"footnotes":""},"class_list":["post-999","page","type-page","status-publish","hentry"],"jetpack_sharing_enabled":true,"_links":{"self":[{"href":"https:\/\/wp.pop-verlag.com\/index.php?rest_route=\/wp\/v2\/pages\/999","targetHints":{"allow":["GET"]}}],"collection":[{"href":"https:\/\/wp.pop-verlag.com\/index.php?rest_route=\/wp\/v2\/pages"}],"about":[{"href":"https:\/\/wp.pop-verlag.com\/index.php?rest_route=\/wp\/v2\/types\/page"}],"author":[{"embeddable":true,"href":"https:\/\/wp.pop-verlag.com\/index.php?rest_route=\/wp\/v2\/users\/2"}],"replies":[{"embeddable":true,"href":"https:\/\/wp.pop-verlag.com\/index.php?rest_route=%2Fwp%2Fv2%2Fcomments&post=999"}],"version-history":[{"count":4,"href":"https:\/\/wp.pop-verlag.com\/index.php?rest_route=\/wp\/v2\/pages\/999\/revisions"}],"predecessor-version":[{"id":1008,"href":"https:\/\/wp.pop-verlag.com\/index.php?rest_route=\/wp\/v2\/pages\/999\/revisions\/1008"}],"up":[{"embeddable":true,"href":"https:\/\/wp.pop-verlag.com\/index.php?rest_route=\/wp\/v2\/pages\/658"}],"wp:attachment":[{"href":"https:\/\/wp.pop-verlag.com\/index.php?rest_route=%2Fwp%2Fv2%2Fmedia&parent=999"}],"curies":[{"name":"wp","href":"https:\/\/api.w.org\/{rel}","templated":true}]}}