{"id":993,"date":"2015-12-25T07:58:43","date_gmt":"2015-12-25T07:58:43","guid":{"rendered":"http:\/\/wp.pop-verlag.com\/?page_id=993"},"modified":"2019-05-11T04:42:23","modified_gmt":"2019-05-11T04:42:23","slug":"francisca-ricinski","status":"publish","type":"page","link":"https:\/\/wp.pop-verlag.com\/?page_id=993","title":{"rendered":"Francisca Ricinski"},"content":{"rendered":"<p><strong><a href=\"http:\/\/wp.pop-verlag.com\/wp-content\/uploads\/2015\/12\/86-Foto-Francisca-Ricinski.jpg\"><img loading=\"lazy\" decoding=\"async\" class=\"alignleft wp-image-994 size-medium\" src=\"http:\/\/wp.pop-verlag.com\/wp-content\/uploads\/2015\/12\/86-Foto-Francisca-Ricinski-239x300.jpg\" alt=\"Francisca Ricinski\" width=\"239\" height=\"300\" srcset=\"https:\/\/wp.pop-verlag.com\/wp-content\/uploads\/2015\/12\/86-Foto-Francisca-Ricinski-239x300.jpg 239w, https:\/\/wp.pop-verlag.com\/wp-content\/uploads\/2015\/12\/86-Foto-Francisca-Ricinski-816x1024.jpg 816w\" sizes=\"auto, (max-width: 239px) 100vw, 239px\" \/><\/a>Francisca Ricinski<\/strong> \u2013 geb. am 18. November 1943 in Tupilati\/Rum\u00e4nien. Studium der Romanistik und Altphilologie an der Universit\u00e4t Bukarest, der Theologie in W\u00fcrzburg. Gymnasiallehrerin f\u00fcr Franz\u00f6sisch und Latein in Konstanza am Schwarzen Meer. 1980 \u2013 \u00dcbersiedlung mit der Tochter nach Westdeutschland. 1985-2003 Angestellte beim Deutschen Bundestag, Bonn. Journalistin, Fotografin und \u00dcbersetzerin. Schrieb f\u00fcnf Lyrikb\u00e4nde, Kinderb\u00fccher, Theaterst\u00fccke, Kurzprosa, Trickfilm-Drehb\u00fccher und Liedertexte. Rum\u00e4nische Literaturpreise. Mitglied im Verband Deutscher Schriftsteller Rheinland-Pfalz. 2001 \u2013 Stipendium vom Bundesschriftstellerverband\/Ausw\u00e4rtigen Amt f\u00fcr das Literaturprojekt \u201eRussland\u201c. 2002 \u2013 Urauff\u00fchrung \u201eDie Stelzen\u201c, Theater \u201eLuceafarul\u201c, Iasi\/Rum\u00e4nien. 2005 \u2013 Theaterpreis, Convorbiri literare, Iasi. Mitherausgeberin der Bonner Literaturzeitschrift \u201cDichtungsring\u201d. Redaktionsmitglied der rum\u00e4nischen Kulturzeitschriften \u201ePoezia\u201c und \u201eAntiteze\u201c. Leitende Redakteurin der Literaturzeitschrift \u201eMatrix\u201c, Pop-Verlag, Ludwigsburg.<\/p>\n<p>Lieferbare Titel von <strong><a href=\"http:\/\/wp.pop-verlag.com\/?page_id=993\">Francisca Ricinski:<\/a><\/strong><\/p>\n<p><strong>Auf silikonweichen Pfoten.<\/strong>EPIK- Sammlung; 115 Seiten, ISBN: 3-937139-12-5; \u20ac[D] 13,80<\/p>\n<p><a href=\"http:\/\/wp.pop-verlag.com\/?p=231\"><em><strong>Als k\u00e4me noch jemand.<\/strong><\/em>\u00a0<\/a>EPIK Sammlung; 168 S. ISBN: 978-3-86356-074-4; \u20ac[D] 15,50<\/p>\n<p><a href=\"https:\/\/wp.pop-verlag.com\/?p=3860\"><strong>In deinen Schuhen voller Sand<\/strong><\/a>. Prosapoeme. Mit Bildern von Mounir Dehane. Lyrikreihe Bd. 124. 89 S. ISBN: 978-3-86356-074-4; \u20ac[D] 16,90<\/p>\n","protected":false},"excerpt":{"rendered":"<p>Francisca Ricinski \u2013 geb. am 18. November 1943 in Tupilati\/Rum\u00e4nien. Studium der Romanistik und Altphilologie an der Universit\u00e4t Bukarest, der Theologie in W\u00fcrzburg. Gymnasiallehrerin f\u00fcr Franz\u00f6sisch und Latein in Konstanza am Schwarzen Meer. 1980 \u2013 \u00dcbersiedlung mit der Tochter nach &hellip; <a class=\"more-link\" href=\"https:\/\/wp.pop-verlag.com\/?page_id=993\">Weiterlesen <span class=\"meta-nav\">&rarr;<\/span><\/a><\/p>\n","protected":false},"author":2,"featured_media":0,"parent":708,"menu_order":0,"comment_status":"closed","ping_status":"closed","template":"","meta":{"footnotes":""},"class_list":["post-993","page","type-page","status-publish","hentry"],"jetpack_sharing_enabled":true,"_links":{"self":[{"href":"https:\/\/wp.pop-verlag.com\/index.php?rest_route=\/wp\/v2\/pages\/993","targetHints":{"allow":["GET"]}}],"collection":[{"href":"https:\/\/wp.pop-verlag.com\/index.php?rest_route=\/wp\/v2\/pages"}],"about":[{"href":"https:\/\/wp.pop-verlag.com\/index.php?rest_route=\/wp\/v2\/types\/page"}],"author":[{"embeddable":true,"href":"https:\/\/wp.pop-verlag.com\/index.php?rest_route=\/wp\/v2\/users\/2"}],"replies":[{"embeddable":true,"href":"https:\/\/wp.pop-verlag.com\/index.php?rest_route=%2Fwp%2Fv2%2Fcomments&post=993"}],"version-history":[{"count":6,"href":"https:\/\/wp.pop-verlag.com\/index.php?rest_route=\/wp\/v2\/pages\/993\/revisions"}],"predecessor-version":[{"id":4251,"href":"https:\/\/wp.pop-verlag.com\/index.php?rest_route=\/wp\/v2\/pages\/993\/revisions\/4251"}],"up":[{"embeddable":true,"href":"https:\/\/wp.pop-verlag.com\/index.php?rest_route=\/wp\/v2\/pages\/708"}],"wp:attachment":[{"href":"https:\/\/wp.pop-verlag.com\/index.php?rest_route=%2Fwp%2Fv2%2Fmedia&parent=993"}],"curies":[{"name":"wp","href":"https:\/\/api.w.org\/{rel}","templated":true}]}}