{"id":979,"date":"2015-12-24T08:28:51","date_gmt":"2015-12-24T08:28:51","guid":{"rendered":"http:\/\/wp.pop-verlag.com\/?page_id=979"},"modified":"2023-03-26T06:13:30","modified_gmt":"2023-03-26T06:13:30","slug":"barbara-zeizinger","status":"publish","type":"page","link":"https:\/\/wp.pop-verlag.com\/?page_id=979","title":{"rendered":"Barbara Zeizinger"},"content":{"rendered":"<p><strong><a href=\"http:\/\/wp.pop-verlag.com\/wp-content\/uploads\/2015\/12\/Zeizinger_Portrait_1.jpg\"><img loading=\"lazy\" decoding=\"async\" class=\"alignleft wp-image-980 size-medium\" src=\"http:\/\/wp.pop-verlag.com\/wp-content\/uploads\/2015\/12\/Zeizinger_Portrait_1-193x300.jpg\" alt=\"Zeizinger_1\" width=\"193\" height=\"300\" srcset=\"https:\/\/wp.pop-verlag.com\/wp-content\/uploads\/2015\/12\/Zeizinger_Portrait_1-193x300.jpg 193w, https:\/\/wp.pop-verlag.com\/wp-content\/uploads\/2015\/12\/Zeizinger_Portrait_1-659x1024.jpg 659w, https:\/\/wp.pop-verlag.com\/wp-content\/uploads\/2015\/12\/Zeizinger_Portrait_1.jpg 872w\" sizes=\"auto, (max-width: 193px) 100vw, 193px\" \/><\/a>Barbara Zeizinger<\/strong>, *1949, studierte Germanistik, Geschichte und Italienisch in Mannheim und Frankfurt. Lebt in Darmstadt. Sie schreibt Lyrik, Prosa und Reiseberichte. Beteiligung an deutsch-polnischen Poesieprojekten. Regelm\u00e4\u00dfige Rezensionen f\u00fcr Fixpoetry, Redaktionsmitglied bei den Zeitschriften Baw\u00fclon und Matrix des Pop-Verlags. Mitarbeit beim j\u00e4hrlichen Internationalen Poesiefestival in Frankfurt am Main. Ihr Roman Am wei\u00dfen Kanal wurde ins Italienische \u00fcbersetzt. In Zusammenarbeit mit dem Darmst\u00e4dter Komponisten Cord Meijering entstanden zwei Libretti, die an der Darmst\u00e4dter Akademie f\u00fcr Tonkunst aufgef\u00fchrt wurden. Mitautorin von Regionalf\u00fchrern des Darmst\u00e4dter Weststadt-Verlags.<br \/>\nMitglied in der Darmst\u00e4dter Textwerkstatt von Kurt Drawert und Martina Weber, der s\u00fcdhessischen Autorengruppe Poseidon, der Europ\u00e4ischen Autorenvereinigung Die Kogge, im Verband deutscher Schriftstellerinnen und Schriftsteller, im Exil-P.E.N. und der Internationalen Gruppe von Lyrikerinnen und Lyriker QuadArt. Mehrfache Stipendiatin des Hessischen Ministeriums f\u00fcr Wissenschaft und Kunst.<\/p>\n<p><span class=\"readonlyText multiple\">Lieferbare Titel von <a href=\"http:\/\/wp.pop-verlag.com\/?page_id=979\"><strong>Barbara Zeizinger<\/strong><\/a>:<\/span><\/p>\n<ul>\n<li>\u201e<a href=\"http:\/\/wp.pop-verlag.com\/?p=155\">Weitwinkel nah<\/a>\u201c. Gedichte. Pop Lyrik. 75 Seiten, ISBN 978-3-86356-057-7, \u20ac[D]12,99<\/li>\n<li>\u00a0\u201e<a href=\"http:\/\/wp.pop-verlag.com\/?p=161\">Am wei\u00dfen Kanal<\/a>\u201c. Roman. Pop Epik. 218 Seiten, \u20ac[D]15,50, ISBN 978-3-86356-094-2<\/li>\n<li><a href=\"http:\/\/wp.pop-verlag.com\/?p=1902\"> \u201eWenn ich geblieben w\u00e4re\u201c<\/a>. Gedichte. Pop Lyrik. 84 Seiten, ISBN: 978-3-86356-179-6, \u20ac[D]14,00<\/li>\n<li><a href=\"https:\/\/wp.pop-verlag.com\/?p=3537\"><strong>Er nannte mich Kl\u00e1rinka<\/strong><\/a>. Roman.Pop Epik. 302 Seiten, ISBN: 978-3-86356-242-7, \u20ac[D]19,90<\/li>\n<li><a href=\"https:\/\/wp.pop-verlag.com\/?p=5739\"><strong>Bevor das Herz schl\u00e4gt<\/strong>.<\/a> Roman.Reihe Epik Bd.120, 280 S., ISBN 978-3-86356-329-5, \u20ac[D] 19,50<\/li>\n<li><a href=\"https:\/\/wp.pop-verlag.com\/?p=6543\"><strong>Schon morgen wird alles gewesen sein.\u00a0<\/strong><\/a>Gedichte. Mit Fotos der Autorin. Reihe Lyrik Bd. 184, 99 S., ISBN 978-3-86356-370-0, \u20ac[D] 19,50<\/li>\n<\/ul>\n<p><span class=\"readonlyText\">\u00a0<\/span><\/p>\n","protected":false},"excerpt":{"rendered":"<p>Barbara Zeizinger, *1949, studierte Germanistik, Geschichte und Italienisch in Mannheim und Frankfurt. Lebt in Darmstadt. Sie schreibt Lyrik, Prosa und Reiseberichte. Beteiligung an deutsch-polnischen Poesieprojekten. Regelm\u00e4\u00dfige Rezensionen f\u00fcr Fixpoetry, Redaktionsmitglied bei den Zeitschriften Baw\u00fclon und Matrix des Pop-Verlags. Mitarbeit beim &hellip; <a class=\"more-link\" href=\"https:\/\/wp.pop-verlag.com\/?page_id=979\">Weiterlesen <span class=\"meta-nav\">&rarr;<\/span><\/a><\/p>\n","protected":false},"author":2,"featured_media":0,"parent":727,"menu_order":0,"comment_status":"closed","ping_status":"closed","template":"","meta":{"footnotes":""},"class_list":["post-979","page","type-page","status-publish","hentry"],"jetpack_sharing_enabled":true,"_links":{"self":[{"href":"https:\/\/wp.pop-verlag.com\/index.php?rest_route=\/wp\/v2\/pages\/979","targetHints":{"allow":["GET"]}}],"collection":[{"href":"https:\/\/wp.pop-verlag.com\/index.php?rest_route=\/wp\/v2\/pages"}],"about":[{"href":"https:\/\/wp.pop-verlag.com\/index.php?rest_route=\/wp\/v2\/types\/page"}],"author":[{"embeddable":true,"href":"https:\/\/wp.pop-verlag.com\/index.php?rest_route=\/wp\/v2\/users\/2"}],"replies":[{"embeddable":true,"href":"https:\/\/wp.pop-verlag.com\/index.php?rest_route=%2Fwp%2Fv2%2Fcomments&post=979"}],"version-history":[{"count":5,"href":"https:\/\/wp.pop-verlag.com\/index.php?rest_route=\/wp\/v2\/pages\/979\/revisions"}],"predecessor-version":[{"id":6558,"href":"https:\/\/wp.pop-verlag.com\/index.php?rest_route=\/wp\/v2\/pages\/979\/revisions\/6558"}],"up":[{"embeddable":true,"href":"https:\/\/wp.pop-verlag.com\/index.php?rest_route=\/wp\/v2\/pages\/727"}],"wp:attachment":[{"href":"https:\/\/wp.pop-verlag.com\/index.php?rest_route=%2Fwp%2Fv2%2Fmedia&parent=979"}],"curies":[{"name":"wp","href":"https:\/\/api.w.org\/{rel}","templated":true}]}}