{"id":970,"date":"2015-12-21T06:08:28","date_gmt":"2015-12-21T06:08:28","guid":{"rendered":"http:\/\/wp.pop-verlag.com\/?page_id=970"},"modified":"2015-12-21T06:08:28","modified_gmt":"2015-12-21T06:08:28","slug":"renate-windisch-middendorf","status":"publish","type":"page","link":"https:\/\/wp.pop-verlag.com\/?page_id=970","title":{"rendered":"RENATE WINDISCH-MIDDENDORF"},"content":{"rendered":"<p><strong>RENATE WINDISCH-MIDDENDORF<\/strong>, geboren in Nordrhein-Westfalen. Studierte Germanistik, Geschichte und Kunstgeschichte in K\u00f6ln, Wien und T\u00fcbingen, war Studienr\u00e4tin in Freiburg i.Br. und Berlin, DAAD-Lektorin und Dozentin in Rum\u00e4nien und an Goethe-Instituten und Hochschulen in Deutschland, 2007\/2008 an der Babe\u015f-Bolyai-Universit\u00e4t Cluj-Napoca \/ Klausenburg, Rum\u00e4nien. Verschiedene Beitr\u00e4ge zur deutschen Literatur in und aus Rum\u00e4nien, zuletzt \u201eDer Mann ohne Vaterland, Hans Bergel &#8211; Leben und Werk\u201c, Berlin: Frank &amp; Timme (Verlag f\u00fcr wissenschaftliche Literatur; Forum Rum\u00e4nien, Bd. 5, Hg. Thede Kahl \/ Larissa Schippel), 2010,\u00a0 (unter gleichem Titel in leicht ver\u00e4nderter Fassung in: Rum\u00e4nische Akademie, Zentrum f\u00fcr Siebenb\u00fcrgische Studien, Klausenburg, 2009; \u201eManfred Winkler-Hans Bergel: Wir setzen das Gespr\u00e4ch fort&#8230; Briefwechsel eines Juden aus der Bukowina mit einem Deutschen aus Siebenb\u00fcrgen\u201c, herausgegeben und mit einem Nachwort von Renate Windisch-Middendorf, Berlin, Frank &amp; Timme (Verlag f\u00fcr wissenschaftliche Literatur), 2012.<\/p>\n","protected":false},"excerpt":{"rendered":"<p>RENATE WINDISCH-MIDDENDORF, geboren in Nordrhein-Westfalen. Studierte Germanistik, Geschichte und Kunstgeschichte in K\u00f6ln, Wien und T\u00fcbingen, war Studienr\u00e4tin in Freiburg i.Br. und Berlin, DAAD-Lektorin und Dozentin in Rum\u00e4nien und an Goethe-Instituten und Hochschulen in Deutschland, 2007\/2008 an der Babe\u015f-Bolyai-Universit\u00e4t Cluj-Napoca \/ &hellip; <a class=\"more-link\" href=\"https:\/\/wp.pop-verlag.com\/?page_id=970\">Weiterlesen <span class=\"meta-nav\">&rarr;<\/span><\/a><\/p>\n","protected":false},"author":2,"featured_media":0,"parent":719,"menu_order":2,"comment_status":"closed","ping_status":"closed","template":"","meta":{"footnotes":""},"class_list":["post-970","page","type-page","status-publish","hentry"],"jetpack_sharing_enabled":true,"_links":{"self":[{"href":"https:\/\/wp.pop-verlag.com\/index.php?rest_route=\/wp\/v2\/pages\/970","targetHints":{"allow":["GET"]}}],"collection":[{"href":"https:\/\/wp.pop-verlag.com\/index.php?rest_route=\/wp\/v2\/pages"}],"about":[{"href":"https:\/\/wp.pop-verlag.com\/index.php?rest_route=\/wp\/v2\/types\/page"}],"author":[{"embeddable":true,"href":"https:\/\/wp.pop-verlag.com\/index.php?rest_route=\/wp\/v2\/users\/2"}],"replies":[{"embeddable":true,"href":"https:\/\/wp.pop-verlag.com\/index.php?rest_route=%2Fwp%2Fv2%2Fcomments&post=970"}],"version-history":[{"count":1,"href":"https:\/\/wp.pop-verlag.com\/index.php?rest_route=\/wp\/v2\/pages\/970\/revisions"}],"predecessor-version":[{"id":971,"href":"https:\/\/wp.pop-verlag.com\/index.php?rest_route=\/wp\/v2\/pages\/970\/revisions\/971"}],"up":[{"embeddable":true,"href":"https:\/\/wp.pop-verlag.com\/index.php?rest_route=\/wp\/v2\/pages\/719"}],"wp:attachment":[{"href":"https:\/\/wp.pop-verlag.com\/index.php?rest_route=%2Fwp%2Fv2%2Fmedia&parent=970"}],"curies":[{"name":"wp","href":"https:\/\/api.w.org\/{rel}","templated":true}]}}