{"id":958,"date":"2015-12-21T06:04:27","date_gmt":"2015-12-21T06:04:27","guid":{"rendered":"http:\/\/wp.pop-verlag.com\/?page_id=958"},"modified":"2022-09-10T07:05:51","modified_gmt":"2022-09-10T07:05:51","slug":"franz-hodjak","status":"publish","type":"page","link":"https:\/\/wp.pop-verlag.com\/?page_id=958","title":{"rendered":"Franz Hodjak"},"content":{"rendered":"<p><strong><img loading=\"lazy\" decoding=\"async\" class=\"alignleft size-medium wp-image-6363\" src=\"https:\/\/wp.pop-verlag.com\/wp-content\/uploads\/2022\/09\/Franz-Hodjak-300x300.jpg\" alt=\"\" width=\"300\" height=\"300\" srcset=\"https:\/\/wp.pop-verlag.com\/wp-content\/uploads\/2022\/09\/Franz-Hodjak-300x300.jpg 300w, https:\/\/wp.pop-verlag.com\/wp-content\/uploads\/2022\/09\/Franz-Hodjak-150x150.jpg 150w, https:\/\/wp.pop-verlag.com\/wp-content\/uploads\/2022\/09\/Franz-Hodjak.jpg 484w\" sizes=\"auto, (max-width: 300px) 100vw, 300px\" \/><\/strong><a href=\"https:\/\/wp.pop-verlag.com\/?page_id=958\">FRANZ HODJAK<\/a><br \/>\nGeb. am 27. September 1944 in Hermannstadt\/Sibiu, Studium der Germanistik und Rum\u00e4nistik (1965\u20131970), Lektor der deutschsprachigen Abteilung des Dacia Verlags in Klausenburg\/Cluj, Ausreise 1992 in die Bundesrepublik Deutschland, freischaffender Autor in Usingen.<br \/>\nVer\u00f6ffentlichungen: Brachland. Gedichte. Klausenburg: Dacia 1970, Spielr\u00e4ume. Gedichte &amp; Einf\u00e4lle. Bukarest: Kriterion 1974, Offene Briefe. Gedichte. Bukarest: Kriterion 1976, Das Ma\u00df der K\u00f6pfe. Halbphantastische Texte. Bukarest: Kriterion 1978, Die humoristischen Katzen. Bukarest: Ion Creang\u0103 1979, Mit Polly Knall spricht man \u00fcber selbstverst\u00e4ndliche Dinge, als w\u00e4ren sie selbstverst\u00e4ndlich. Gedichte. Bukarest: Kriterion 1979, Flieder im Ohr. Gedichte. Bukarest: Kriterion 1983, An einem Ecktisch. Prosa. Bukarest: Kriterion 1984, Der Hund Joho. Bukarest: Ion Creang\u01ce 1985, Augenlicht. Gedichte. Bukarest: Kriterion 1986, Fridolin schl\u00fcpft aus dem Ei. Gedichte f\u00fcr Kinder. Bukarest: Ion Creang\u01ce 1986, Friedliche Runde. Prosa. Bukarest: Kriterion 1987, Luftver\u00e4nderung. Gedichte. Bukarest: Kriterion 1988, Sehnsucht nach Feigenschnaps. Ausgew\u00e4hlte Gedichte. Berlin\/Weimar: Aufbau 1988, Siebenb\u00fcrgische Sprech\u00fcbung. Gedichte. Frankfurt am Main: Suhrkamp 1990, Sonderangebot. Bukarest: Kriterion 1992, Franz, Geschichtensammler. Ein Monodrama. Frankfurt am Main: Suhrkamp 1992, Landverlust. Gedichte. Frankfurt am Main: Suhrkamp 1993, Zahltag. Erz\u00e4hlungen. Frankfurt am Main: Suhrkamp 1991, Grenzsteine. Roman. Frankfurt am Main: Suhrkamp 1995, Ankunft Konjunktiv. Gedichte. Frankfurt am Main: Suhrkamp 1997, Der S\u00e4ngerstreit. Roman. Frankfurt am Main: Suhrkamp 2000, Ein Koffer voll Sand. Roman. Frankfurt am Main: Suhrkamp 2003, Was w\u00e4re schon ein Ungl\u00fcck ohne Worte. Aphorismen, Notate. Leipzig: Edition Erata 2006, Die Faszination eines Tages, den es nicht gibt. Gedichte. Weilerswist: Liebe 2008, Der, der wir sein m\u00f6chten ist schon vergeben. Aphorismen, Notate &amp; ein Essay. Fernwald: Litblockin 2013, Der Gedanke, mich zu entf\u00fchren, bot sich an. Gedichte. Dresden: Typostudio Schumacher-Gebler 2013, Der, an den wir uns erinnern, waren wir nie. Aphorismen. Dresden: Typostudio Schumacher-Gebler 2017.<br \/>\nPreis des rum\u00e4nischen Schriftstellerverbandes (1976, 1984), Stadtschreiberstipendium der Stadt Mannheim (1982), den Georg-Maurer-Preis der Stadt Leipzig (1990), den Preis des Landes K\u00e4rnten beim Ingeborg-Bachmann-Wettbewerb in Klagenfurt (1990), Literatur-F\u00f6rderpreis des Kulturkreises im Bundesverband der Deutschen Industrie (1991), Gryphius Ehrenpreis (1992), Frankfurter Poetikvorlesung 1993 gemeinsam mit Klaus Hensel, Franz Hodjak und Werner S\u00f6llner, Nikolaus-Lenau-Preis der K\u00fcnstlergilde Esslingen (1996), Hesse-Stipendium der Stadt Calw (1998), Stadtschreiber-Stipendium der Stadt Dresden (2002), Kester-Haeusler-Ehrengabe der Deutschen Schillerstiftung (2005), Siebenb\u00fcrgisch-S\u00e4chsischer Kulturpreis (2013).<\/p>\n","protected":false},"excerpt":{"rendered":"<p>FRANZ HODJAK Geb. am 27. September 1944 in Hermannstadt\/Sibiu, Studium der Germanistik und Rum\u00e4nistik (1965\u20131970), Lektor der deutschsprachigen Abteilung des Dacia Verlags in Klausenburg\/Cluj, Ausreise 1992 in die Bundesrepublik Deutschland, freischaffender Autor in Usingen. Ver\u00f6ffentlichungen: Brachland. Gedichte. Klausenburg: Dacia 1970, &hellip; <a class=\"more-link\" href=\"https:\/\/wp.pop-verlag.com\/?page_id=958\">Weiterlesen <span class=\"meta-nav\">&rarr;<\/span><\/a><\/p>\n","protected":false},"author":2,"featured_media":0,"parent":674,"menu_order":6,"comment_status":"closed","ping_status":"closed","template":"","meta":{"footnotes":""},"class_list":["post-958","page","type-page","status-publish","hentry"],"jetpack_sharing_enabled":true,"_links":{"self":[{"href":"https:\/\/wp.pop-verlag.com\/index.php?rest_route=\/wp\/v2\/pages\/958","targetHints":{"allow":["GET"]}}],"collection":[{"href":"https:\/\/wp.pop-verlag.com\/index.php?rest_route=\/wp\/v2\/pages"}],"about":[{"href":"https:\/\/wp.pop-verlag.com\/index.php?rest_route=\/wp\/v2\/types\/page"}],"author":[{"embeddable":true,"href":"https:\/\/wp.pop-verlag.com\/index.php?rest_route=\/wp\/v2\/users\/2"}],"replies":[{"embeddable":true,"href":"https:\/\/wp.pop-verlag.com\/index.php?rest_route=%2Fwp%2Fv2%2Fcomments&post=958"}],"version-history":[{"count":3,"href":"https:\/\/wp.pop-verlag.com\/index.php?rest_route=\/wp\/v2\/pages\/958\/revisions"}],"predecessor-version":[{"id":6375,"href":"https:\/\/wp.pop-verlag.com\/index.php?rest_route=\/wp\/v2\/pages\/958\/revisions\/6375"}],"up":[{"embeddable":true,"href":"https:\/\/wp.pop-verlag.com\/index.php?rest_route=\/wp\/v2\/pages\/674"}],"wp:attachment":[{"href":"https:\/\/wp.pop-verlag.com\/index.php?rest_route=%2Fwp%2Fv2%2Fmedia&parent=958"}],"curies":[{"name":"wp","href":"https:\/\/api.w.org\/{rel}","templated":true}]}}