{"id":891,"date":"2015-12-19T09:14:53","date_gmt":"2015-12-19T09:14:53","guid":{"rendered":"http:\/\/wp.pop-verlag.com\/?page_id=891"},"modified":"2015-12-19T09:15:44","modified_gmt":"2015-12-19T09:15:44","slug":"katja-kutsch","status":"publish","type":"page","link":"https:\/\/wp.pop-verlag.com\/?page_id=891","title":{"rendered":"Katja Kutsch"},"content":{"rendered":"<p><a href=\"http:\/\/wp.pop-verlag.com\/wp-content\/uploads\/2015\/12\/Katja_1265-2.png\"><img loading=\"lazy\" decoding=\"async\" class=\"alignleft wp-image-892 size-medium\" src=\"http:\/\/wp.pop-verlag.com\/wp-content\/uploads\/2015\/12\/Katja_1265-2-242x300.png\" alt=\"Katja_1265 (2)\" width=\"242\" height=\"300\" srcset=\"https:\/\/wp.pop-verlag.com\/wp-content\/uploads\/2015\/12\/Katja_1265-2-242x300.png 242w, https:\/\/wp.pop-verlag.com\/wp-content\/uploads\/2015\/12\/Katja_1265-2-825x1024.png 825w, https:\/\/wp.pop-verlag.com\/wp-content\/uploads\/2015\/12\/Katja_1265-2.png 1529w\" sizes=\"auto, (max-width: 242px) 100vw, 242px\" \/><\/a><\/p>\n<p><span class=\"readonlyText multiple\">Katja Kutsch, *1976 in Aachen, lebt in H\u00fcrth. Zahlreiche Beitr\u00e4ge in Anthologien und Zeitschriften, Buchver\u00f6ffentlichungen \u201eSch\u00fctzenfest\u201c (Erz\u00e4hlungen, 2007), \u201eSong f\u00fcr Song\u201c (Roman, E-Book 2014). Zwei Literaturpreise f\u00fcr Erz\u00e4hlungen.<\/span><\/p>\n<p>Lieferbare Titel von <span class=\"readonlyText multiple\">Katja Kutsch<\/span><\/p>\n<p><a href=\"http:\/\/wp.pop-verlag.com\/?p=868\">Fr\u00e4ulein Pippa fliegt davon<\/a>. Roman. 268 Seiten, 16,50 \u20ac. ISBN 978-3-86356-125-3<\/p>\n","protected":false},"excerpt":{"rendered":"<p>Katja Kutsch, *1976 in Aachen, lebt in H\u00fcrth. Zahlreiche Beitr\u00e4ge in Anthologien und Zeitschriften, Buchver\u00f6ffentlichungen \u201eSch\u00fctzenfest\u201c (Erz\u00e4hlungen, 2007), \u201eSong f\u00fcr Song\u201c (Roman, E-Book 2014). Zwei Literaturpreise f\u00fcr Erz\u00e4hlungen. Lieferbare Titel von Katja Kutsch Fr\u00e4ulein Pippa fliegt davon. Roman. 268 Seiten, &hellip; <a class=\"more-link\" href=\"https:\/\/wp.pop-verlag.com\/?page_id=891\">Weiterlesen <span class=\"meta-nav\">&rarr;<\/span><\/a><\/p>\n","protected":false},"author":2,"featured_media":0,"parent":695,"menu_order":2,"comment_status":"closed","ping_status":"closed","template":"","meta":{"footnotes":""},"class_list":["post-891","page","type-page","status-publish","hentry"],"jetpack_sharing_enabled":true,"_links":{"self":[{"href":"https:\/\/wp.pop-verlag.com\/index.php?rest_route=\/wp\/v2\/pages\/891","targetHints":{"allow":["GET"]}}],"collection":[{"href":"https:\/\/wp.pop-verlag.com\/index.php?rest_route=\/wp\/v2\/pages"}],"about":[{"href":"https:\/\/wp.pop-verlag.com\/index.php?rest_route=\/wp\/v2\/types\/page"}],"author":[{"embeddable":true,"href":"https:\/\/wp.pop-verlag.com\/index.php?rest_route=\/wp\/v2\/users\/2"}],"replies":[{"embeddable":true,"href":"https:\/\/wp.pop-verlag.com\/index.php?rest_route=%2Fwp%2Fv2%2Fcomments&post=891"}],"version-history":[{"count":2,"href":"https:\/\/wp.pop-verlag.com\/index.php?rest_route=\/wp\/v2\/pages\/891\/revisions"}],"predecessor-version":[{"id":894,"href":"https:\/\/wp.pop-verlag.com\/index.php?rest_route=\/wp\/v2\/pages\/891\/revisions\/894"}],"up":[{"embeddable":true,"href":"https:\/\/wp.pop-verlag.com\/index.php?rest_route=\/wp\/v2\/pages\/695"}],"wp:attachment":[{"href":"https:\/\/wp.pop-verlag.com\/index.php?rest_route=%2Fwp%2Fv2%2Fmedia&parent=891"}],"curies":[{"name":"wp","href":"https:\/\/api.w.org\/{rel}","templated":true}]}}