{"id":8,"date":"2015-04-26T10:01:27","date_gmt":"2015-04-26T10:01:27","guid":{"rendered":"http:\/\/wp.pop-verlag.com\/?page_id=8"},"modified":"2016-04-25T14:35:46","modified_gmt":"2016-04-25T14:35:46","slug":"verlag","status":"publish","type":"page","link":"https:\/\/wp.pop-verlag.com\/?page_id=8","title":{"rendered":"Verlag"},"content":{"rendered":"<p>Der Pop Verlag wurde 2003 von Traian Pop gegr\u00fcndet. Er ver\u00f6ffentlicht deutsche und fremdsprachige Literatur.<\/p>\n<div class=\"csc-header csc-header-n1\">\n<p class=\"csc-firstHeader\"><strong>Hinweise zur Manuskripteinsendung<\/strong><\/p>\n<\/div>\n<p class=\"bodytext\">\u00a0Vielen Dank f\u00fcr Ihr Interesse an einer Publikation Ihres Manuskriptes im POP-Verlag.<\/p>\n<p class=\"bodytext\">Wenn Sie uns ein Manuskript zur unverbindlichen Pr\u00fcfung anbieten m\u00f6chten, so beachten Sie bitte Folgendes:<\/p>\n<p class=\"bodytext\">Unverlangte Manuskripte in handschriftlicher oder elektronischer Form (Datentr\u00e4ger oder E-Mail) k\u00f6nnen wir leider nicht bearbeiten. Wir haften nicht f\u00fcr unverlangte Einsendungen und eine Remissionspflicht besteht generell nicht, schicken Sie uns daher bitte keine Originale.\u00a0\u00dcbersenden Sie postalisch zun\u00e4chst nur ein Expos\u00e9 und die ersten 40 Seiten als Leseprobe \u2013 das gesamte Manuskript bitte erst nach Aufforderung.\u00a0Unverlangte Manuskriptangebote k\u00f6nnen wir aus Zeit- und Kostengr\u00fcnden leider weder absagen noch zur\u00fcckschicken. Bitte sehen Sie auch von Nachfragen zum Stand der Pr\u00fcfung ab. Bei Interesse melden wir uns bei Ihnen.<\/p>\n<p class=\"bodytext\">Postanschrift f\u00fcr Ihr Manuskriptangebot:<br \/>\nPOP-Verlag Ludwigsburg<br \/>\nLektorat<br \/>\nPostfach 0190<br \/>\n71601 Ludwigsburg<\/p>\n","protected":false},"excerpt":{"rendered":"<p>Der Pop Verlag wurde 2003 von Traian Pop gegr\u00fcndet. Er ver\u00f6ffentlicht deutsche und fremdsprachige Literatur. Hinweise zur Manuskripteinsendung \u00a0Vielen Dank f\u00fcr Ihr Interesse an einer Publikation Ihres Manuskriptes im POP-Verlag. Wenn Sie uns ein Manuskript zur unverbindlichen Pr\u00fcfung anbieten m\u00f6chten, &hellip; <a class=\"more-link\" href=\"https:\/\/wp.pop-verlag.com\/?page_id=8\">Weiterlesen <span class=\"meta-nav\">&rarr;<\/span><\/a><\/p>\n","protected":false},"author":1,"featured_media":0,"parent":0,"menu_order":7,"comment_status":"closed","ping_status":"closed","template":"","meta":{"footnotes":""},"class_list":["post-8","page","type-page","status-publish","hentry"],"jetpack_sharing_enabled":true,"_links":{"self":[{"href":"https:\/\/wp.pop-verlag.com\/index.php?rest_route=\/wp\/v2\/pages\/8","targetHints":{"allow":["GET"]}}],"collection":[{"href":"https:\/\/wp.pop-verlag.com\/index.php?rest_route=\/wp\/v2\/pages"}],"about":[{"href":"https:\/\/wp.pop-verlag.com\/index.php?rest_route=\/wp\/v2\/types\/page"}],"author":[{"embeddable":true,"href":"https:\/\/wp.pop-verlag.com\/index.php?rest_route=\/wp\/v2\/users\/1"}],"replies":[{"embeddable":true,"href":"https:\/\/wp.pop-verlag.com\/index.php?rest_route=%2Fwp%2Fv2%2Fcomments&post=8"}],"version-history":[{"count":8,"href":"https:\/\/wp.pop-verlag.com\/index.php?rest_route=\/wp\/v2\/pages\/8\/revisions"}],"predecessor-version":[{"id":1417,"href":"https:\/\/wp.pop-verlag.com\/index.php?rest_route=\/wp\/v2\/pages\/8\/revisions\/1417"}],"wp:attachment":[{"href":"https:\/\/wp.pop-verlag.com\/index.php?rest_route=%2Fwp%2Fv2%2Fmedia&parent=8"}],"curies":[{"name":"wp","href":"https:\/\/api.w.org\/{rel}","templated":true}]}}