{"id":7468,"date":"2026-03-07T14:11:03","date_gmt":"2026-03-07T14:11:03","guid":{"rendered":"https:\/\/wp.pop-verlag.com\/?page_id=7468"},"modified":"2026-03-07T14:11:03","modified_gmt":"2026-03-07T14:11:03","slug":"lia-wittek","status":"publish","type":"page","link":"https:\/\/wp.pop-verlag.com\/?page_id=7468","title":{"rendered":"Lia Wittek"},"content":{"rendered":"<p>Lia Wittek wurde in Tiflis geboren und lebt in Berlin. Sie studierte Germanistik und Kunstwissenschaft in Tiflis und in Berlin. Sowie besuchte Seminare f\u00fcr \u00dcbersetzer am Maurice-Thorez-Institut in Moskau. Sie promovierte im Fach Erziehungswissenschaft. Zahlreiche \u00dcbersetzungen georgischer Werke ins Deutsche, u.a.: Goderdsi Tschocheli: Wolf, Naira Gelaschwili: Ich bin sie, Naira Gelaschwili: Ich fahre nach Madrid, Abo Iaschaghaschwili: Royal Mary, Aka Morchiladse: Der Pfau, Autorengruppe GIZ: Deutsch-Georgischer Gr\u00fcner Dialog, Kato Dshawachischwili. Gedichte, Shorena Lebanidse: Das bin ich \u2013 Pirosmani, Ramaz Gigauri: Spatzenfutter, Niko Lordkipanidse. Erz\u00e4hlungen, Nodar Dumbadse: Alle Erz\u00e4hlungen, Wolfgang Borchert: Erz\u00e4hlungen, Tamas Gomelauri: Sonne erscheine!, Max Frisch: Tageb\u00fccher, Nodar Macharashvili: Im Angesicht meines Schicksals, Nodar Macharashvili: Das Gastmahl in Sololaki, Nodar Macharashvili: Quasimodos Stadt und Levan Beridze: Was auch immer du sagst.<\/p>\n","protected":false},"excerpt":{"rendered":"<p>Lia Wittek wurde in Tiflis geboren und lebt in Berlin. Sie studierte Germanistik und Kunstwissenschaft in Tiflis und in Berlin. Sowie besuchte Seminare f\u00fcr \u00dcbersetzer am Maurice-Thorez-Institut in Moskau. Sie promovierte im Fach Erziehungswissenschaft. Zahlreiche \u00dcbersetzungen georgischer Werke ins Deutsche, &hellip; <a class=\"more-link\" href=\"https:\/\/wp.pop-verlag.com\/?page_id=7468\">Weiterlesen <span class=\"meta-nav\">&rarr;<\/span><\/a><\/p>\n","protected":false},"author":2,"featured_media":0,"parent":719,"menu_order":14,"comment_status":"closed","ping_status":"closed","template":"","meta":{"footnotes":""},"class_list":["post-7468","page","type-page","status-publish","hentry"],"jetpack_sharing_enabled":true,"_links":{"self":[{"href":"https:\/\/wp.pop-verlag.com\/index.php?rest_route=\/wp\/v2\/pages\/7468","targetHints":{"allow":["GET"]}}],"collection":[{"href":"https:\/\/wp.pop-verlag.com\/index.php?rest_route=\/wp\/v2\/pages"}],"about":[{"href":"https:\/\/wp.pop-verlag.com\/index.php?rest_route=\/wp\/v2\/types\/page"}],"author":[{"embeddable":true,"href":"https:\/\/wp.pop-verlag.com\/index.php?rest_route=\/wp\/v2\/users\/2"}],"replies":[{"embeddable":true,"href":"https:\/\/wp.pop-verlag.com\/index.php?rest_route=%2Fwp%2Fv2%2Fcomments&post=7468"}],"version-history":[{"count":1,"href":"https:\/\/wp.pop-verlag.com\/index.php?rest_route=\/wp\/v2\/pages\/7468\/revisions"}],"predecessor-version":[{"id":7469,"href":"https:\/\/wp.pop-verlag.com\/index.php?rest_route=\/wp\/v2\/pages\/7468\/revisions\/7469"}],"up":[{"embeddable":true,"href":"https:\/\/wp.pop-verlag.com\/index.php?rest_route=\/wp\/v2\/pages\/719"}],"wp:attachment":[{"href":"https:\/\/wp.pop-verlag.com\/index.php?rest_route=%2Fwp%2Fv2%2Fmedia&parent=7468"}],"curies":[{"name":"wp","href":"https:\/\/api.w.org\/{rel}","templated":true}]}}