{"id":7457,"date":"2026-03-07T05:57:04","date_gmt":"2026-03-07T05:57:04","guid":{"rendered":"https:\/\/wp.pop-verlag.com\/?page_id=7457"},"modified":"2026-03-26T05:23:24","modified_gmt":"2026-03-26T05:23:24","slug":"alain-jadot-2","status":"publish","type":"page","link":"https:\/\/wp.pop-verlag.com\/?page_id=7457","title":{"rendered":"Alain Jadot"},"content":{"rendered":"<p>Alain Jadot, geb. 1947 in Paris, ist ein franz\u00f6sischer \u00dcbersetzer, S\u00e4nger und Verleger, der seit 1967 in Berlin lebt und sich selbst als \u201eHypersetzer\u201c bezeichnet. Alain Jadot ist eine Br\u00fccke zwischen der deutschen und der franz\u00f6sischen Literaturszene, bekannt f\u00fcr seine Interpretation und \u00dcbersetzung deutscher Lyrik ins Franz\u00f6sische. U.a. \u00fcbersetzte er in Zusammenarbeit mit Christian Prigent die Werke von Ernst Jandl, Oskar Pastior und Reinhard Priessnitz ins Franz\u00f6sische.<\/p>\n<p>Lieferbare Titel von <a href=\"https:\/\/wp.pop-verlag.com\/?page_id=7387\">Alain Jadot:<\/a><\/p>\n<ul>\n<li><a href=\"https:\/\/wp.pop-verlag.com\/?page_id=7389\">Fran\u00e7ois Dominique<\/a>, <a href=\"https:\/\/wp.pop-verlag.com\/?p=7426\">Zarte Hexen<\/a>. Erz\u00e4hlung, 2026. Aus dem Franz\u00f6sischen \u00fcbertragen von <a href=\"https:\/\/wp.pop-verlag.com\/?page_id=7387\">Alain Jadot<\/a>. Reihe Epik, Bd. 157, ISBN 978-3-86356-431-5, 114S., \u20ac[D]18,50<\/li>\n<\/ul>\n","protected":false},"excerpt":{"rendered":"<p>Alain Jadot, geb. 1947 in Paris, ist ein franz\u00f6sischer \u00dcbersetzer, S\u00e4nger und Verleger, der seit 1967 in Berlin lebt und sich selbst als \u201eHypersetzer\u201c bezeichnet. Alain Jadot ist eine Br\u00fccke zwischen der deutschen und der franz\u00f6sischen Literaturszene, bekannt f\u00fcr seine &hellip; <a class=\"more-link\" href=\"https:\/\/wp.pop-verlag.com\/?page_id=7457\">Weiterlesen <span class=\"meta-nav\">&rarr;<\/span><\/a><\/p>\n","protected":false},"author":2,"featured_media":0,"parent":693,"menu_order":1,"comment_status":"closed","ping_status":"closed","template":"","meta":{"footnotes":""},"class_list":["post-7457","page","type-page","status-publish","hentry"],"jetpack_sharing_enabled":true,"_links":{"self":[{"href":"https:\/\/wp.pop-verlag.com\/index.php?rest_route=\/wp\/v2\/pages\/7457","targetHints":{"allow":["GET"]}}],"collection":[{"href":"https:\/\/wp.pop-verlag.com\/index.php?rest_route=\/wp\/v2\/pages"}],"about":[{"href":"https:\/\/wp.pop-verlag.com\/index.php?rest_route=\/wp\/v2\/types\/page"}],"author":[{"embeddable":true,"href":"https:\/\/wp.pop-verlag.com\/index.php?rest_route=\/wp\/v2\/users\/2"}],"replies":[{"embeddable":true,"href":"https:\/\/wp.pop-verlag.com\/index.php?rest_route=%2Fwp%2Fv2%2Fcomments&post=7457"}],"version-history":[{"count":1,"href":"https:\/\/wp.pop-verlag.com\/index.php?rest_route=\/wp\/v2\/pages\/7457\/revisions"}],"predecessor-version":[{"id":7460,"href":"https:\/\/wp.pop-verlag.com\/index.php?rest_route=\/wp\/v2\/pages\/7457\/revisions\/7460"}],"up":[{"embeddable":true,"href":"https:\/\/wp.pop-verlag.com\/index.php?rest_route=\/wp\/v2\/pages\/693"}],"wp:attachment":[{"href":"https:\/\/wp.pop-verlag.com\/index.php?rest_route=%2Fwp%2Fv2%2Fmedia&parent=7457"}],"curies":[{"name":"wp","href":"https:\/\/api.w.org\/{rel}","templated":true}]}}