{"id":7442,"date":"2026-03-07T04:00:31","date_gmt":"2026-03-07T04:00:31","guid":{"rendered":"https:\/\/wp.pop-verlag.com\/?page_id=7442"},"modified":"2026-03-10T14:26:08","modified_gmt":"2026-03-10T14:26:08","slug":"balazs-mesterhazy","status":"publish","type":"page","link":"https:\/\/wp.pop-verlag.com\/?page_id=7442","title":{"rendered":"Bal\u00e1zs Mesterh\u00e1zy"},"content":{"rendered":"<p><img loading=\"lazy\" decoding=\"async\" class=\"alignleft size-medium wp-image-7443\" src=\"https:\/\/wp.pop-verlag.com\/wp-content\/uploads\/2026\/03\/photo_mesterhazy_ANNA-TIHANYI-200x300.jpg\" alt=\"\" width=\"200\" height=\"300\" srcset=\"https:\/\/wp.pop-verlag.com\/wp-content\/uploads\/2026\/03\/photo_mesterhazy_ANNA-TIHANYI-200x300.jpg 200w, https:\/\/wp.pop-verlag.com\/wp-content\/uploads\/2026\/03\/photo_mesterhazy_ANNA-TIHANYI-683x1024.jpg 683w, https:\/\/wp.pop-verlag.com\/wp-content\/uploads\/2026\/03\/photo_mesterhazy_ANNA-TIHANYI-768x1152.jpg 768w, https:\/\/wp.pop-verlag.com\/wp-content\/uploads\/2026\/03\/photo_mesterhazy_ANNA-TIHANYI-1024x1536.jpg 1024w, https:\/\/wp.pop-verlag.com\/wp-content\/uploads\/2026\/03\/photo_mesterhazy_ANNA-TIHANYI.jpg 1365w\" sizes=\"auto, (max-width: 200px) 100vw, 200px\" \/> <a href=\"https:\/\/wp.pop-verlag.com\/?page_id=7442\">Bal\u00e1zs Mesterh\u00e1zy<\/a>, 1974, ungarischer Dichter, Schriftsteller und Literaturtheoretiker, lebt in Budapest. Er studierte Rechtswissenschaft und Literaturwissenschaft an der E\u00f6tv\u00f6s-Lor\u00e1nd-Universit\u00e4t in Budapest, ist Preistr\u00e4ger des Baumgarten-Preises (2026), eines der bedeutendsten ungarischen Literaturpreise, sowie Mitglied der ungarischen Gesellschaft der Schriftsteller (Sz\u00e9p\u00edr\u00f3k T\u00e1rsas\u00e1ga), In f\u00fchrenden ungarischen Literaturverlagen ver\u00f6ffentlichte er f\u00fcnf Gedichtb\u00e4nde, einen Novellenroman, einen Versroman sowie einen literaturwissenschaftlichen Essayband. Sein nun auch auf Deutsch erscheinendes Buch Jinker wurde von der ungarischen Kritik mit der Prosa von Bohumil Hrabal, P\u00e9ter Esterh\u00e1zy und S\u00e1ndor Tar in Verbindung gebracht \u2013 bei gleichzeitiger Hervorhebung seiner unverwechselbaren, eigenst\u00e4ndigen sprachlichen Welt.<\/p>\n<p>&nbsp;<\/p>\n<p>Lieferbare Titel von <a href=\"https:\/\/wp.pop-verlag.com\/?page_id=7442\">Bal\u00e1zs Mesterh\u00e1zy<\/a>:<\/p>\n<p>&#8211;\u00a0 <a href=\"https:\/\/wp.pop-verlag.com\/?p=7428\"><em>Jinker<\/em><\/a>. Novellenroman. 2026, Reihe Epik, Bd. 161, ISBN 978-3-86356&#8211;423-0; 208S., \u20ac[D]23,00<\/p>\n<p>&nbsp;<\/p>\n<p>&nbsp;<\/p>\n","protected":false},"excerpt":{"rendered":"<p>Bal\u00e1zs Mesterh\u00e1zy, 1974, ungarischer Dichter, Schriftsteller und Literaturtheoretiker, lebt in Budapest. Er studierte Rechtswissenschaft und Literaturwissenschaft an der E\u00f6tv\u00f6s-Lor\u00e1nd-Universit\u00e4t in Budapest, ist Preistr\u00e4ger des Baumgarten-Preises (2026), eines der bedeutendsten ungarischen Literaturpreise, sowie Mitglied der ungarischen Gesellschaft der Schriftsteller (Sz\u00e9p\u00edr\u00f3k T\u00e1rsas\u00e1ga), &hellip; <a class=\"more-link\" href=\"https:\/\/wp.pop-verlag.com\/?page_id=7442\">Weiterlesen <span class=\"meta-nav\">&rarr;<\/span><\/a><\/p>\n","protected":false},"author":2,"featured_media":0,"parent":700,"menu_order":10,"comment_status":"closed","ping_status":"closed","template":"","meta":{"footnotes":""},"class_list":["post-7442","page","type-page","status-publish","hentry"],"jetpack_sharing_enabled":true,"_links":{"self":[{"href":"https:\/\/wp.pop-verlag.com\/index.php?rest_route=\/wp\/v2\/pages\/7442","targetHints":{"allow":["GET"]}}],"collection":[{"href":"https:\/\/wp.pop-verlag.com\/index.php?rest_route=\/wp\/v2\/pages"}],"about":[{"href":"https:\/\/wp.pop-verlag.com\/index.php?rest_route=\/wp\/v2\/types\/page"}],"author":[{"embeddable":true,"href":"https:\/\/wp.pop-verlag.com\/index.php?rest_route=\/wp\/v2\/users\/2"}],"replies":[{"embeddable":true,"href":"https:\/\/wp.pop-verlag.com\/index.php?rest_route=%2Fwp%2Fv2%2Fcomments&post=7442"}],"version-history":[{"count":3,"href":"https:\/\/wp.pop-verlag.com\/index.php?rest_route=\/wp\/v2\/pages\/7442\/revisions"}],"predecessor-version":[{"id":7488,"href":"https:\/\/wp.pop-verlag.com\/index.php?rest_route=\/wp\/v2\/pages\/7442\/revisions\/7488"}],"up":[{"embeddable":true,"href":"https:\/\/wp.pop-verlag.com\/index.php?rest_route=\/wp\/v2\/pages\/700"}],"wp:attachment":[{"href":"https:\/\/wp.pop-verlag.com\/index.php?rest_route=%2Fwp%2Fv2%2Fmedia&parent=7442"}],"curies":[{"name":"wp","href":"https:\/\/api.w.org\/{rel}","templated":true}]}}