{"id":7437,"date":"2026-03-07T03:51:04","date_gmt":"2026-03-07T03:51:04","guid":{"rendered":"https:\/\/wp.pop-verlag.com\/?page_id=7437"},"modified":"2026-03-07T04:36:53","modified_gmt":"2026-03-07T04:36:53","slug":"hans-henning-paetzke","status":"publish","type":"page","link":"https:\/\/wp.pop-verlag.com\/?page_id=7437","title":{"rendered":"Hans-Henning Paetzke"},"content":{"rendered":"<p><img loading=\"lazy\" decoding=\"async\" class=\"alignleft size-medium wp-image-7438\" src=\"https:\/\/wp.pop-verlag.com\/wp-content\/uploads\/2026\/03\/2023-arboretum-koszontjuk-80-eves-hans-henning-paetzket-Privat-300x160.jpg\" alt=\"\" width=\"300\" height=\"160\" srcset=\"https:\/\/wp.pop-verlag.com\/wp-content\/uploads\/2026\/03\/2023-arboretum-koszontjuk-80-eves-hans-henning-paetzket-Privat-300x160.jpg 300w, https:\/\/wp.pop-verlag.com\/wp-content\/uploads\/2026\/03\/2023-arboretum-koszontjuk-80-eves-hans-henning-paetzket-Privat-1024x545.jpg 1024w, https:\/\/wp.pop-verlag.com\/wp-content\/uploads\/2026\/03\/2023-arboretum-koszontjuk-80-eves-hans-henning-paetzket-Privat-768x409.jpg 768w, https:\/\/wp.pop-verlag.com\/wp-content\/uploads\/2026\/03\/2023-arboretum-koszontjuk-80-eves-hans-henning-paetzket-Privat-500x266.jpg 500w, https:\/\/wp.pop-verlag.com\/wp-content\/uploads\/2026\/03\/2023-arboretum-koszontjuk-80-eves-hans-henning-paetzket-Privat.jpg 1127w\" sizes=\"auto, (max-width: 300px) 100vw, 300px\" \/><a href=\"https:\/\/wp.pop-verlag.com\/?page_id=7437\">Hans-Henning Paetzke<\/a>, geboren 1943 in Leipzig, nach amerikanischem Granatwerferangriff versch\u00fcttet, bis zum f\u00fcnften Lebensjahr stumm, 1960 wegen Verunglimpfung des Staatsoberhaupts der DDR Verweisung von s\u00e4mtlichen Gymnasien der DDR, 1960\/63 Ausbildung als Schauspieler, 1963 fristlose K\u00fcndigung durch das Staatliche Dorftheater Prenzlau wegen Verletzung der Staatsb\u00fcrgerpflichten, 1963\/64 Verb\u00fc\u00dfung einer Gef\u00e4ngnisstrafe wegen Wehrdienstverweigerung, 1967 Abitur, 1967 bis 1976 Studium der Klassischen Philologie, Germanistik und Psychologie in Halle\/S., Budapest und Frankfurt\/M., 1968 Emigration nach Ungarn, 1973 nach Frankfurt\/M., 1981 bis 1985 Persona non grata in der DDR, 1985 bis 1988 Persona non grata in Ungarn, 1994 R\u00fcckkehr nach Budapest. Seit 1968 freiberuflich t\u00e4tig als literarischer \u00dcbersetzer, Herausgeber, Journalist und Schriftsteller (den ersten Roman schrieb er unter dem Pseudonym Maria Piontek). Auszeichnungen (Auswahl): Mil\u00e1n-F\u00fcst-\u00dcbersetzerpreis (Budapest 1993), Tibor-D\u00e9ry-\u00dcbersetzerpreis (Budapest 1996), Offizierskreuz des Verdienstordens der Republik Ungarn (1999), Bundesverdienstkreuz am Band (2008). Letzte Romanver\u00f6ffentlichungen: Andersfremd (Mitteldeutscher Verlag 2017), Heimatwirr (Mitteldeutscher Verlag 2019).<\/p>\n<p>Lieferbare Titel von <a href=\"https:\/\/wp.pop-verlag.com\/?page_id=7437\">Hans-He<\/a>nning Paetzke:<\/p>\n<ul>\n<li><a href=\"https:\/\/wp.pop-verlag.com\/?page_id=7437\">Hans-Henning Paetzke<\/a>: <a href=\"https:\/\/wp.pop-verlag.com\/?p=7395\">Traumleicht<\/a>. Roman. Ludwigsburg: Pop \u00b7 2026; Reihe Epik, Bd. 160,\u00a0 ISBN 978-3-86356-422-3; \u00a0340S., \u20ac[D] 25,50<\/li>\n<li><a href=\"https:\/\/wp.pop-verlag.com\/?page_id=7442\">Bal\u00e1zs Mesterh\u00e1zy<\/a>: <em>Jinker<\/em>. Novellenroman Aus dem Ungarischen von <a href=\"https:\/\/wp.pop-verlag.com\/?page_id=7437\">Hans-Henning Paetzke <\/a>Ludwigsburg: Pop \u00b7 2026, Reihe Epik, Bd. 161, ISBN 978-3-86356&#8211;423-0; 208S., \u20ac[D]23,00<\/li>\n<li><a href=\"https:\/\/wp.pop-verlag.com\/?page_id=7228\">Zolt\u00e1n B\u00f6sz\u00f6rm\u00e9nyi<\/a>: <a href=\"https:\/\/wp.pop-verlag.com\/?p=7315\"><em>Zerrissenheit<\/em><\/a>. Roman. Aus dem Ungarischen \u00fcbertragen von Hans-Henning Paetzke. Ludwigsburg: Pop \u00b7 2025. Reihe Epik, Bd. 156, ISBN 978-3-86356-429-2, 502 S., \u20ac[D]33,00<\/li>\n<\/ul>\n","protected":false},"excerpt":{"rendered":"<p>Hans-Henning Paetzke, geboren 1943 in Leipzig, nach amerikanischem Granatwerferangriff versch\u00fcttet, bis zum f\u00fcnften Lebensjahr stumm, 1960 wegen Verunglimpfung des Staatsoberhaupts der DDR Verweisung von s\u00e4mtlichen Gymnasien der DDR, 1960\/63 Ausbildung als Schauspieler, 1963 fristlose K\u00fcndigung durch das Staatliche Dorftheater Prenzlau &hellip; <a class=\"more-link\" href=\"https:\/\/wp.pop-verlag.com\/?page_id=7437\">Weiterlesen <span class=\"meta-nav\">&rarr;<\/span><\/a><\/p>\n","protected":false},"author":2,"featured_media":0,"parent":706,"menu_order":2,"comment_status":"closed","ping_status":"closed","template":"","meta":{"footnotes":""},"class_list":["post-7437","page","type-page","status-publish","hentry"],"jetpack_sharing_enabled":true,"_links":{"self":[{"href":"https:\/\/wp.pop-verlag.com\/index.php?rest_route=\/wp\/v2\/pages\/7437","targetHints":{"allow":["GET"]}}],"collection":[{"href":"https:\/\/wp.pop-verlag.com\/index.php?rest_route=\/wp\/v2\/pages"}],"about":[{"href":"https:\/\/wp.pop-verlag.com\/index.php?rest_route=\/wp\/v2\/types\/page"}],"author":[{"embeddable":true,"href":"https:\/\/wp.pop-verlag.com\/index.php?rest_route=\/wp\/v2\/users\/2"}],"replies":[{"embeddable":true,"href":"https:\/\/wp.pop-verlag.com\/index.php?rest_route=%2Fwp%2Fv2%2Fcomments&post=7437"}],"version-history":[{"count":4,"href":"https:\/\/wp.pop-verlag.com\/index.php?rest_route=\/wp\/v2\/pages\/7437\/revisions"}],"predecessor-version":[{"id":7451,"href":"https:\/\/wp.pop-verlag.com\/index.php?rest_route=\/wp\/v2\/pages\/7437\/revisions\/7451"}],"up":[{"embeddable":true,"href":"https:\/\/wp.pop-verlag.com\/index.php?rest_route=\/wp\/v2\/pages\/706"}],"wp:attachment":[{"href":"https:\/\/wp.pop-verlag.com\/index.php?rest_route=%2Fwp%2Fv2%2Fmedia&parent=7437"}],"curies":[{"name":"wp","href":"https:\/\/api.w.org\/{rel}","templated":true}]}}