{"id":7389,"date":"2026-02-18T04:52:21","date_gmt":"2026-02-18T04:52:21","guid":{"rendered":"https:\/\/wp.pop-verlag.com\/?page_id=7389"},"modified":"2026-03-07T05:58:49","modified_gmt":"2026-03-07T05:58:49","slug":"francois-dominique","status":"publish","type":"page","link":"https:\/\/wp.pop-verlag.com\/?page_id=7389","title":{"rendered":"Fran\u00e7ois Dominique"},"content":{"rendered":"<p><img loading=\"lazy\" decoding=\"async\" class=\"alignleft size-medium wp-image-7461\" src=\"https:\/\/wp.pop-verlag.com\/wp-content\/uploads\/2026\/03\/Francois_Dominique_2008-201x300.jpg\" alt=\"\" width=\"201\" height=\"300\" srcset=\"https:\/\/wp.pop-verlag.com\/wp-content\/uploads\/2026\/03\/Francois_Dominique_2008-201x300.jpg 201w, https:\/\/wp.pop-verlag.com\/wp-content\/uploads\/2026\/03\/Francois_Dominique_2008-687x1024.jpg 687w, https:\/\/wp.pop-verlag.com\/wp-content\/uploads\/2026\/03\/Francois_Dominique_2008-768x1145.jpg 768w, https:\/\/wp.pop-verlag.com\/wp-content\/uploads\/2026\/03\/Francois_Dominique_2008-1030x1536.jpg 1030w, https:\/\/wp.pop-verlag.com\/wp-content\/uploads\/2026\/03\/Francois_Dominique_2008-1373x2048.jpg 1373w, https:\/\/wp.pop-verlag.com\/wp-content\/uploads\/2026\/03\/Francois_Dominique_2008.jpg 1631w\" sizes=\"auto, (max-width: 201px) 100vw, 201px\" \/>\u00a0Fran\u00e7ois Dominique, geb. 1943 in Paris, franz\u00f6sischer Schriftsteller und \u00dcbersetzer, Autor von Romanen, Kurzgeschichten, Gedichten und Essays. Er lehrte \u00f6ffentliches Recht an der Universit\u00e4t Besan\u00e7on und sp\u00e4ter Politikwissenschaft an der Universit\u00e4t Dijon. Zu seinen Ver\u00f6ffentlichungen z\u00e4hlen \u201eVichys antisemitische Gesetze\u201c in der Reihe \u201eLe genre humain\u201c, erschienen 1996 bei \u00c9ditions du Seuil, gefolgt von \u201eArmut durch das Gesetz\u201c und \u201eDas Recht auf Widerstand gegen Unterdr\u00fcckung\u201c, die ebenfalls bei \u00c9ditions du Seuil unter dem Pseudonym Dominique Gros erschienen. 1987 gr\u00fcndete er zusammen mit Alain Coulange und Jean-Michel Rabat\u00e9 den Verlag Ulysse Fin de Si\u00e8cle (Lyrik und Essays), der sp\u00e4ter in \u00c9ditions Virgile umbenannt wurde.<\/p>\n<p>Lieferbare Titel von <a href=\"https:\/\/wp.pop-verlag.com\/?page_id=7389\">Fran\u00e7ois Dominique<\/a><\/p>\n<ul>\n<li><a href=\"https:\/\/wp.pop-verlag.com\/?page_id=7389\">Fran\u00e7ois Dominique<\/a>, <a href=\"https:\/\/wp.pop-verlag.com\/?p=7426\">Zarte Hexen<\/a>. Erz\u00e4hlung, 2026. Aus dem Franz\u00f6sischen \u00fcbertragen von <a href=\"https:\/\/wp.pop-verlag.com\/?page_id=7387\">Alain Jadot<\/a>. Reihe Epik, Bd. 157, ISBN 978-3-86356-431-5, 114S., \u20ac[D]18,50<\/li>\n<\/ul>\n","protected":false},"excerpt":{"rendered":"<p>\u00a0Fran\u00e7ois Dominique, geb. 1943 in Paris, franz\u00f6sischer Schriftsteller und \u00dcbersetzer, Autor von Romanen, Kurzgeschichten, Gedichten und Essays. Er lehrte \u00f6ffentliches Recht an der Universit\u00e4t Besan\u00e7on und sp\u00e4ter Politikwissenschaft an der Universit\u00e4t Dijon. Zu seinen Ver\u00f6ffentlichungen z\u00e4hlen \u201eVichys antisemitische Gesetze\u201c in &hellip; <a class=\"more-link\" href=\"https:\/\/wp.pop-verlag.com\/?page_id=7389\">Weiterlesen <span class=\"meta-nav\">&rarr;<\/span><\/a><\/p>\n","protected":false},"author":2,"featured_media":0,"parent":664,"menu_order":8,"comment_status":"closed","ping_status":"closed","template":"","meta":{"footnotes":""},"class_list":["post-7389","page","type-page","status-publish","hentry"],"jetpack_sharing_enabled":true,"_links":{"self":[{"href":"https:\/\/wp.pop-verlag.com\/index.php?rest_route=\/wp\/v2\/pages\/7389","targetHints":{"allow":["GET"]}}],"collection":[{"href":"https:\/\/wp.pop-verlag.com\/index.php?rest_route=\/wp\/v2\/pages"}],"about":[{"href":"https:\/\/wp.pop-verlag.com\/index.php?rest_route=\/wp\/v2\/types\/page"}],"author":[{"embeddable":true,"href":"https:\/\/wp.pop-verlag.com\/index.php?rest_route=\/wp\/v2\/users\/2"}],"replies":[{"embeddable":true,"href":"https:\/\/wp.pop-verlag.com\/index.php?rest_route=%2Fwp%2Fv2%2Fcomments&post=7389"}],"version-history":[{"count":3,"href":"https:\/\/wp.pop-verlag.com\/index.php?rest_route=\/wp\/v2\/pages\/7389\/revisions"}],"predecessor-version":[{"id":7463,"href":"https:\/\/wp.pop-verlag.com\/index.php?rest_route=\/wp\/v2\/pages\/7389\/revisions\/7463"}],"up":[{"embeddable":true,"href":"https:\/\/wp.pop-verlag.com\/index.php?rest_route=\/wp\/v2\/pages\/664"}],"wp:attachment":[{"href":"https:\/\/wp.pop-verlag.com\/index.php?rest_route=%2Fwp%2Fv2%2Fmedia&parent=7389"}],"curies":[{"name":"wp","href":"https:\/\/api.w.org\/{rel}","templated":true}]}}