{"id":7359,"date":"2026-01-13T13:42:22","date_gmt":"2026-01-13T13:42:22","guid":{"rendered":"https:\/\/wp.pop-verlag.com\/?page_id=7359"},"modified":"2026-01-13T13:42:47","modified_gmt":"2026-01-13T13:42:47","slug":"adelheit-szekeresch","status":"publish","type":"page","link":"https:\/\/wp.pop-verlag.com\/?page_id=7359","title":{"rendered":"Adelheit Szekeresch"},"content":{"rendered":"<p>&nbsp;<\/p>\n<p><strong>Adelheit Szekeresch<\/strong>, *1957 in Lugosch \/ Rum\u00e4nien. 1976 Abitur an der deutschen Abteilung des \u201eCoriolan Brediceanu\u201c-Gymnasiums in Lugosch, dann 1976 \u2013 1982 in Temeswar Medizin studiert und anschlie\u00dfend als \u00c4rztin in einer Dorfpraxis gearbeitet. Im Mai 1989 aus dem damals noch sozialistischen Rum\u00e4nien gefl\u00fcchtet. Seither in Deutschland als \u00c4rztin t\u00e4tig, seit 1999 an der Universit\u00e4tsklinik T\u00fcbingen.<\/p>\n<p>Lieferbare Titel von <strong>Adelheit Szekeresch:<\/strong><\/p>\n<p><em><strong><a href=\"https:\/\/traian.pop-verlag.com\/978-3-86356-067-6.htm\">Papierflugzeug<\/a>.<\/strong><\/em> (EPIK Sammlung). 562 S. ISBN: 978-3-86356-067-6. Preis: 21,99 Euro.<\/p>\n","protected":false},"excerpt":{"rendered":"<p>&nbsp; Adelheit Szekeresch, *1957 in Lugosch \/ Rum\u00e4nien. 1976 Abitur an der deutschen Abteilung des \u201eCoriolan Brediceanu\u201c-Gymnasiums in Lugosch, dann 1976 \u2013 1982 in Temeswar Medizin studiert und anschlie\u00dfend als \u00c4rztin in einer Dorfpraxis gearbeitet. Im Mai 1989 aus dem &hellip; <a class=\"more-link\" href=\"https:\/\/wp.pop-verlag.com\/?page_id=7359\">Weiterlesen <span class=\"meta-nav\">&rarr;<\/span><\/a><\/p>\n","protected":false},"author":2,"featured_media":0,"parent":712,"menu_order":33,"comment_status":"closed","ping_status":"closed","template":"","meta":{"footnotes":""},"class_list":["post-7359","page","type-page","status-publish","hentry"],"jetpack_sharing_enabled":true,"_links":{"self":[{"href":"https:\/\/wp.pop-verlag.com\/index.php?rest_route=\/wp\/v2\/pages\/7359","targetHints":{"allow":["GET"]}}],"collection":[{"href":"https:\/\/wp.pop-verlag.com\/index.php?rest_route=\/wp\/v2\/pages"}],"about":[{"href":"https:\/\/wp.pop-verlag.com\/index.php?rest_route=\/wp\/v2\/types\/page"}],"author":[{"embeddable":true,"href":"https:\/\/wp.pop-verlag.com\/index.php?rest_route=\/wp\/v2\/users\/2"}],"replies":[{"embeddable":true,"href":"https:\/\/wp.pop-verlag.com\/index.php?rest_route=%2Fwp%2Fv2%2Fcomments&post=7359"}],"version-history":[{"count":2,"href":"https:\/\/wp.pop-verlag.com\/index.php?rest_route=\/wp\/v2\/pages\/7359\/revisions"}],"predecessor-version":[{"id":7361,"href":"https:\/\/wp.pop-verlag.com\/index.php?rest_route=\/wp\/v2\/pages\/7359\/revisions\/7361"}],"up":[{"embeddable":true,"href":"https:\/\/wp.pop-verlag.com\/index.php?rest_route=\/wp\/v2\/pages\/712"}],"wp:attachment":[{"href":"https:\/\/wp.pop-verlag.com\/index.php?rest_route=%2Fwp%2Fv2%2Fmedia&parent=7359"}],"curies":[{"name":"wp","href":"https:\/\/api.w.org\/{rel}","templated":true}]}}