{"id":7205,"date":"2025-08-18T05:11:40","date_gmt":"2025-08-18T05:11:40","guid":{"rendered":"https:\/\/wp.pop-verlag.com\/?page_id=7205"},"modified":"2026-02-12T08:02:06","modified_gmt":"2026-02-12T08:02:06","slug":"suzana-fantanariu","status":"publish","type":"page","link":"https:\/\/wp.pop-verlag.com\/?page_id=7205","title":{"rendered":"Suzana F\u00e2nt\u00e2nariu"},"content":{"rendered":"<p>Suzana F\u00e2nt\u00e2nariu,\u00a0*1947 in Baia \u2013 F\u0103lticeni (Rum\u00e4nien).<br \/>\nhochschule fu\u0308r bildende kunst \u201eIoan Andreescu\u201c in Klausenburg\/Cluj-Napoca, 1991-2016 professorin fu\u0308r graphik an der hochschule fu\u0308r kunst und design an der west universit\u00e4t Temeswar\/Timi\u0219oara.<br \/>\nzahlreiche einzelausstellungen und unz\u00e4hlige preise im in- und ausland.<br \/>\n2013 wurde ihr der titel \u201eDoctor Honoris Causa\u201c von der kunst-universit\u00e4t \u201eGeorge Enescu\u201c in Jassy\/ Ia\u0219i verliehen.<br \/>\n2021 goldene medaille bei der kunstbiennale \u201eDi Carta\u201c in Schio.<br \/>\nSuzana F\u00e2nt\u00e2nariu ist eine der bedeutendsten vertreterinnen der gegenw\u00e4rtigen rum\u00e4nischen bildenden kunst. sie behandelt in ihren graphischen arbeiten themen wie die conditio humana, die verg\u00e4nglichkeit der menschlichen existenz, den k\u00f6rper als \u201everpackung fu\u0308r die seele\u201c, als tr\u00e4ger von zeichen und verwandelt objets trouv\u00e9s zu zeitlosen ikonen.<br \/>\nsie lebt und arbeitet in Temeswar\/Timi\u0219oara (Rum\u00e4nien).<\/p>\n","protected":false},"excerpt":{"rendered":"<p>Suzana F\u00e2nt\u00e2nariu,\u00a0*1947 in Baia \u2013 F\u0103lticeni (Rum\u00e4nien). hochschule fu\u0308r bildende kunst \u201eIoan Andreescu\u201c in Klausenburg\/Cluj-Napoca, 1991-2016 professorin fu\u0308r graphik an der hochschule fu\u0308r kunst und design an der west universit\u00e4t Temeswar\/Timi\u0219oara. zahlreiche einzelausstellungen und unz\u00e4hlige preise im in- und ausland. &hellip; <a class=\"more-link\" href=\"https:\/\/wp.pop-verlag.com\/?page_id=7205\">Weiterlesen <span class=\"meta-nav\">&rarr;<\/span><\/a><\/p>\n","protected":false},"author":2,"featured_media":0,"parent":687,"menu_order":1,"comment_status":"closed","ping_status":"closed","template":"","meta":{"footnotes":""},"class_list":["post-7205","page","type-page","status-publish","hentry"],"jetpack_sharing_enabled":true,"_links":{"self":[{"href":"https:\/\/wp.pop-verlag.com\/index.php?rest_route=\/wp\/v2\/pages\/7205","targetHints":{"allow":["GET"]}}],"collection":[{"href":"https:\/\/wp.pop-verlag.com\/index.php?rest_route=\/wp\/v2\/pages"}],"about":[{"href":"https:\/\/wp.pop-verlag.com\/index.php?rest_route=\/wp\/v2\/types\/page"}],"author":[{"embeddable":true,"href":"https:\/\/wp.pop-verlag.com\/index.php?rest_route=\/wp\/v2\/users\/2"}],"replies":[{"embeddable":true,"href":"https:\/\/wp.pop-verlag.com\/index.php?rest_route=%2Fwp%2Fv2%2Fcomments&post=7205"}],"version-history":[{"count":1,"href":"https:\/\/wp.pop-verlag.com\/index.php?rest_route=\/wp\/v2\/pages\/7205\/revisions"}],"predecessor-version":[{"id":7206,"href":"https:\/\/wp.pop-verlag.com\/index.php?rest_route=\/wp\/v2\/pages\/7205\/revisions\/7206"}],"up":[{"embeddable":true,"href":"https:\/\/wp.pop-verlag.com\/index.php?rest_route=\/wp\/v2\/pages\/687"}],"wp:attachment":[{"href":"https:\/\/wp.pop-verlag.com\/index.php?rest_route=%2Fwp%2Fv2%2Fmedia&parent=7205"}],"curies":[{"name":"wp","href":"https:\/\/api.w.org\/{rel}","templated":true}]}}