{"id":7203,"date":"2025-08-18T05:10:41","date_gmt":"2025-08-18T05:10:41","guid":{"rendered":"https:\/\/wp.pop-verlag.com\/?page_id=7203"},"modified":"2026-02-12T08:01:20","modified_gmt":"2026-02-12T08:01:20","slug":"nicolae-tzone-2","status":"publish","type":"page","link":"https:\/\/wp.pop-verlag.com\/?page_id=7203","title":{"rendered":"Nicolae Tzone"},"content":{"rendered":"<p>Nicolae Tzone<\/p>\n<p>er wurde am 10. mai 1958 in Malu, an der Donau, 15 km von Giurgiu entfernt, geboren. er ist mitglied im rum\u00e4nischen schriftstellerverband, abteilung poesie.<br \/>\nvon 2004 bis 2009 geh\u00f6rte er dem leitungsrat des rum\u00e4nischen schriftstellerverbandes an.<\/p>\n<p>1990 gr\u00fcnder und seither auch leiter des Bukarester verlages vinea;<br \/>\n1998 gr\u00fcnder und leiter des instituts zur erforschung der rum\u00e4nischen und der europ\u00e4ischen avantgarde.<\/p>\n<p>1977 machte er seinen abschluss am theoretischen gymnasium nr. 2 (heute \u201eTudor Vianu\u201c) in der stadt Giurgiu.<br \/>\n2012 promovierte er an der fakult\u00e4t f\u00fcr literatur in Bukarest mit der studie: \u201eGeo Bogza und die rum\u00e4nische avantgarde\u201c.<\/p>\n<p>Ver\u00f6ffentlichte B\u00e4nde (eine kleine Auswahl):<\/p>\n<p>\u2022 \u201enikolaus der pr\u00e4chtige\u201c, gedichte (umschlag, illustrationen und nachwort von Nicolae de Popa), verlag vinea, 2000;<br \/>\n\u2022 \u201emaximales meisterwerk\u201c, gedichte, mit einer \u201apr\u00e4ambel\u2018 und einem portr\u00e4t (zeichnung) des autors \u0218erban Foar\u021b\u0103, nachwort von \u0218erban Axinte, einband und illustrationen von Mihaela \u0218chiopu); verlag vinea, 2007;<br \/>\n\u2022 \u201edas andere leben und der andere tod\u201c, gedichte, mit einem vorwort von Gheorghe Grigurcu und einem nachwort von Emanuela Ilie; illustrationen von Nicolae Macovei; verlag vinea, 2010, zweite auflage, 2012 [diese drei b\u00e4nde bilden eine trilogie, an der er \u00fcber ein jahrzehnt gearbeitet hat;]<br \/>\n\u2022 \u201evianu. fereastra luminat\u0103\/ vianu. la fenetre \u00e9clair\u00e9e\/ vianu das erleuchtete fenster\u201c, dreisprachiges album mit \u00fcber 500 fotografien, vorwort: Vlad Alexandrescu, verlag vinea, 1998;<br \/>\n\u2022 \u201eder rost der zeit, habe ich unrecht, wenn ich sie die k\u00f6nigin der zeit nenne\u201c, gedichte, verlag vinea, 2004;<br \/>\n\u2022 \u201eich verlie\u00df die ,h\u00f6hle des l\u00f6wen\u2018 des verderbens, um irgendwo anders frei und gl\u00fccklich zu sein &#8230;\u201c, dialoge mit Alexandru Lungu, verlag vinea, 2004;<br \/>\n\u2022 \u201enichita st\u0103nescu\/ nicolae labi\u0219\/ mihai eminescu\/ cristian popescu\u201c, dialoge mit Aurelian Titu Dumitrescu, verlag vinea 2004;<br \/>\n\u2022 \u201ebalkan aphrodite\u201c, gedichte, englische ausgabe, rum\u00e4nische \u00fcbersetzung von Sean Cotter und Ioana Ieronim, verlag vinea, sammlung \u201evinea international\u201c, verlag vinea, 2006;<br \/>\n\u2022 \u201eengelsknochen \/ new york. bukarest\u201c, gedichte, mit einem vorwort des autors, einem vorwort von Felix Nicolau, nachworte von Daniel B\u0103nulescu, Lucian Vasilescu, Ioan Es. Pop, Mihail G\u0103l\u0103\u021banu, Marin Mincu, illustrationen von Maxim Dumitra\u0219, verlag vinea, 2009;<br \/>\n\u2022 \u201eaphrodite balkanique\u201c, \u00fcbersetzung aus dem Rum\u00e4nischen von Claudiu Soare und Miron Kiropol, illustrationen: Makovei, verlag vinea, 2012, zweite Auflage, 2016;<br \/>\n\u2022 \u201edonau kilometer 510\/ eine geschichte \u00fcber leben tod und geburt wie es sie nie gegeben hat und nicht mehr geben wird und wie es keine andere mehr geben wird \/ das buch des ungeborenen\u201c, gedicht, vorwort: Angela Furtun\u0103, addenda: ein brief an den autor von Lucian Vasilescu, illustrationen von Suzana F\u00e2nt\u00e2nariu, verlag vinea, 2021;<br \/>\n\u2022 \u201ezehn elegien\u201c, gedichte, verlag vinea, 2021;<br \/>\n\u201ees gibt nie einen sieger\u201c, gedichte, vorwort: Ana Dobre, zusatz: \u201edas gedicht \u2013 das meisterwerk \u2013 ist mit sicherheit das fundament der welt &#8230;\u201c, interview von Gellu Dorian, illustrationen: Nicoleta Irina Tzone, verlag vinea, 2024;<br \/>\n\u2022 \u201eder maskenschnitzer\u201c (autoren: Mihail G\u0103l\u0103\u021banu &amp; Nicolae Tzone), gedichte, verlag vinea, 2024.<\/p>\n<p>Nicolae Tzone hat zahlreiche editionen realisiert, vorworte und nachworte geschrieben. er ist in sehr vielen literarischen anthologien vertreten, u.a. in:<br \/>\n\u2022 \u201eliteraturbuch\u201c, ein buch zusammengestellt von Daniel B\u0103nulescu, co-autor, s. 401-516, mit Daniel B\u0103nulescu, Mihail G\u0103l\u0103\u021banu, Ioan Es. Pop, Cristian Popescu, Lucian Vasilescu, Floarea \u021au\u021buianu, vorwort von Alex. \u0218tef\u0103nescu, nachwort von Horia G\u00e2rbea, verlag vinea, 2004;<br \/>\n\u2022 \u201edie sch\u00f6nsten gedichte des jahres 2010\u201c, auswahl von Claudiu Komartin und Radu Vancu, s. 140-143, verlag tracus arte, 2011;<br \/>\n\u2022 \u201egeboren in \u201958\u201c gedichtband Adrian Alui Gheorghe, mitautor, s. 263-306, mit Adrian Alui Gheorghe, Vasile G\u00e2rne\u021b, Liviu Georgescu, Bogdan Ghiu, Ioan Es. Pop, Lucian Vasilescu, Radu Voinescu, Varujan Vosganian, vorwort von Vasile Spiridon, verlag das rum\u00e4nische buch, 2015<br \/>\n\u2022 Ion Pop, \u201edie rum\u00e4nische poesie nach 1945\u201c, von Ion Pop, in band 4, s. 265-273, wissenschaftsverlag, chisinau, 2023<br \/>\n\u2022 Nicolae Tzone schrieb auch das drehbuch f\u00fcr den film \u201eIon Vinea. prinz der rum\u00e4nischen poesie\u201c, ein dokumentarfilm in zwei episoden, regie: Florica Fulgeanu, rum\u00e4nisches fernsehen, 1995.<\/p>\n<p>Literarische Auszeichnungen<\/p>\n<p>\u2022 preis des internationalen poesiefestivals Sighetu Marma\u021biei, 2010;<br \/>\n\u2022 preis des symposiums f\u00fcr poesie Lucian-Blaga, verliehen vom schriftstellerverband der republik Moldau, 2013;<br \/>\n\u2022 lyrikpreis der zeitschrift \u201eliterarische gespr\u00e4che\/convorbiri literare\u201c, 2014;<br \/>\n\u2022 \u201eIoanid Romanescu\u201c-preis des rum\u00e4nischen schriftstellerverbandes \u2013 zweigstelle Jassy\/Ia\u0219i, 2022;<br \/>\n\u2022 nominierung f\u00fcr den lyrikpreis des rum\u00e4nischen schriftstellerverbandes \u2013 2023, f\u00fcr den band \u201ezehn elegien\u201c, 2021;<br \/>\n\u2022 internationaler Bogdani-Preis, Br\u00fcssel, 2023;<br \/>\n\u2022 Petre-Stoica-literaturpreis, Temeswar\/Timi\u0219oara, 2024.<\/p>\n<p>&nbsp;<\/p>\n","protected":false},"excerpt":{"rendered":"<p>Nicolae Tzone er wurde am 10. mai 1958 in Malu, an der Donau, 15 km von Giurgiu entfernt, geboren. er ist mitglied im rum\u00e4nischen schriftstellerverband, abteilung poesie. von 2004 bis 2009 geh\u00f6rte er dem leitungsrat des rum\u00e4nischen schriftstellerverbandes an. 1990 &hellip; <a class=\"more-link\" href=\"https:\/\/wp.pop-verlag.com\/?page_id=7203\">Weiterlesen <span class=\"meta-nav\">&rarr;<\/span><\/a><\/p>\n","protected":false},"author":2,"featured_media":0,"parent":679,"menu_order":13,"comment_status":"closed","ping_status":"closed","template":"","meta":{"footnotes":""},"class_list":["post-7203","page","type-page","status-publish","hentry"],"jetpack_sharing_enabled":true,"_links":{"self":[{"href":"https:\/\/wp.pop-verlag.com\/index.php?rest_route=\/wp\/v2\/pages\/7203","targetHints":{"allow":["GET"]}}],"collection":[{"href":"https:\/\/wp.pop-verlag.com\/index.php?rest_route=\/wp\/v2\/pages"}],"about":[{"href":"https:\/\/wp.pop-verlag.com\/index.php?rest_route=\/wp\/v2\/types\/page"}],"author":[{"embeddable":true,"href":"https:\/\/wp.pop-verlag.com\/index.php?rest_route=\/wp\/v2\/users\/2"}],"replies":[{"embeddable":true,"href":"https:\/\/wp.pop-verlag.com\/index.php?rest_route=%2Fwp%2Fv2%2Fcomments&post=7203"}],"version-history":[{"count":1,"href":"https:\/\/wp.pop-verlag.com\/index.php?rest_route=\/wp\/v2\/pages\/7203\/revisions"}],"predecessor-version":[{"id":7204,"href":"https:\/\/wp.pop-verlag.com\/index.php?rest_route=\/wp\/v2\/pages\/7203\/revisions\/7204"}],"up":[{"embeddable":true,"href":"https:\/\/wp.pop-verlag.com\/index.php?rest_route=\/wp\/v2\/pages\/679"}],"wp:attachment":[{"href":"https:\/\/wp.pop-verlag.com\/index.php?rest_route=%2Fwp%2Fv2%2Fmedia&parent=7203"}],"curies":[{"name":"wp","href":"https:\/\/api.w.org\/{rel}","templated":true}]}}