{"id":6871,"date":"2024-03-16T10:10:29","date_gmt":"2024-03-16T10:10:29","guid":{"rendered":"https:\/\/wp.pop-verlag.com\/?page_id=6871"},"modified":"2024-03-16T10:15:20","modified_gmt":"2024-03-16T10:15:20","slug":"ana-oerdoeg","status":"publish","type":"page","link":"https:\/\/wp.pop-verlag.com\/?page_id=6871","title":{"rendered":"Ana \u00d6rd\u00f6g"},"content":{"rendered":"<p><a href=\"https:\/\/wp.pop-verlag.com\/?page_id=6871\">Ana \u00d6rd\u00f6g<\/a>, geboren 1957 im rum\u00e4nischen M\u0103ureni (Moritzfeld), studierte nach dem Abitur, das sie 1976 am Musiklyzeum Ion Vidu (Temeswar) ablegte, Musik in Bukarest. 1981 wanderte sie in die Bundesrepublik Deutschland aus, wo sie sich an der RWTH Aachen der Komparatistik und Germanistik widmete und das Studium 1995 mit dem Magister Artium abschloss. Seit 2021 befasst sie sich mit literarischen \u00dcbersetzungen.<\/p>\n<p>Lieferbare Titel von <a href=\"https:\/\/wp.pop-verlag.com\/?page_id=6871\">Ana \u00d6rd\u00f6g<\/a>:<\/p>\n<p><a href=\"https:\/\/wp.pop-verlag.com\/?page_id=6863\">&#8211; Attila F. Bal\u00e1zs<\/a>, <a href=\"https:\/\/wp.pop-verlag.com\/?p=6857\"><em>Casanovas Metamorphosen<\/em><\/a>. Mit vierzehn Zeichnungen von <a href=\"https:\/\/wp.pop-verlag.com\/?page_id=6868\">T\u00fcnde Darvay<\/a>. Aus dem Ungarischen von <a href=\"https:\/\/wp.pop-verlag.com\/?page_id=6871\">Ana \u00d6rd\u00f6g<\/a>. Reihe Epik . Bd. 148, 121 Seiten, ISBN 978-3-86356-392-9; \u20ac[D]17,80<\/p>\n","protected":false},"excerpt":{"rendered":"<p>Ana \u00d6rd\u00f6g, geboren 1957 im rum\u00e4nischen M\u0103ureni (Moritzfeld), studierte nach dem Abitur, das sie 1976 am Musiklyzeum Ion Vidu (Temeswar) ablegte, Musik in Bukarest. 1981 wanderte sie in die Bundesrepublik Deutschland aus, wo sie sich an der RWTH Aachen der &hellip; <a class=\"more-link\" href=\"https:\/\/wp.pop-verlag.com\/?page_id=6871\">Weiterlesen <span class=\"meta-nav\">&rarr;<\/span><\/a><\/p>\n","protected":false},"author":2,"featured_media":0,"parent":704,"menu_order":3,"comment_status":"closed","ping_status":"closed","template":"","meta":{"footnotes":""},"class_list":["post-6871","page","type-page","status-publish","hentry"],"jetpack_sharing_enabled":true,"_links":{"self":[{"href":"https:\/\/wp.pop-verlag.com\/index.php?rest_route=\/wp\/v2\/pages\/6871","targetHints":{"allow":["GET"]}}],"collection":[{"href":"https:\/\/wp.pop-verlag.com\/index.php?rest_route=\/wp\/v2\/pages"}],"about":[{"href":"https:\/\/wp.pop-verlag.com\/index.php?rest_route=\/wp\/v2\/types\/page"}],"author":[{"embeddable":true,"href":"https:\/\/wp.pop-verlag.com\/index.php?rest_route=\/wp\/v2\/users\/2"}],"replies":[{"embeddable":true,"href":"https:\/\/wp.pop-verlag.com\/index.php?rest_route=%2Fwp%2Fv2%2Fcomments&post=6871"}],"version-history":[{"count":3,"href":"https:\/\/wp.pop-verlag.com\/index.php?rest_route=\/wp\/v2\/pages\/6871\/revisions"}],"predecessor-version":[{"id":6877,"href":"https:\/\/wp.pop-verlag.com\/index.php?rest_route=\/wp\/v2\/pages\/6871\/revisions\/6877"}],"up":[{"embeddable":true,"href":"https:\/\/wp.pop-verlag.com\/index.php?rest_route=\/wp\/v2\/pages\/704"}],"wp:attachment":[{"href":"https:\/\/wp.pop-verlag.com\/index.php?rest_route=%2Fwp%2Fv2%2Fmedia&parent=6871"}],"curies":[{"name":"wp","href":"https:\/\/api.w.org\/{rel}","templated":true}]}}