{"id":6868,"date":"2024-03-16T10:08:15","date_gmt":"2024-03-16T10:08:15","guid":{"rendered":"https:\/\/wp.pop-verlag.com\/?page_id=6868"},"modified":"2024-03-16T10:16:38","modified_gmt":"2024-03-16T10:16:38","slug":"tuende-darvay","status":"publish","type":"page","link":"https:\/\/wp.pop-verlag.com\/?page_id=6868","title":{"rendered":"T\u00fcnde Darvay"},"content":{"rendered":"<p><a href=\"https:\/\/wp.pop-verlag.com\/?page_id=6868\">T\u00fcnde Darvay<\/a> wurde 1977 in Siebenb\u00fcrgen geboren. Sie studierte an der Universit\u00e4t der Sch\u00f6nen K\u00fcnste in Cluj-Napoca\/ Rum\u00e4nien. Seit 1997 sind ihre Werke regelm\u00e4\u00dfig in nationalen und internationalen Einzel- und Gruppenausstellungen zu sehen. Von 2004 bis 2017 lebte die K\u00fcnstlerin in den Vereinigten Staaten, bevor sie nach Cluj-Napoca zur\u00fcckkehrte, wo sie die k\u00fcnstlerische Karriere erfolgreich fortsetzt.<\/p>\n<p>Lieferbare Titel von\u00a0 <a href=\"https:\/\/wp.pop-verlag.com\/?page_id=6868\">T\u00fcnde Darvay<\/a>:<\/p>\n<p><a href=\"https:\/\/wp.pop-verlag.com\/?page_id=6863\">\u2013 Attila F. Bal\u00e1zs<\/a>, <a href=\"https:\/\/wp.pop-verlag.com\/?p=6857\"><em>Casanovas Metamorphosen<\/em><\/a>. Mit vierzehn Zeichnungen von <a href=\"https:\/\/wp.pop-verlag.com\/?page_id=6868\">T\u00fcnde Darvay<\/a>. Aus dem Ungarischen von <a href=\"https:\/\/wp.pop-verlag.com\/?page_id=6871\">Ana \u00d6rd\u00f6g<\/a>. Reihe Epik . Bd. 148, 121 Seiten, ISBN 978-3-86356-392-9; \u20ac[D]17,80<\/p>\n\n\n<p><\/p>\n","protected":false},"excerpt":{"rendered":"<p>T\u00fcnde Darvay wurde 1977 in Siebenb\u00fcrgen geboren. Sie studierte an der Universit\u00e4t der Sch\u00f6nen K\u00fcnste in Cluj-Napoca\/ Rum\u00e4nien. Seit 1997 sind ihre Werke regelm\u00e4\u00dfig in nationalen und internationalen Einzel- und Gruppenausstellungen zu sehen. Von 2004 bis 2017 lebte die K\u00fcnstlerin &hellip; <a class=\"more-link\" href=\"https:\/\/wp.pop-verlag.com\/?page_id=6868\">Weiterlesen <span class=\"meta-nav\">&rarr;<\/span><\/a><\/p>\n","protected":false},"author":2,"featured_media":0,"parent":664,"menu_order":4,"comment_status":"closed","ping_status":"closed","template":"","meta":{"footnotes":""},"class_list":["post-6868","page","type-page","status-publish","hentry"],"jetpack_sharing_enabled":true,"_links":{"self":[{"href":"https:\/\/wp.pop-verlag.com\/index.php?rest_route=\/wp\/v2\/pages\/6868","targetHints":{"allow":["GET"]}}],"collection":[{"href":"https:\/\/wp.pop-verlag.com\/index.php?rest_route=\/wp\/v2\/pages"}],"about":[{"href":"https:\/\/wp.pop-verlag.com\/index.php?rest_route=\/wp\/v2\/types\/page"}],"author":[{"embeddable":true,"href":"https:\/\/wp.pop-verlag.com\/index.php?rest_route=\/wp\/v2\/users\/2"}],"replies":[{"embeddable":true,"href":"https:\/\/wp.pop-verlag.com\/index.php?rest_route=%2Fwp%2Fv2%2Fcomments&post=6868"}],"version-history":[{"count":3,"href":"https:\/\/wp.pop-verlag.com\/index.php?rest_route=\/wp\/v2\/pages\/6868\/revisions"}],"predecessor-version":[{"id":6878,"href":"https:\/\/wp.pop-verlag.com\/index.php?rest_route=\/wp\/v2\/pages\/6868\/revisions\/6878"}],"up":[{"embeddable":true,"href":"https:\/\/wp.pop-verlag.com\/index.php?rest_route=\/wp\/v2\/pages\/664"}],"wp:attachment":[{"href":"https:\/\/wp.pop-verlag.com\/index.php?rest_route=%2Fwp%2Fv2%2Fmedia&parent=6868"}],"curies":[{"name":"wp","href":"https:\/\/api.w.org\/{rel}","templated":true}]}}