{"id":6723,"date":"2023-09-25T06:09:15","date_gmt":"2023-09-25T06:09:15","guid":{"rendered":"https:\/\/wp.pop-verlag.com\/?page_id=6723"},"modified":"2023-09-25T06:10:08","modified_gmt":"2023-09-25T06:10:08","slug":"christoph-andreas-marx","status":"publish","type":"page","link":"https:\/\/wp.pop-verlag.com\/?page_id=6723","title":{"rendered":"Christoph Andreas Marx"},"content":{"rendered":"<p><img loading=\"lazy\" decoding=\"async\" class=\"alignleft size-medium wp-image-6724\" src=\"https:\/\/wp.pop-verlag.com\/wp-content\/uploads\/2023\/09\/Christoph-Andreas-Marx_SW-300x278.jpg\" alt=\"\" width=\"300\" height=\"278\" srcset=\"https:\/\/wp.pop-verlag.com\/wp-content\/uploads\/2023\/09\/Christoph-Andreas-Marx_SW-300x278.jpg 300w, https:\/\/wp.pop-verlag.com\/wp-content\/uploads\/2023\/09\/Christoph-Andreas-Marx_SW-1024x948.jpg 1024w, https:\/\/wp.pop-verlag.com\/wp-content\/uploads\/2023\/09\/Christoph-Andreas-Marx_SW-768x711.jpg 768w, https:\/\/wp.pop-verlag.com\/wp-content\/uploads\/2023\/09\/Christoph-Andreas-Marx_SW-324x300.jpg 324w, https:\/\/wp.pop-verlag.com\/wp-content\/uploads\/2023\/09\/Christoph-Andreas-Marx_SW.jpg 1212w\" sizes=\"auto, (max-width: 300px) 100vw, 300px\" \/> <a href=\"https:\/\/wp.pop-verlag.com\/?page_id=6723\">Christoph Andreas Marx<\/a>, Jahrgang 1960, Studium der Philosophie, Geschichte, Germanistik und Theologie. Promotion. Autor mehrerer historischer und philosophischer Romane. Regelm\u00e4\u00dfige Beitr\u00e4ge f\u00fcr \u00fcberregionale Zeitungen wie Zeitzeichen oder Publik Forum sowie f\u00fcr den NDR.<\/p>\n<p>Lieferbare Titel von <a href=\"https:\/\/wp.pop-verlag.com\/?page_id=6723\">Christoph Andreas Marx<\/a>:<\/p>\n<p><a href=\"https:\/\/wp.pop-verlag.com\/?p=6718\">Inselnovelle<\/a>. Kartoniert. Mit Schutzumschlag (bedruckt). Reihe Epik Bd. 141. 142 S., ISBN 978-3-86356-384-4, \u20ac[D]16,50<\/p>\n","protected":false},"excerpt":{"rendered":"<p>Christoph Andreas Marx, Jahrgang 1960, Studium der Philosophie, Geschichte, Germanistik und Theologie. Promotion. Autor mehrerer historischer und philosophischer Romane. Regelm\u00e4\u00dfige Beitr\u00e4ge f\u00fcr \u00fcberregionale Zeitungen wie Zeitzeichen oder Publik Forum sowie f\u00fcr den NDR. Lieferbare Titel von Christoph Andreas Marx: Inselnovelle. &hellip; <a class=\"more-link\" href=\"https:\/\/wp.pop-verlag.com\/?page_id=6723\">Weiterlesen <span class=\"meta-nav\">&rarr;<\/span><\/a><\/p>\n","protected":false},"author":2,"featured_media":0,"parent":700,"menu_order":5,"comment_status":"closed","ping_status":"closed","template":"","meta":{"footnotes":""},"class_list":["post-6723","page","type-page","status-publish","hentry"],"jetpack_sharing_enabled":true,"_links":{"self":[{"href":"https:\/\/wp.pop-verlag.com\/index.php?rest_route=\/wp\/v2\/pages\/6723","targetHints":{"allow":["GET"]}}],"collection":[{"href":"https:\/\/wp.pop-verlag.com\/index.php?rest_route=\/wp\/v2\/pages"}],"about":[{"href":"https:\/\/wp.pop-verlag.com\/index.php?rest_route=\/wp\/v2\/types\/page"}],"author":[{"embeddable":true,"href":"https:\/\/wp.pop-verlag.com\/index.php?rest_route=\/wp\/v2\/users\/2"}],"replies":[{"embeddable":true,"href":"https:\/\/wp.pop-verlag.com\/index.php?rest_route=%2Fwp%2Fv2%2Fcomments&post=6723"}],"version-history":[{"count":2,"href":"https:\/\/wp.pop-verlag.com\/index.php?rest_route=\/wp\/v2\/pages\/6723\/revisions"}],"predecessor-version":[{"id":6726,"href":"https:\/\/wp.pop-verlag.com\/index.php?rest_route=\/wp\/v2\/pages\/6723\/revisions\/6726"}],"up":[{"embeddable":true,"href":"https:\/\/wp.pop-verlag.com\/index.php?rest_route=\/wp\/v2\/pages\/700"}],"wp:attachment":[{"href":"https:\/\/wp.pop-verlag.com\/index.php?rest_route=%2Fwp%2Fv2%2Fmedia&parent=6723"}],"curies":[{"name":"wp","href":"https:\/\/api.w.org\/{rel}","templated":true}]}}