{"id":672,"date":"2015-10-10T15:24:07","date_gmt":"2015-10-10T15:24:07","guid":{"rendered":"http:\/\/wp.pop-verlag.com\/?page_id=672"},"modified":"2015-10-10T15:40:18","modified_gmt":"2015-10-10T15:40:18","slug":"g","status":"publish","type":"page","link":"https:\/\/wp.pop-verlag.com\/?page_id=672","title":{"rendered":"G"},"content":{"rendered":"<p><a href=\"http:\/\/traian.pop-verlag.com\/seite1.htm\">Zsusanna Gahse<\/a><\/p>\n<p><a href=\"http:\/\/traian.pop-verlag.com\/emilian_galaicu-paun.htm\">Emilian Galaicu-P\u0103un<\/a><\/p>\n<p>Angela Gans<\/p>\n<p><a href=\"http:\/\/traian.pop-verlag.com\/michael_gans.htm\">Michael Gans<\/a><\/p>\n<p>Eric Giebel<\/p>\n<p>Agnes Giesbrecht-Gossen<\/p>\n<p><a href=\"http:\/\/traian.pop-verlag.com\/seite2.htm\">Guy Goffette<\/a><\/p>\n<p><a href=\"http:\/\/traian.pop-verlag.com\/jan_goczol.htm\">J<\/a><a href=\"http:\/\/traian.pop-verlag.com\/jan_goczol.htm\">an Goczo\u0142<\/a><\/p>\n<p><a href=\"http:\/\/traian.pop-verlag.com\/seite30.htm\"> Dieter G\u00f6ltenboth<\/a><\/p>\n<p><a href=\"http:\/\/traian.pop-verlag.com\/merkez_gulijew.htm\">Merkez Gulijew<\/a><\/p>\n","protected":false},"excerpt":{"rendered":"<p>Zsusanna Gahse Emilian Galaicu-P\u0103un Angela Gans Michael Gans Eric Giebel Agnes Giesbrecht-Gossen Guy Goffette Jan Goczo\u0142 Dieter G\u00f6ltenboth Merkez Gulijew &hellip; <a class=\"more-link\" href=\"https:\/\/wp.pop-verlag.com\/?page_id=672\">Weiterlesen <span class=\"meta-nav\">&rarr;<\/span><\/a><\/p>\n","protected":false},"author":2,"featured_media":0,"parent":10,"menu_order":0,"comment_status":"closed","ping_status":"closed","template":"","meta":{"footnotes":""},"class_list":["post-672","page","type-page","status-publish","hentry"],"jetpack_sharing_enabled":true,"_links":{"self":[{"href":"https:\/\/wp.pop-verlag.com\/index.php?rest_route=\/wp\/v2\/pages\/672","targetHints":{"allow":["GET"]}}],"collection":[{"href":"https:\/\/wp.pop-verlag.com\/index.php?rest_route=\/wp\/v2\/pages"}],"about":[{"href":"https:\/\/wp.pop-verlag.com\/index.php?rest_route=\/wp\/v2\/types\/page"}],"author":[{"embeddable":true,"href":"https:\/\/wp.pop-verlag.com\/index.php?rest_route=\/wp\/v2\/users\/2"}],"replies":[{"embeddable":true,"href":"https:\/\/wp.pop-verlag.com\/index.php?rest_route=%2Fwp%2Fv2%2Fcomments&post=672"}],"version-history":[{"count":2,"href":"https:\/\/wp.pop-verlag.com\/index.php?rest_route=\/wp\/v2\/pages\/672\/revisions"}],"predecessor-version":[{"id":689,"href":"https:\/\/wp.pop-verlag.com\/index.php?rest_route=\/wp\/v2\/pages\/672\/revisions\/689"}],"up":[{"embeddable":true,"href":"https:\/\/wp.pop-verlag.com\/index.php?rest_route=\/wp\/v2\/pages\/10"}],"wp:attachment":[{"href":"https:\/\/wp.pop-verlag.com\/index.php?rest_route=%2Fwp%2Fv2%2Fmedia&parent=672"}],"curies":[{"name":"wp","href":"https:\/\/api.w.org\/{rel}","templated":true}]}}