{"id":6680,"date":"2023-07-30T05:14:39","date_gmt":"2023-07-30T05:14:39","guid":{"rendered":"https:\/\/wp.pop-verlag.com\/?page_id=6680"},"modified":"2023-07-30T05:19:14","modified_gmt":"2023-07-30T05:19:14","slug":"patimat-sagitowa","status":"publish","type":"page","link":"https:\/\/wp.pop-verlag.com\/?page_id=6680","title":{"rendered":"Patimat Sagitowa"},"content":{"rendered":"<p>Patimat Sagitowa wurde am 14.07.1983 in Dagestan geboren. Vom Jahre 2000 bis 2005 studierte sie an der Fakult\u00e4t f\u00fcr ausl\u00e4ndische Sprachen der Dagestanischen Staatlichen Universit\u00e4t mit Abschluss: Linguistin, Lehrerin der englischen Sprache. Sie arbeitet heute als freie Journalistin in Dagestan.<\/p>\n<p>Lieferbare Titel von Patimat Sagitowa: <strong>Awarische Prosa<\/strong>. M\u00e4rchen, Erz\u00e4hlungen und Miniaturen. Konzeption und \u00dcbersetzungen aus dem Awarischen von <a href=\"https:\/\/wp.pop-verlag.com\/?page_id=2308\" target=\"_blank\" rel=\"noopener\"><strong>Steffi Chotiwari-J\u00fcnger<\/strong><\/a> und <a href=\"https:\/\/wp.pop-verlag.com\/?page_id=6680\"><strong>Patimat Sagitowa<\/strong><\/a>. Kaukasische Bibliothek Band 17 (Dagestan). Reihe Epik Bd. 122, ISBN: 978-3-86356-171-0; 300 Seiten, \u20ac[D] 21,00<\/p>\n","protected":false},"excerpt":{"rendered":"<p>Patimat Sagitowa wurde am 14.07.1983 in Dagestan geboren. Vom Jahre 2000 bis 2005 studierte sie an der Fakult\u00e4t f\u00fcr ausl\u00e4ndische Sprachen der Dagestanischen Staatlichen Universit\u00e4t mit Abschluss: Linguistin, Lehrerin der englischen Sprache. Sie arbeitet heute als freie Journalistin in Dagestan. &hellip; <a class=\"more-link\" href=\"https:\/\/wp.pop-verlag.com\/?page_id=6680\">Weiterlesen <span class=\"meta-nav\">&rarr;<\/span><\/a><\/p>\n","protected":false},"author":2,"featured_media":0,"parent":712,"menu_order":1,"comment_status":"closed","ping_status":"closed","template":"","meta":{"footnotes":""},"class_list":["post-6680","page","type-page","status-publish","hentry"],"jetpack_sharing_enabled":true,"_links":{"self":[{"href":"https:\/\/wp.pop-verlag.com\/index.php?rest_route=\/wp\/v2\/pages\/6680","targetHints":{"allow":["GET"]}}],"collection":[{"href":"https:\/\/wp.pop-verlag.com\/index.php?rest_route=\/wp\/v2\/pages"}],"about":[{"href":"https:\/\/wp.pop-verlag.com\/index.php?rest_route=\/wp\/v2\/types\/page"}],"author":[{"embeddable":true,"href":"https:\/\/wp.pop-verlag.com\/index.php?rest_route=\/wp\/v2\/users\/2"}],"replies":[{"embeddable":true,"href":"https:\/\/wp.pop-verlag.com\/index.php?rest_route=%2Fwp%2Fv2%2Fcomments&post=6680"}],"version-history":[{"count":3,"href":"https:\/\/wp.pop-verlag.com\/index.php?rest_route=\/wp\/v2\/pages\/6680\/revisions"}],"predecessor-version":[{"id":6686,"href":"https:\/\/wp.pop-verlag.com\/index.php?rest_route=\/wp\/v2\/pages\/6680\/revisions\/6686"}],"up":[{"embeddable":true,"href":"https:\/\/wp.pop-verlag.com\/index.php?rest_route=\/wp\/v2\/pages\/712"}],"wp:attachment":[{"href":"https:\/\/wp.pop-verlag.com\/index.php?rest_route=%2Fwp%2Fv2%2Fmedia&parent=6680"}],"curies":[{"name":"wp","href":"https:\/\/api.w.org\/{rel}","templated":true}]}}