{"id":6380,"date":"2022-09-10T07:33:42","date_gmt":"2022-09-10T07:33:42","guid":{"rendered":"https:\/\/wp.pop-verlag.com\/?page_id=6380"},"modified":"2022-09-10T07:34:31","modified_gmt":"2022-09-10T07:34:31","slug":"werner-soellner","status":"publish","type":"page","link":"https:\/\/wp.pop-verlag.com\/?page_id=6380","title":{"rendered":"WERNER S\u00d6LLNER"},"content":{"rendered":"<p><img loading=\"lazy\" decoding=\"async\" class=\"alignleft size-medium wp-image-6381\" src=\"https:\/\/wp.pop-verlag.com\/wp-content\/uploads\/2022\/09\/S\u00f6llner-300x300.jpg\" alt=\"\" width=\"300\" height=\"300\" srcset=\"https:\/\/wp.pop-verlag.com\/wp-content\/uploads\/2022\/09\/S\u00f6llner-300x300.jpg 300w, https:\/\/wp.pop-verlag.com\/wp-content\/uploads\/2022\/09\/S\u00f6llner-150x150.jpg 150w, https:\/\/wp.pop-verlag.com\/wp-content\/uploads\/2022\/09\/S\u00f6llner.jpg 484w\" sizes=\"auto, (max-width: 300px) 100vw, 300px\" \/> <a href=\"https:\/\/wp.pop-verlag.com\/?page_id=6380\">WERNER S\u00d6LLNER<\/a>, geb. am 10. November 1951 in Neupanat\/Horia, \u2020 19. Juli 2019 in Frankfurt am Main, Studium der Physik, Germanistik und Anglistik (1970\u20131975) in Klausenburg\/Cluj-Napoca, danach Deutschlehrer, ab 1976 als Verlagslektor in Bukarest t\u00e4tig. 1982 kehrte er nach einer Reise in die Bundesrepublik Deutschland nicht mehr nach Rum\u00e4nien zur\u00fcck, 2002\u20132010 Leiter des Hessischen Literaturforums im Mousonturm in Frankfurt am Main.<br \/>\nVer\u00f6ffentlichungen: <em>wetterberichte<\/em>. Gedichte. Cluj-Napoca: Dacia 1975, <em>Mitteilungen eines Privatmannes<\/em>. Gedichte. Cluj-Napoca: Dacia 1978,<em> Sprachigkeit. Ein Gedicht<\/em>. Dreieich: pawel pan presse 1979, <em>Eine Entw\u00f6hnung<\/em>. Gedichte. Bukarest: Kriterion 1980, <em>Piramida lupilor<\/em>, Bukarest, Albatros 1981, <em>Das Land, das Leben<\/em>. Gedichte. B\u00fcdingen: pawel pan presse 1984, <em>Es ist nicht alles in Ordnung, aber ok<\/em>. Assenheim: BrennGlass 1985, <em>Kling\u00adstedts romantische Gr\u00fcnde<\/em>. Berlin: U. Panndorf 1988,<em> Kopfland<\/em>, Passagen. Gedichte. Frankfurt am Main: Suhrkamp 1988, <em>Der Schlaf des Trommlers<\/em>. Gedichte. Z\u00fcrich: Ammann 1992, <em>Zweite Natur<\/em>. Gedichte mit Radierungen von Konrad\u00a0Maass. M\u00fcnchen: Mario Br\u00e4ndel Verlagsantiquariat 1993, <em>Was bleibt<\/em>. Gedichte (handschriftlich) mit \u00d6lbildern von Dieter Haack. K\u00f6ln und Bad Soden: o. A., 1993,<em> Knochenmusik.<\/em> Gedichte. Frankfurt am Main: Edition Faust 2015, <em>Schartige Lieder<\/em>. Ausgew\u00e4hlte Gedichte. Frankfurt am Main: Edition Faust 2021. Herausgeber: zus. mit Franz Hodjak und Ludwig Krapf:<em> Herkunft Rum\u00e4nien. \u201eFreunde, wundert euch schleunigst\u201c<\/em>. Eggingen: Edition Isele 1995, <em>Freundschaft der Dichter. Ein Lesebuch des K\u00fcnstlerhauses<\/em> Edenkoben. Z\u00fcrich: Ammann 1997.<br \/>\nLyrikpreis des rum\u00e4nischen Schriftstellerverbandes (1978), F\u00f6rderpreis des Andreas-Gryphius-Preises (1985), Friedrich-H\u00f6lderlin-F\u00f6rderpreis (1988), F\u00f6rderpreis deutscher Sprachpreis 1989 gemeinsam mit Gerhardt Csejka, Helmuth \u00adFrauendorfer, Klaus Hensel, Johann Lippet, Herta M\u00fcller und William Totok (1989), F\u00f6rderpreis des Kulturkreises im Bundesverband der Deutschen Industrie (1992), Ehrengabe der Deutschen Schillerstiftung Weimar (1996) sowie zahlreiche Stipendien.<\/p>\n","protected":false},"excerpt":{"rendered":"<p>WERNER S\u00d6LLNER, geb. am 10. November 1951 in Neupanat\/Horia, \u2020 19. Juli 2019 in Frankfurt am Main, Studium der Physik, Germanistik und Anglistik (1970\u20131975) in Klausenburg\/Cluj-Napoca, danach Deutschlehrer, ab 1976 als Verlagslektor in Bukarest t\u00e4tig. 1982 kehrte er nach einer &hellip; <a class=\"more-link\" href=\"https:\/\/wp.pop-verlag.com\/?page_id=6380\">Weiterlesen <span class=\"meta-nav\">&rarr;<\/span><\/a><\/p>\n","protected":false},"author":2,"featured_media":0,"parent":712,"menu_order":25,"comment_status":"closed","ping_status":"closed","template":"","meta":{"footnotes":""},"class_list":["post-6380","page","type-page","status-publish","hentry"],"jetpack_sharing_enabled":true,"_links":{"self":[{"href":"https:\/\/wp.pop-verlag.com\/index.php?rest_route=\/wp\/v2\/pages\/6380","targetHints":{"allow":["GET"]}}],"collection":[{"href":"https:\/\/wp.pop-verlag.com\/index.php?rest_route=\/wp\/v2\/pages"}],"about":[{"href":"https:\/\/wp.pop-verlag.com\/index.php?rest_route=\/wp\/v2\/types\/page"}],"author":[{"embeddable":true,"href":"https:\/\/wp.pop-verlag.com\/index.php?rest_route=\/wp\/v2\/users\/2"}],"replies":[{"embeddable":true,"href":"https:\/\/wp.pop-verlag.com\/index.php?rest_route=%2Fwp%2Fv2%2Fcomments&post=6380"}],"version-history":[{"count":2,"href":"https:\/\/wp.pop-verlag.com\/index.php?rest_route=\/wp\/v2\/pages\/6380\/revisions"}],"predecessor-version":[{"id":6383,"href":"https:\/\/wp.pop-verlag.com\/index.php?rest_route=\/wp\/v2\/pages\/6380\/revisions\/6383"}],"up":[{"embeddable":true,"href":"https:\/\/wp.pop-verlag.com\/index.php?rest_route=\/wp\/v2\/pages\/712"}],"wp:attachment":[{"href":"https:\/\/wp.pop-verlag.com\/index.php?rest_route=%2Fwp%2Fv2%2Fmedia&parent=6380"}],"curies":[{"name":"wp","href":"https:\/\/api.w.org\/{rel}","templated":true}]}}