{"id":6140,"date":"2022-02-25T06:45:04","date_gmt":"2022-02-25T06:45:04","guid":{"rendered":"https:\/\/wp.pop-verlag.com\/?page_id=6140"},"modified":"2023-04-10T06:30:19","modified_gmt":"2023-04-10T06:30:19","slug":"gert-fabritius","status":"publish","type":"page","link":"https:\/\/wp.pop-verlag.com\/?page_id=6140","title":{"rendered":"Gert Fabritius"},"content":{"rendered":"<p><strong>Gert Fabritius<\/strong>, geboren 1940 in Bukarest, wuchs nach dem Unfalltod des Vaters im selben Jahr als Halbwaise in M\u00fchlbach, Siebenb\u00fcrgen auf. Die Schulzeit unterbrach er zugunsten einer Lehre als Schriftenmaler. Seiner gestalterischen Begabung folgend, legte er das Abitur am Romulus Ladea Lyzeum in Klausenburg ab und nahm anschlie\u00dfend ebenda das Studium an der Kunstakademie Ion Andreescu auf. Schwerpunkte der Ausbildung lagen im Bereich der Zeichnung und Druckgrafik. Besondere Aufmerksamkeit gewann die Technik des Holzschnitts, den er schon fr\u00fch als bevorzugtes Ausdrucksmittel f\u00fcr sich entdeckte. So schloss er das Studium mit einer Reihe von vier Holzschnitten zu Ivo Andri\u0107s Die Br\u00fccke \u00fcber die Drina ab. Interpretation und Illustration von Literatur bildeten auch in den folgenden Jahren einen Schwerpunkt seiner T\u00e4tigkeit, vor allem f\u00fcr die rum\u00e4nische Wochenzeitung Tribuna in Klausenburg. In diesem Zusammenhang entstanden auch mehrere Radierungen zum Werk Franz Kafkas, welches Mitte der 60er Jahre auszugsweise publiziert und dabei von Fabritius\u00b4 Arbeiten begleitet wurde.<br \/>\nSeit 1967 in Bukarest lebend, war Gert Fabritius als Illustrator f\u00fcr die Tageszeitung Neuer Weg, f\u00fcr die Zeitschriften Neue Literatur sowie Volk und Kultur t\u00e4tig. F\u00fcr den Kriterion Verlag entstanden zahlreiche Publikationen. Nach der R\u00fcckkehr von einer auf Einladung der Deutschen Botschaft genehmigten Studienreise in die Bundesrepublik Deutschland im Jahr 1972 wurde er vermehrt zu Verh\u00f6ren vorgeladen, es folgten Zensur seiner Werke und schlie\u00dflich Berufsverbot. Ein Antrag auf Ausreise wurde schlie\u00dflich genehmigt. Fabritius verlie\u00df 1977 gemeinsam mit seiner Frau und den Kindern Rum\u00e4nien.<br \/>\nIn Deutschland gelang es Fabritius trotz umfassender Verpflichtungen als Kunstlehrer am Heinrich-Heine-Gymnasium in Ostfildern die k\u00fcnstlerische Arbeit konsequent fortzusetzen. Ein eigenes Atelier, Druckpressen, die die Produktion gro\u00dfformatiger Holzschnitte erlaubten und rege Ausstellungst\u00e4tigkeit f\u00fchrten bereits nach wenigen Jahren zu einer breiten \u00f6ffentlichen Wahrnehmung und Pr\u00e4senz. Fabritius\u00b4 Werk wurde 1997 mit dem Lovis-Corinth-Sonderpreis der K\u00fcnstlerGilde e.V. im Kunstforum Ostdeutsche Galerie Regensburg (KOG) und 2012 mit dem Siebenb\u00fcrgisch-S\u00e4chsischen Kulturpreis in Dinkelsb\u00fchl ausgezeichnet. Zu den zahlreichen Ausstellungen geh\u00f6ren unter anderem: 1984 Die Gruppe in Paris, 1990 Intergrafik in Berlin, 1997 Lovis-Corinth-Sonderpreis im KOG, 2007 Arche und Tod \u2013 Wiederschein des Seins und 2019 Biblische Parabeln des GegenW\u00e4rtigen im Kleihues-Bau, Kornwestheim, 2009 EbenBild in der Sankt Leonhardskirche Stuttgart und Mythos Heimat \u2013 Heimat im Mythos 2011 im Donauschw\u00e4bischen Zentralmuseum Ulm.<br \/>\nGert Fabritius lebt und arbeitet heute in Hamburg.<\/p>\n<p><span class=\"readonlyText multiple\">Lieferbare Titel von<\/span> <a href=\"https:\/\/wp.pop-verlag.com\/?page_id=6140\"><strong>Gert Fabritius<\/strong><\/a>:<\/p>\n<ul>\n<li><strong><a href=\"http:\/\/wp.pop-verlag.com\/?page_id=734\">Horst Samson<\/a><\/strong>: <strong><a href=\"https:\/\/wp.pop-verlag.com\/?p=6137\">Der Tod ist noch am Leben<\/a><\/strong>. Gedichte. Mit 23 Zeichnungen von <a href=\"https:\/\/wp.pop-verlag.com\/?page_id=6140\"><strong>Gert Fabritius<\/strong><\/a>. Lyrikreihe Bd. 174; ISBN 978-3-86356-355-4; 196 Seiten, \u20ac[D]23,00<\/li>\n<li><a href=\"https:\/\/wp.pop-verlag.com\/?page_id=6578\">Gerhard Eike<\/a>, <a href=\"https:\/\/wp.pop-verlag.com\/?p=6570\"><em>100&amp;33. KONELLIPTISCHE ANSICHTEN<\/em><\/a>. Gedichte. Mit sieben Zeichnungen von <a href=\"https:\/\/wp.pop-verlag.com\/?page_id=6140\">Gert Fabritius<\/a>. Reihe Lyrik Bd. 180, 204 S., ISBN 978-3-86356-373-8, \u20ac[D] 23,00<\/li>\n<\/ul>\n","protected":false},"excerpt":{"rendered":"<p>Gert Fabritius, geboren 1940 in Bukarest, wuchs nach dem Unfalltod des Vaters im selben Jahr als Halbwaise in M\u00fchlbach, Siebenb\u00fcrgen auf. Die Schulzeit unterbrach er zugunsten einer Lehre als Schriftenmaler. Seiner gestalterischen Begabung folgend, legte er das Abitur am Romulus &hellip; <a class=\"more-link\" href=\"https:\/\/wp.pop-verlag.com\/?page_id=6140\">Weiterlesen <span class=\"meta-nav\">&rarr;<\/span><\/a><\/p>\n","protected":false},"author":2,"featured_media":0,"parent":687,"menu_order":3,"comment_status":"closed","ping_status":"closed","template":"","meta":{"footnotes":""},"class_list":["post-6140","page","type-page","status-publish","hentry"],"jetpack_sharing_enabled":true,"_links":{"self":[{"href":"https:\/\/wp.pop-verlag.com\/index.php?rest_route=\/wp\/v2\/pages\/6140","targetHints":{"allow":["GET"]}}],"collection":[{"href":"https:\/\/wp.pop-verlag.com\/index.php?rest_route=\/wp\/v2\/pages"}],"about":[{"href":"https:\/\/wp.pop-verlag.com\/index.php?rest_route=\/wp\/v2\/types\/page"}],"author":[{"embeddable":true,"href":"https:\/\/wp.pop-verlag.com\/index.php?rest_route=\/wp\/v2\/users\/2"}],"replies":[{"embeddable":true,"href":"https:\/\/wp.pop-verlag.com\/index.php?rest_route=%2Fwp%2Fv2%2Fcomments&post=6140"}],"version-history":[{"count":4,"href":"https:\/\/wp.pop-verlag.com\/index.php?rest_route=\/wp\/v2\/pages\/6140\/revisions"}],"predecessor-version":[{"id":6585,"href":"https:\/\/wp.pop-verlag.com\/index.php?rest_route=\/wp\/v2\/pages\/6140\/revisions\/6585"}],"up":[{"embeddable":true,"href":"https:\/\/wp.pop-verlag.com\/index.php?rest_route=\/wp\/v2\/pages\/687"}],"wp:attachment":[{"href":"https:\/\/wp.pop-verlag.com\/index.php?rest_route=%2Fwp%2Fv2%2Fmedia&parent=6140"}],"curies":[{"name":"wp","href":"https:\/\/api.w.org\/{rel}","templated":true}]}}