{"id":6005,"date":"2021-10-27T06:07:20","date_gmt":"2021-10-27T06:07:20","guid":{"rendered":"https:\/\/wp.pop-verlag.com\/?page_id=6005"},"modified":"2021-10-27T06:29:48","modified_gmt":"2021-10-27T06:29:48","slug":"tian-he","status":"publish","type":"page","link":"https:\/\/wp.pop-verlag.com\/?page_id=6005","title":{"rendered":"Tian He"},"content":{"rendered":"<p><strong><img loading=\"lazy\" decoding=\"async\" class=\"alignleft size-medium wp-image-6006\" src=\"https:\/\/wp.pop-verlag.com\/wp-content\/uploads\/2021\/10\/Tian-He-privat-300x224.jpg\" alt=\"\" width=\"300\" height=\"224\" srcset=\"https:\/\/wp.pop-verlag.com\/wp-content\/uploads\/2021\/10\/Tian-He-privat-300x224.jpg 300w, https:\/\/wp.pop-verlag.com\/wp-content\/uploads\/2021\/10\/Tian-He-privat-768x572.jpg 768w, https:\/\/wp.pop-verlag.com\/wp-content\/uploads\/2021\/10\/Tian-He-privat-1024x763.jpg 1024w, https:\/\/wp.pop-verlag.com\/wp-content\/uploads\/2021\/10\/Tian-He-privat-403x300.jpg 403w\" sizes=\"auto, (max-width: 300px) 100vw, 300px\" \/><a href=\"https:\/\/wp.pop-verlag.com\/?page_id=6005\">Tian He<\/a><\/strong> (* 1960) ist ein chinesischer Dichter aus der Provinz Hubei. In den 1980er Jahren begann er, Gedichte zu ver\u00f6ffentlichen. Seitdem sind zahlreiche Gedichtb\u00fccher erschienen, von denen mehrere mit literarischen Preisen bedacht wurden. Zahlreiche Gedichte wurden in Anthologien ver\u00f6ffentlicht. Einzelne Gedichte wurden in mehrere asiatische Sprachen \u00fcbersetzt. In Japan erschien ein Auswahlband seiner Lyrik. Neben dem Schreiben von Gedichten ist Tian He als Dozent f\u00fcr kreatives Schreiben t\u00e4tig.<\/p>\n<p><em>Back to the roots<\/em> geh\u00f6rt zu den Lebensmaximen Tian Hes. So verwundert es nicht, da\u00df es den in einem kleinen Dorf auf dem Land geborenen und seit langer Zeit in der \u2013 wenig geliebten \u2013 Gro\u00dfstadt lebenden Autor regelm\u00e4\u00dfig in heimatliche Regionen zieht, die ihm f\u00fcr die Niederschrift der Gedichte entscheidende Impulse vermitteln.<\/p>\n<p><em>Taschen voller Wind<\/em> ist Tian Hes erstes im deutschen Sprachraum publiziertes Gedichtbuch.<\/p>\n<p><span class=\"readonlyText multiple\">Lieferbare Titel von <strong><a href=\"https:\/\/wp.pop-verlag.com\/?page_id=6005\">Tian He<\/a><\/strong>:<br \/>\n<\/span><\/p>\n<p><a href=\"https:\/\/wp.pop-verlag.com\/?p=5991\">&#8211;<em> Taschen voller Wind. 99 Gedichte<\/em>.<\/a> Mit acht Bildern von <a href=\"https:\/\/wp.pop-verlag.com\/?page_id=6012\">Anna Mgaloblischwili<\/a>. Nachwort: <a href=\"https:\/\/wp.pop-verlag.com\/?page_id=1475\">Dato Barbakadse<\/a>. Reihe Lyrik Band 169, 160 Seiten, ISBN 978-3-86356-345-5, \u20ac [D]19,90<\/p>\n","protected":false},"excerpt":{"rendered":"<p>Tian He (* 1960) ist ein chinesischer Dichter aus der Provinz Hubei. In den 1980er Jahren begann er, Gedichte zu ver\u00f6ffentlichen. Seitdem sind zahlreiche Gedichtb\u00fccher erschienen, von denen mehrere mit literarischen Preisen bedacht wurden. Zahlreiche Gedichte wurden in Anthologien ver\u00f6ffentlicht. &hellip; <a class=\"more-link\" href=\"https:\/\/wp.pop-verlag.com\/?page_id=6005\">Weiterlesen <span class=\"meta-nav\">&rarr;<\/span><\/a><\/p>\n","protected":false},"author":2,"featured_media":0,"parent":674,"menu_order":5,"comment_status":"closed","ping_status":"closed","template":"","meta":{"footnotes":""},"class_list":["post-6005","page","type-page","status-publish","hentry"],"jetpack_sharing_enabled":true,"_links":{"self":[{"href":"https:\/\/wp.pop-verlag.com\/index.php?rest_route=\/wp\/v2\/pages\/6005","targetHints":{"allow":["GET"]}}],"collection":[{"href":"https:\/\/wp.pop-verlag.com\/index.php?rest_route=\/wp\/v2\/pages"}],"about":[{"href":"https:\/\/wp.pop-verlag.com\/index.php?rest_route=\/wp\/v2\/types\/page"}],"author":[{"embeddable":true,"href":"https:\/\/wp.pop-verlag.com\/index.php?rest_route=\/wp\/v2\/users\/2"}],"replies":[{"embeddable":true,"href":"https:\/\/wp.pop-verlag.com\/index.php?rest_route=%2Fwp%2Fv2%2Fcomments&post=6005"}],"version-history":[{"count":5,"href":"https:\/\/wp.pop-verlag.com\/index.php?rest_route=\/wp\/v2\/pages\/6005\/revisions"}],"predecessor-version":[{"id":6019,"href":"https:\/\/wp.pop-verlag.com\/index.php?rest_route=\/wp\/v2\/pages\/6005\/revisions\/6019"}],"up":[{"embeddable":true,"href":"https:\/\/wp.pop-verlag.com\/index.php?rest_route=\/wp\/v2\/pages\/674"}],"wp:attachment":[{"href":"https:\/\/wp.pop-verlag.com\/index.php?rest_route=%2Fwp%2Fv2%2Fmedia&parent=6005"}],"curies":[{"name":"wp","href":"https:\/\/api.w.org\/{rel}","templated":true}]}}