{"id":5869,"date":"2021-08-12T03:21:11","date_gmt":"2021-08-12T03:21:11","guid":{"rendered":"https:\/\/wp.pop-verlag.com\/?page_id=5869"},"modified":"2021-08-12T04:48:49","modified_gmt":"2021-08-12T04:48:49","slug":"gerhild-waechter","status":"publish","type":"page","link":"https:\/\/wp.pop-verlag.com\/?page_id=5869","title":{"rendered":"Gerhild W\u00e4chter"},"content":{"rendered":"<p><img loading=\"lazy\" decoding=\"async\" class=\"alignleft size-medium wp-image-5870\" src=\"https:\/\/wp.pop-verlag.com\/wp-content\/uploads\/2021\/08\/3-280x300.jpg\" alt=\"\" width=\"280\" height=\"300\" srcset=\"https:\/\/wp.pop-verlag.com\/wp-content\/uploads\/2021\/08\/3-280x300.jpg 280w, https:\/\/wp.pop-verlag.com\/wp-content\/uploads\/2021\/08\/3.jpg 661w\" sizes=\"auto, (max-width: 280px) 100vw, 280px\" \/><a href=\"https:\/\/wp.pop-verlag.com\/?page_id=5869\"><strong>Gerhild W\u00e4chter<\/strong><\/a>, 1981 Meisterpr\u00fcfung als Fotografin, seitdem fotografische Dokumentationen: K\u00fcnstlerportraits, Architekturfotos, St\u00e4dteportraits sowie freie Mitarbeit bei verschiedenen Zeitungen und Verlagen. Entwicklung der Fototherapeutischen Intervention, Mitglied im Deutschen Scherenschnittverein, GEDOK Gruppe Franken, BBK N\u00fcrnberg. Einzelausstellungen: Schillerhaus, Bukarest, Kronstadt, 2016 Engel-Installation, Wei\u00dfburg, 2017 DENK-MAL Fotos der Lutherstatue von Martin Mayer, Wei\u00dfenburg, 2018 GLORIA DEI Scherenschnittausstellung, Ebersberg, Gruppenausstellungen, 1998 \u201eBurzenland-K\u00fcnstler\u201c, Dinkelsb\u00fchl, 1999 Kornwestheim Museum im Kleihues-Bau, seit 2013 regelm\u00e4\u00dfig an den Wei\u00dfenburger Kunsttagen, 2020+21 Bayreuth u. v. m.<\/p>\n<p>Lieferbare Titel von <a href=\"https:\/\/wp.pop-verlag.com\/?page_id=5869\"><strong>Gerhild W\u00e4chter:<\/strong><\/a><\/p>\n<ul>\n<li><strong><a href=\"https:\/\/wp.pop-verlag.com\/?page_id=2997\">Dagmar Dusil<\/a><\/strong> \/<a href=\"https:\/\/wp.pop-verlag.com\/?page_id=5864\"><strong> Ioana Ieronim<\/strong><\/a>:\u00a0<strong><a href=\"https:\/\/wp.pop-verlag.com\/?p=5873\">Beleuchtete Busse in denen keiner sa\u00df \/ \u015ei trec autobuze goale<\/a>.<\/strong> Gedichte. Illustration: <a href=\"https:\/\/wp.pop-verlag.com\/?page_id=5869\"><strong>Gerhild W\u00e4chter<\/strong><\/a>. Nachwort von <a href=\"https:\/\/wp.pop-verlag.com\/?page_id=3027\"><strong>Emil Hurezeanu<\/strong><\/a>. Reihe Lyrik Bd. 164, 124 Seiten,\u00a0 ISBN 978-3-86356-339-4; \u20ac[D]19,90<\/li>\n<\/ul>\n","protected":false},"excerpt":{"rendered":"<p>Gerhild W\u00e4chter, 1981 Meisterpr\u00fcfung als Fotografin, seitdem fotografische Dokumentationen: K\u00fcnstlerportraits, Architekturfotos, St\u00e4dteportraits sowie freie Mitarbeit bei verschiedenen Zeitungen und Verlagen. Entwicklung der Fototherapeutischen Intervention, Mitglied im Deutschen Scherenschnittverein, GEDOK Gruppe Franken, BBK N\u00fcrnberg. Einzelausstellungen: Schillerhaus, Bukarest, Kronstadt, 2016 Engel-Installation, Wei\u00dfburg, &hellip; <a class=\"more-link\" href=\"https:\/\/wp.pop-verlag.com\/?page_id=5869\">Weiterlesen <span class=\"meta-nav\">&rarr;<\/span><\/a><\/p>\n","protected":false},"author":2,"featured_media":0,"parent":719,"menu_order":4,"comment_status":"closed","ping_status":"closed","template":"","meta":{"footnotes":""},"class_list":["post-5869","page","type-page","status-publish","hentry"],"jetpack_sharing_enabled":true,"_links":{"self":[{"href":"https:\/\/wp.pop-verlag.com\/index.php?rest_route=\/wp\/v2\/pages\/5869","targetHints":{"allow":["GET"]}}],"collection":[{"href":"https:\/\/wp.pop-verlag.com\/index.php?rest_route=\/wp\/v2\/pages"}],"about":[{"href":"https:\/\/wp.pop-verlag.com\/index.php?rest_route=\/wp\/v2\/types\/page"}],"author":[{"embeddable":true,"href":"https:\/\/wp.pop-verlag.com\/index.php?rest_route=\/wp\/v2\/users\/2"}],"replies":[{"embeddable":true,"href":"https:\/\/wp.pop-verlag.com\/index.php?rest_route=%2Fwp%2Fv2%2Fcomments&post=5869"}],"version-history":[{"count":3,"href":"https:\/\/wp.pop-verlag.com\/index.php?rest_route=\/wp\/v2\/pages\/5869\/revisions"}],"predecessor-version":[{"id":5891,"href":"https:\/\/wp.pop-verlag.com\/index.php?rest_route=\/wp\/v2\/pages\/5869\/revisions\/5891"}],"up":[{"embeddable":true,"href":"https:\/\/wp.pop-verlag.com\/index.php?rest_route=\/wp\/v2\/pages\/719"}],"wp:attachment":[{"href":"https:\/\/wp.pop-verlag.com\/index.php?rest_route=%2Fwp%2Fv2%2Fmedia&parent=5869"}],"curies":[{"name":"wp","href":"https:\/\/api.w.org\/{rel}","templated":true}]}}