{"id":584,"date":"2015-09-01T15:43:43","date_gmt":"2015-09-01T15:43:43","guid":{"rendered":"http:\/\/wp.pop-verlag.com\/?page_id=584"},"modified":"2015-12-19T18:39:37","modified_gmt":"2015-12-19T18:39:37","slug":"theodor-damian","status":"publish","type":"page","link":"https:\/\/wp.pop-verlag.com\/?page_id=584","title":{"rendered":"Theodor Damian"},"content":{"rendered":"<p><a href=\"http:\/\/wp.pop-verlag.com\/wp-content\/uploads\/2015\/09\/theodordamian.jpg\"><img loading=\"lazy\" decoding=\"async\" class=\"alignleft wp-image-586 size-full\" src=\"http:\/\/wp.pop-verlag.com\/wp-content\/uploads\/2015\/09\/theodordamian.jpg\" alt=\"theodordamian\" width=\"300\" height=\"300\" srcset=\"https:\/\/wp.pop-verlag.com\/wp-content\/uploads\/2015\/09\/theodordamian.jpg 300w, https:\/\/wp.pop-verlag.com\/wp-content\/uploads\/2015\/09\/theodordamian-150x150.jpg 150w\" sizes=\"auto, (max-width: 300px) 100vw, 300px\" \/><\/a><\/p>\n<p><strong>Theodor Damian<\/strong>, * 1951, Botosani, Rum\u00e4nien, Studium der Theologie, Theologisches Institut Bukarest, 1975; Master in Theologie, Princeton Theological Seminary,1990; PhD Universit\u00e4t Bukarest,1999; PhD Fordham University, New York, 1993; ab 1992 Professor f\u00fcr Philosophie und Ethik, Metropolitan College of New York; Herausgeber und Chefredakteur der Zeitschrift f\u00fcr rum\u00e4nische Kultur und Spiritualit\u00e4t Lumina Lina\/Gracious Light; Mitarbeiter bei \u00fcber 20 Redaktionen von literarischen und wissenschaftlichen Zeitschriften in Rum\u00e4nien und den USA. Er hat \u00fcber 30 Buchtitel auf dem Gebiet der Theologie und Ethik, Literaturkritik und Lyrik ver\u00f6ffentlicht, unter anderem: Introducere \u00een istoria crestinismului. Primul mileniu (Einf\u00fchrung in die Kirchengeschichte. Das erste Jahrtausend), 2008; Filosofie si literatura: O hermeneutica a provocarii metafizice (Philosophie und Literatur: Eine Hermeneutik der metaphysischen Herausforderung), 2008, sowie die Gedichtb\u00e4nde: Semnul Isar\/The Isar Sign, 2011; \u00cen casa fulgerului (Im Haus des Blitzes), 2013.<\/p>\n<p>Im Pop Verlag erschienen:<br \/>\n\u201e<strong><a href=\"http:\/\/wp.pop-verlag.com\/?p=511\">Ein Fallen selbst im Steigen<\/a><\/strong>&#8222;, Lyrik, Ludwigsburg 2015<\/p>\n","protected":false},"excerpt":{"rendered":"<p>Theodor Damian, * 1951, Botosani, Rum\u00e4nien, Studium der Theologie, Theologisches Institut Bukarest, 1975; Master in Theologie, Princeton Theological Seminary,1990; PhD Universit\u00e4t Bukarest,1999; PhD Fordham University, New York, 1993; ab 1992 Professor f\u00fcr Philosophie und Ethik, Metropolitan College of New York; &hellip; <a class=\"more-link\" href=\"https:\/\/wp.pop-verlag.com\/?page_id=584\">Weiterlesen <span class=\"meta-nav\">&rarr;<\/span><\/a><\/p>\n","protected":false},"author":1,"featured_media":0,"parent":664,"menu_order":1,"comment_status":"closed","ping_status":"closed","template":"","meta":{"footnotes":""},"class_list":["post-584","page","type-page","status-publish","hentry"],"jetpack_sharing_enabled":true,"_links":{"self":[{"href":"https:\/\/wp.pop-verlag.com\/index.php?rest_route=\/wp\/v2\/pages\/584","targetHints":{"allow":["GET"]}}],"collection":[{"href":"https:\/\/wp.pop-verlag.com\/index.php?rest_route=\/wp\/v2\/pages"}],"about":[{"href":"https:\/\/wp.pop-verlag.com\/index.php?rest_route=\/wp\/v2\/types\/page"}],"author":[{"embeddable":true,"href":"https:\/\/wp.pop-verlag.com\/index.php?rest_route=\/wp\/v2\/users\/1"}],"replies":[{"embeddable":true,"href":"https:\/\/wp.pop-verlag.com\/index.php?rest_route=%2Fwp%2Fv2%2Fcomments&post=584"}],"version-history":[{"count":4,"href":"https:\/\/wp.pop-verlag.com\/index.php?rest_route=\/wp\/v2\/pages\/584\/revisions"}],"predecessor-version":[{"id":652,"href":"https:\/\/wp.pop-verlag.com\/index.php?rest_route=\/wp\/v2\/pages\/584\/revisions\/652"}],"up":[{"embeddable":true,"href":"https:\/\/wp.pop-verlag.com\/index.php?rest_route=\/wp\/v2\/pages\/664"}],"wp:attachment":[{"href":"https:\/\/wp.pop-verlag.com\/index.php?rest_route=%2Fwp%2Fv2%2Fmedia&parent=584"}],"curies":[{"name":"wp","href":"https:\/\/api.w.org\/{rel}","templated":true}]}}