{"id":5760,"date":"2021-06-08T05:34:28","date_gmt":"2021-06-08T05:34:28","guid":{"rendered":"https:\/\/wp.pop-verlag.com\/?page_id=5760"},"modified":"2021-06-08T05:35:07","modified_gmt":"2021-06-08T05:35:07","slug":"jean-kirsten","status":"publish","type":"page","link":"https:\/\/wp.pop-verlag.com\/?page_id=5760","title":{"rendered":"Jean Kirsten"},"content":{"rendered":"<p><a href=\"https:\/\/wp.pop-verlag.com\/?page_id=5760\"><strong>Jean Kirsten<\/strong><\/a> wurde am 29. November 1966 in Dresden geboren.<br \/>\nVon 1990\u201395 studierte er Malerei und Grafik bei G\u00fcnter Horlbeck an der Hochschule f\u00fcr Bildende K\u00fcnste Dresden.<br \/>\n1995\u20131997 war Jean Kirsten Meistersch\u00fcler und 1998\u20132004 k\u00fcnstlerischer Assistent bei G\u00fcnther Hornig an der HfBK Dresden.<br \/>\nSeit 2009 Besch\u00e4ftigung mit der Raum-Harmonielehre von Rudolf von Laban und seiner Kinetographie, auch Labanotation genannt.<\/p>\n<p>Jean Kirsten ist Mitglied der Laban Guild in England.<br \/>\nEr lebt und arbeitet in Dresden-Zschieren.<\/p>\n<p>Seit 1995 hatte er ca. 80 Einzelausstellungen in Deutschland, Europa, Nord- und S\u00fcdamerika und Australien. Ausstellungsbeteiligungen weltweit.<\/p>\n<p>Arbeiten im \u00f6ffentlichen Besitz (Auswahl)<br \/>\nKupferstichkabinett Dresden; Deutsche Nationalbibliothek Leipzig; Tanzarchiv Leipzig; Buch- und Schriftmuseum Leipzig; Klassikstiftung Weimar; Carl-Orff-Archiv M\u00fcnchen; Deutsche Nationalbibliothek Frankfurt\/Main, Kunstsammlung der Stadt Brig\/Wallis, Schweiz; Archiv Trinity Laban Conservatoire of Music and Dance, London, UK; City of Skopje, Mazedonien; Special Collections University Libraries, OSU und Ohio Arts Council Columbus, USA.<\/p>\n<p>Lieferbare Titel von <a href=\"https:\/\/wp.pop-verlag.com\/?page_id=5760\"><strong>Jean Kirsten<\/strong><\/a>:<\/p>\n<ul>\n<li><strong><a href=\"http:\/\/wp.pop-verlag.com\/?page_id=2382\">Regine Kress-Fricke<\/a> \/ <a href=\"https:\/\/wp.pop-verlag.com\/?page_id=5760\">Jean Kirsten<\/a><\/strong>: <a href=\"https:\/\/wp.pop-verlag.com\/?p=5720\"><strong>Hommage \u00e0 Martha &amp; Rudolf von Laban<\/strong><\/a><br \/>\nReihe Lyrik Band 160, ISBN 978-3-86356-310-3, 62 Seiten, \u20ac[D]15,90.<\/li>\n<\/ul>\n","protected":false},"excerpt":{"rendered":"<p>Jean Kirsten wurde am 29. November 1966 in Dresden geboren. Von 1990\u201395 studierte er Malerei und Grafik bei G\u00fcnter Horlbeck an der Hochschule f\u00fcr Bildende K\u00fcnste Dresden. 1995\u20131997 war Jean Kirsten Meistersch\u00fcler und 1998\u20132004 k\u00fcnstlerischer Assistent bei G\u00fcnther Hornig an &hellip; <a class=\"more-link\" href=\"https:\/\/wp.pop-verlag.com\/?page_id=5760\">Weiterlesen <span class=\"meta-nav\">&rarr;<\/span><\/a><\/p>\n","protected":false},"author":2,"featured_media":0,"parent":695,"menu_order":2,"comment_status":"closed","ping_status":"closed","template":"","meta":{"footnotes":""},"class_list":["post-5760","page","type-page","status-publish","hentry"],"jetpack_sharing_enabled":true,"_links":{"self":[{"href":"https:\/\/wp.pop-verlag.com\/index.php?rest_route=\/wp\/v2\/pages\/5760","targetHints":{"allow":["GET"]}}],"collection":[{"href":"https:\/\/wp.pop-verlag.com\/index.php?rest_route=\/wp\/v2\/pages"}],"about":[{"href":"https:\/\/wp.pop-verlag.com\/index.php?rest_route=\/wp\/v2\/types\/page"}],"author":[{"embeddable":true,"href":"https:\/\/wp.pop-verlag.com\/index.php?rest_route=\/wp\/v2\/users\/2"}],"replies":[{"embeddable":true,"href":"https:\/\/wp.pop-verlag.com\/index.php?rest_route=%2Fwp%2Fv2%2Fcomments&post=5760"}],"version-history":[{"count":2,"href":"https:\/\/wp.pop-verlag.com\/index.php?rest_route=\/wp\/v2\/pages\/5760\/revisions"}],"predecessor-version":[{"id":5762,"href":"https:\/\/wp.pop-verlag.com\/index.php?rest_route=\/wp\/v2\/pages\/5760\/revisions\/5762"}],"up":[{"embeddable":true,"href":"https:\/\/wp.pop-verlag.com\/index.php?rest_route=\/wp\/v2\/pages\/695"}],"wp:attachment":[{"href":"https:\/\/wp.pop-verlag.com\/index.php?rest_route=%2Fwp%2Fv2%2Fmedia&parent=5760"}],"curies":[{"name":"wp","href":"https:\/\/api.w.org\/{rel}","templated":true}]}}