{"id":5733,"date":"2021-06-01T18:05:19","date_gmt":"2021-06-01T18:05:19","guid":{"rendered":"https:\/\/wp.pop-verlag.com\/?page_id=5733"},"modified":"2024-09-30T04:15:09","modified_gmt":"2024-09-30T04:15:09","slug":"ewart-reder","status":"publish","type":"page","link":"https:\/\/wp.pop-verlag.com\/?page_id=5733","title":{"rendered":"Ewart Reder"},"content":{"rendered":"<p><img loading=\"lazy\" decoding=\"async\" class=\"alignleft size-medium wp-image-5734\" src=\"https:\/\/wp.pop-verlag.com\/wp-content\/uploads\/2021\/06\/Reder_Franz-D\u00f6ringhoff-200x300.jpg\" alt=\"\" width=\"200\" height=\"300\" srcset=\"https:\/\/wp.pop-verlag.com\/wp-content\/uploads\/2021\/06\/Reder_Franz-D\u00f6ringhoff-200x300.jpg 200w, https:\/\/wp.pop-verlag.com\/wp-content\/uploads\/2021\/06\/Reder_Franz-D\u00f6ringhoff-768x1152.jpg 768w, https:\/\/wp.pop-verlag.com\/wp-content\/uploads\/2021\/06\/Reder_Franz-D\u00f6ringhoff-683x1024.jpg 683w\" sizes=\"auto, (max-width: 200px) 100vw, 200px\" \/><a href=\"https:\/\/wp.pop-verlag.com\/?page_id=5733\"><strong>Ewart Reder<\/strong><\/a>, *1957 in Berlin, lebt in Maintal bei Frankfurt. Seit 1998 erscheinen literarische Texte von ihm in Zeitungen, Zeitschriften, Anthologien, Literaturwebseiten, im Rundfunk und in Buchform. Martin L\u00fcdke kommentiert: \u201eEwart Reder hat sich sp\u00e4t, daf\u00fcr aber umso eindrucksvoller in unsere gegenw\u00e4rtige Literatur eingeschrieben.\u201c Freie Mitarbeit f\u00fcr die Zeitschrift <em>Der Literat<\/em> (1999 bis 2008), <em>Kritisches Lexikon der Gegenwartsliteratur, neues deutschland<\/em>, zahlreiche Beitr\u00e4ge f\u00fcr die Frankfurter Rundschau, Frankfurter Allgemeine Zeitung u.a. Mitbegr\u00fcnder und Redakteur der Literatursendung WortWellen bei Radio X, Ffm (seit 2001). Letzte Buchver\u00f6ffentlichung: <em>Reise zum Anfang der Erde<\/em>. Roman, Ffm 2016. Zahlreiche Auszeichnungen. Mitglied des VS.<\/p>\n<p>Lieferbare Titel von<a href=\"https:\/\/wp.pop-verlag.com\/?page_id=5733\"> <strong>Ewart Reder<\/strong><\/a>:<\/p>\n<ul>\n<li><strong><a href=\"https:\/\/wp.pop-verlag.com\/?p=5725\">Die hinteren Kapitel der Ber\u00fchrung<\/a><\/strong>. Gedichte (2022). Reihe Lyrik Bd. 158. Kartoniert mit Schutzumschlag,\u00a0 201 Seiten, ISBN: 978-3-86356-326-4, \u20ac[D]18,50<\/li>\n<\/ul>\n<p>Vorschau<\/p>\n<p><strong>Ewart Reder, komisch, dass wir nicht merken, dass wir komisch sind<br \/>\n<\/strong>ca. 260 S., ISBN 978-3-86356-410-0<\/p>\n<p>Zu Ewart Reders Romandeb\u00fct, das immerhin eine Geiselnahme erz\u00e4hlt, bemerkte der Hanauer Buchh\u00e4ndler Jochen Weihl: \u201eDer ihm eigene gelassene Humor schimmert immer wieder durch.\u201c \u00dcber Reders k\u00fcrzlich im POP-Verlag erschienene Gedichte schrieb faustkultur.de: \u201eDie humorvolle Spitze lauert in vielen poetischen Sequenzen.\u201c<\/p>\n<p>Wer in ernsten Angelegenheiten Humor beh\u00e4lt, muss welchen haben.<br \/>\nJetzt platzt die Lachblase. Ein ganzes Buch mit Comedy legt Reder auf den Ladentisch. Kolumnen f\u00fcr die Frankfurter Rundschau, neues deutschland und andere Zeitungen stehen neben Satiren und Kurzgeschichten, die in Zeitschriften ver\u00f6f-<br \/>\nfentlicht und mitunter pr\u00e4miert wurden. Hier sprechen Handschuhe, Geschirrsp\u00fcler, St\u00e4dte, ein ganzer Planet. Hier verraten Politiker ihre \u00dcberzeugungen (im Sinne von: sie verquatschen sich). Einige Kolumnen durchfliegt eine Drohne, die die Wahrheit kennt, auch die Gedanken. Andere Glossen formulieren Distanzen, unter anderem zu Kartoffeln, Poetry-Slams und Herrenabenden. Ganz wild wird\u2019s in den Geschichten. Ein Jugendlicher, der nie aus seinem Zimmer kommt, betr\u00fcgt in Wahrheit seine Eltern mit einer Zweitfamilie. Jim Morrison stirbt mit siebzig in Rom, nachdem er seinen \u201eTod\u201c in einer Pariser Badewanne 1971 als biographischen Tauchgang geoutet hat.<br \/>\n<strong>Schnall dich an, hier kommt ein Buch wie ein Freizeitpark. Nur billiger.<\/strong><\/p>\n<p><span style=\"color: #ff0000;\">Erscheint Ende Dezember 2024\/Anfang Januar 2025<\/span><\/p>\n","protected":false},"excerpt":{"rendered":"<p>Ewart Reder, *1957 in Berlin, lebt in Maintal bei Frankfurt. Seit 1998 erscheinen literarische Texte von ihm in Zeitungen, Zeitschriften, Anthologien, Literaturwebseiten, im Rundfunk und in Buchform. Martin L\u00fcdke kommentiert: \u201eEwart Reder hat sich sp\u00e4t, daf\u00fcr aber umso eindrucksvoller in &hellip; <a class=\"more-link\" href=\"https:\/\/wp.pop-verlag.com\/?page_id=5733\">Weiterlesen <span class=\"meta-nav\">&rarr;<\/span><\/a><\/p>\n","protected":false},"author":2,"featured_media":0,"parent":708,"menu_order":4,"comment_status":"closed","ping_status":"closed","template":"","meta":{"footnotes":""},"class_list":["post-5733","page","type-page","status-publish","hentry"],"jetpack_sharing_enabled":true,"_links":{"self":[{"href":"https:\/\/wp.pop-verlag.com\/index.php?rest_route=\/wp\/v2\/pages\/5733","targetHints":{"allow":["GET"]}}],"collection":[{"href":"https:\/\/wp.pop-verlag.com\/index.php?rest_route=\/wp\/v2\/pages"}],"about":[{"href":"https:\/\/wp.pop-verlag.com\/index.php?rest_route=\/wp\/v2\/types\/page"}],"author":[{"embeddable":true,"href":"https:\/\/wp.pop-verlag.com\/index.php?rest_route=\/wp\/v2\/users\/2"}],"replies":[{"embeddable":true,"href":"https:\/\/wp.pop-verlag.com\/index.php?rest_route=%2Fwp%2Fv2%2Fcomments&post=5733"}],"version-history":[{"count":5,"href":"https:\/\/wp.pop-verlag.com\/index.php?rest_route=\/wp\/v2\/pages\/5733\/revisions"}],"predecessor-version":[{"id":6992,"href":"https:\/\/wp.pop-verlag.com\/index.php?rest_route=\/wp\/v2\/pages\/5733\/revisions\/6992"}],"up":[{"embeddable":true,"href":"https:\/\/wp.pop-verlag.com\/index.php?rest_route=\/wp\/v2\/pages\/708"}],"wp:attachment":[{"href":"https:\/\/wp.pop-verlag.com\/index.php?rest_route=%2Fwp%2Fv2%2Fmedia&parent=5733"}],"curies":[{"name":"wp","href":"https:\/\/api.w.org\/{rel}","templated":true}]}}