{"id":5578,"date":"2020-12-19T14:15:36","date_gmt":"2020-12-19T14:15:36","guid":{"rendered":"https:\/\/wp.pop-verlag.com\/?page_id=5578"},"modified":"2020-12-19T14:17:13","modified_gmt":"2020-12-19T14:17:13","slug":"adalbert-gyuris","status":"publish","type":"page","link":"https:\/\/wp.pop-verlag.com\/?page_id=5578","title":{"rendered":"Adalbert Gyuris"},"content":{"rendered":"<p><img loading=\"lazy\" decoding=\"async\" class=\"alignleft size-medium wp-image-5579\" src=\"https:\/\/wp.pop-verlag.com\/wp-content\/uploads\/2020\/12\/Adalbert-GYURIS.c-218x300.jpg\" alt=\"\" width=\"218\" height=\"300\" srcset=\"https:\/\/wp.pop-verlag.com\/wp-content\/uploads\/2020\/12\/Adalbert-GYURIS.c-218x300.jpg 218w, https:\/\/wp.pop-verlag.com\/wp-content\/uploads\/2020\/12\/Adalbert-GYURIS.c-768x1056.jpg 768w, https:\/\/wp.pop-verlag.com\/wp-content\/uploads\/2020\/12\/Adalbert-GYURIS.c-745x1024.jpg 745w, https:\/\/wp.pop-verlag.com\/wp-content\/uploads\/2020\/12\/Adalbert-GYURIS.c.jpg 1718w\" sizes=\"auto, (max-width: 218px) 100vw, 218px\" \/><a href=\"https:\/\/wp.pop-verlag.com\/?page_id=5578\"><strong>Adalbert Gyuris<\/strong><\/a>, * 1953 in Verme\u0219\/Rum\u00e4nien, ist ein rum\u00e4nischer Maler, Bildhauer, Schriftsteller und Publizist deutsch-ungarischer Abstammung. 1997 wanderte er nach Deutschland aus und lie\u00df sich in Augsburg nieder.<\/p>\n<p>&nbsp;<\/p>\n<p>&nbsp;<\/p>\n<p>&nbsp;<\/p>\n<p>&nbsp;<\/p>\n<p>&nbsp;<\/p>\n<p>&nbsp;<\/p>\n<p>Lieferbare Titel von <a href=\"https:\/\/wp.pop-verlag.com\/?page_id=5578\"><strong>Adalbert Gyuris<\/strong>:<\/a><\/p>\n<ul>\n<li><a href=\"https:\/\/wp.pop-verlag.com\/?p=5561\"><strong>Die flinke Maus<\/strong><\/a>. Aus dem Rum\u00e4nischen \u00fcbersetzt von Casiana Nemeth und Sophia D\u00e4nner. Illustrationen: Robert Rayeczky. ISBN 978-3-86356-295-3; Reihe Kids . Band 5, 29 Seiten, \u20ac[D]9,90\u00a0\u00a0\u00a0\u00a0\u00a0\u00a0\u00a0\u00a0\u00a0\u00a0\u00a0\u00a0\u00a0\u00a0\u00a0\u00a0\u00a0\u00a0\u00a0\u00a0\u00a0\u00a0\u00a0\u00a0\u00a0\u00a0\u00a0\u00a0\u00a0\u00a0\u00a0\u00a0\u00a0\u00a0\u00a0\u00a0\u00a0\u00a0\u00a0\u00a0\u00a0\u00a0\u00a0\u00a0\u00a0\u00a0\u00a0\u00a0\u00a0\u00a0\u00a0\u00a0\u00a0\u00a0\u00a0\u00a0\u00a0\u00a0\u00a0\u00a0\u00a0\u00a0\u00a0\u00a0\u00a0\u00a0\u00a0\u00a0\u00a0\u00a0\u00a0\u00a0\u00a0\u00a0\u00a0\u00a0\u00a0\u00a0\u00a0\u00a0\u00a0\u00a0\u00a0\u00a0\u00a0\u00a0\u00a0\u00a0\u00a0\u00a0\u00a0\u00a0\u00a0\u00a0\u00a0\u00a0\u00a0\u00a0\u00a0\u00a0\u00a0\u00a0\u00a0\u00a0\u00a0\u00a0\u00a0\u00a0\u00a0\u00a0\u00a0\u00a0\u00a0\u00a0\u00a0\u00a0\u00a0\u00a0\u00a0\u00a0\u00a0\u00a0\u00a0\u00a0\u00a0\u00a0\u00a0\u00a0\u00a0\u00a0\u00a0\u00a0\u00a0\u00a0\u00a0\u00a0\u00a0\u00a0\u00a0\u00a0\u00a0\u00a0\u00a0 <a href=\"http:\/\/www.pop-verlag-shop.com\/Adalbert-Gyuris-Die-flinke-Maus\"><img loading=\"lazy\" decoding=\"async\" class=\"alignleft wp-image-5574 size-full\" src=\"https:\/\/wp.pop-verlag.com\/wp-content\/uploads\/2020\/12\/in-den-Warenkorb.jpg\" alt=\"\" width=\"163\" height=\"32\" \/><\/a><\/li>\n<\/ul>\n","protected":false},"excerpt":{"rendered":"<p>Adalbert Gyuris, * 1953 in Verme\u0219\/Rum\u00e4nien, ist ein rum\u00e4nischer Maler, Bildhauer, Schriftsteller und Publizist deutsch-ungarischer Abstammung. 1997 wanderte er nach Deutschland aus und lie\u00df sich in Augsburg nieder. &nbsp; &nbsp; &nbsp; &nbsp; &nbsp; &nbsp; Lieferbare Titel von Adalbert Gyuris: Die &hellip; <a class=\"more-link\" href=\"https:\/\/wp.pop-verlag.com\/?page_id=5578\">Weiterlesen <span class=\"meta-nav\">&rarr;<\/span><\/a><\/p>\n","protected":false},"author":2,"featured_media":0,"parent":672,"menu_order":15,"comment_status":"closed","ping_status":"closed","template":"","meta":{"footnotes":""},"class_list":["post-5578","page","type-page","status-publish","hentry"],"jetpack_sharing_enabled":true,"_links":{"self":[{"href":"https:\/\/wp.pop-verlag.com\/index.php?rest_route=\/wp\/v2\/pages\/5578","targetHints":{"allow":["GET"]}}],"collection":[{"href":"https:\/\/wp.pop-verlag.com\/index.php?rest_route=\/wp\/v2\/pages"}],"about":[{"href":"https:\/\/wp.pop-verlag.com\/index.php?rest_route=\/wp\/v2\/types\/page"}],"author":[{"embeddable":true,"href":"https:\/\/wp.pop-verlag.com\/index.php?rest_route=\/wp\/v2\/users\/2"}],"replies":[{"embeddable":true,"href":"https:\/\/wp.pop-verlag.com\/index.php?rest_route=%2Fwp%2Fv2%2Fcomments&post=5578"}],"version-history":[{"count":3,"href":"https:\/\/wp.pop-verlag.com\/index.php?rest_route=\/wp\/v2\/pages\/5578\/revisions"}],"predecessor-version":[{"id":5582,"href":"https:\/\/wp.pop-verlag.com\/index.php?rest_route=\/wp\/v2\/pages\/5578\/revisions\/5582"}],"up":[{"embeddable":true,"href":"https:\/\/wp.pop-verlag.com\/index.php?rest_route=\/wp\/v2\/pages\/672"}],"wp:attachment":[{"href":"https:\/\/wp.pop-verlag.com\/index.php?rest_route=%2Fwp%2Fv2%2Fmedia&parent=5578"}],"curies":[{"name":"wp","href":"https:\/\/api.w.org\/{rel}","templated":true}]}}