{"id":5452,"date":"2020-11-05T05:27:48","date_gmt":"2020-11-05T05:27:48","guid":{"rendered":"https:\/\/wp.pop-verlag.com\/?page_id=5452"},"modified":"2020-11-05T05:27:48","modified_gmt":"2020-11-05T05:27:48","slug":"radu-carp","status":"publish","type":"page","link":"https:\/\/wp.pop-verlag.com\/?page_id=5452","title":{"rendered":"Radu Carp"},"content":{"rendered":"<p>Radu Carp<\/p>\n<p>Biografie<\/p>\n<p>\u2022 Universit\u00e4tsprofessor Doktor, Fakult\u00e4t f\u00fcr Politikwissenschaft, Universit\u00e4t Bukarest.<br \/>\n\u2022 Direktor der \u015ecoala Doctoral\u0103 de \u015etiin\u0163e Politice (Doktorandenschule f\u00fcr Politikwissenschaft), Universit\u00e4t Bukarest.<br \/>\n\u2022 MA in europ\u00e4ischen Studien und internationalen Beziehungen, Institut Europ\u00e9en des Hautes Etudes Internationales, Nizza (1996). Doktor der Rechte, Rechtsfakult\u00e4t der Babe\u015f-Bolyai-Universit\u00e4t, Cluj-Napoca (2002).<br \/>\n\u2022 Repr\u00e4sentant der Universit\u00e4t Bukarest beim Projekt CIII-PL-0702-06-1718 \u2013 Ethics and Politics in the European Context, Teil des Netzwerks CEEPUS III, koordiniert von der Katholischen Universit\u00e4t \u201eJohannes Paul II.\u201c in Lublin, das zw\u00f6lf mittel- und osteurop\u00e4ische Universit\u00e4ten umfasst (2012\u2013).<br \/>\n\u2022 Koordinator der Teilnehmergruppe von der Universit\u00e4t Bukarest an dem europ\u00e4ischen wissenschaftlichen Netzwerk Observatory on Local Autonomy, betreut von der Universit\u00e9 de Lille 2 (2015\u2013).<br \/>\n\u2022 Mitglied des Exekutivkomitees und des Akademischen Rats des EMA \u2013 European Master\u2019s Degree<br \/>\nin Human Rights and Democratization, eines Programms des EIUC \u2013 European Inter-University Centre for Human Rights and Democratization, Venedig (2015\u2013).<br \/>\n\u2022 Experte und Gutachter: UEFISCDI \u2013 Unitatea Executiv\u0103 pentru Finan\u0163area \u00cenv\u0103\u0163\u0103m\u00e2ntului Superior,<br \/>\na Cercet\u0103rii, Dezvolt\u0103rii \u015fi Inov\u0103rii [Durchf\u00fchrende Stelle f\u00fcr die Finanzierung des h\u00f6heren Unterrichtswesens, der Forschung, Entwicklung und Innovation]; Agen\u0163ia de Credite \u015fi Burse de Studii a Ministerului Edu-ca\u0163iei Na\u0163ionale [Agentur f\u00fcr Studienkredite und Stipendien des Unterrichtsministeriums]; AUF \u2013 Agence<br \/>\nUniversitaire de la Francophonie, Bureau Europe Cen-<br \/>\ntrale et Orientale; ICR \u2013 Institutul Cultural Rom\u00e2n [Rum\u00e4nisches Kulturinstitut].<br \/>\n\u2022 Mitglied der Herausgeberteams von Analele Universit\u0103\u0163ii Bucure\u015fti \u2013 seria \u015ftiin\u0163e politice; Polis; Agora International Journal of Administration Sciences; International Comparative Jurisprudence.<br \/>\n\u2022 Gr\u00fcndungsmitglied von INTER \u2013 Institutul Rom\u00e2n<br \/>\nde Studii Inter-Ortodoxe, Inter-Confesionale \u015fi Inter-<br \/>\nReligioase [Rum\u00e4nisches Institut f\u00fcr interorthodoxe, interkonfessionelle und interreligi\u00f6se Studien].<br \/>\n\u2022 Mitglied der Society for the Law of the Eastern Churches, der European Society of International Law und des Institutul de Drept Public \u015fi \u015etiin\u0163e Administrative al Rom\u00e2niei [Rum\u00e4nisches Institut f\u00fcr \u00f6ffentliches Recht und Verwaltungswissenschaft].<br \/>\n\u2022 Mitglied der Einspruchsstelle CNATDCU, Kommission f\u00fcr Sozial-, Politik- und Verwaltungswissenschaft (2012\u20132016).<br \/>\n\u2022 Mitglied des Verwaltungsrats der Fernsehgesellschaft SRTV (2012\u20132017).<br \/>\n\u2022 Berater der Abteilung Internationale Beziehungen (2005\u20132009) sowie Bildung und Forschung (2009\u20132010) der Pr\u00e4sidialverwaltung.<br \/>\n\u2022 Generaldirektor des Institutul Diplomatic Rom\u00e2n [Rum\u00e4nisches Diplomatisches Institut], Au\u00dfenministerium (2010\u20132012).<br \/>\n\u2022 Prodekan (2008\u20132010) und Wissenschaftlicher Sekret\u00e4r (2010\u20132012) der Fakult\u00e4t f\u00fcr Politikwissenschaft, Universit\u00e4t Bukarest.<br \/>\n\u2022 Teilnehmer seitens der Universit\u00e4t Bukarest am internationalen Forschungsprojekt 156171-LLP-1-IT-ERASMUS JUSTMEN. Menue for Justice. Towards a European Curriculum on Judicial Studies, koordiniert von der Universit\u00e4t Bologna und finanziert von der<br \/>\nEurop\u00e4ischen Kommission im Rahmen des Lifelong<br \/>\nLearning Programme \u2013 Erasmus Network (2009\u20132013).<br \/>\n\u2022 Mitglied des International Centre for Black Sea Studies, Athen (2010\u20132013).<br \/>\n\u2022 Mitglied der Kommission f\u00fcr Rechtswissenschaft (2006\u20132008), f\u00fcr institutionelle Evaluierung (2008\u20132011), f\u00fcr Sozial-, Politik- und Kommunikationswissenschaft (2013\u20132016) von ARACIS.<br \/>\n\u2022 Wissenschaftlicher Sekret\u00e4r der Pr\u00e4sidialkommission zur Analyse der rum\u00e4nischen Politik und Verfassung (2008).<br \/>\n\u2022 Ritter des Souver\u00e4nen Malteserordens (2010).<br \/>\n\u2022 Gastprofessuren: Institut f\u00fcr Politikwissenschaft der Universit\u00e4t Wien (2017); National Tchengchi University, Taiwan (2016); EIUC \u2013 European Inter-Univer-<br \/>\nsity Centre for Human Rights and Democratization, Venedig (2016, 2017); Matej-Bel-Universit\u00e4t, Bansk\u00e1 Bystrica (2016); Universit\u00e0 degli Studi, Florenz (2015); Institut f\u00fcr Sozialethik der Universit\u00e4t Wien (2015); Institut f\u00fcr Politikwissenschaft der Universit\u00e4t Wroc\u0142aw, Polen (2014, 2017); Universit\u00e4t Trnava, Slowakei (2014); Ume\u00e5 Universitet, Schweden (2013); Karls-Universit\u00e4t, Prag (2013); Universit\u00e4t Szeged, Ungarn (2012); The Munk School of Global Affairs, Universit\u00e4t Toronto (2011); Mykolo Romerio Universitetas, Vilnius (2010); Rechtsfakult\u00e4t der Babe\u015f-Bolyai-Universit\u00e4t Cluj-Napoca, Master-Studienprogramm Etat de droit et soci\u00e9t\u00e9 civile (2010); Rum\u00e4nisches Diplomatisches Institut (2006\u20132007); Zentrum f\u00fcr europ\u00e4ische Studien der Universit\u00e4t \u201eAl. I. Cuza\u201c, Ia\u015fi (2005\u20132006); Fachbereich Amerikanische Kulturstudien, Fakult\u00e4t f\u00fcr Fremdsprachen der Universit\u00e4t Bukarest (2002\u20132005); Nationale und Kapodistrias-Universit\u00e4t, Athen (2000).<br \/>\n\u2022 Leiter der Forschungsprogramme an der Diplomaten\u00adakademie Bukarest (2003\u20132005).<br \/>\n\u2022 Forschungsmitglied: Konrad Adenauer Stiftung und Wilfried Martens Centre for European Studies, Projekt European Perceptions in Romania (2015); Institut f\u00fcr Rechtsphilosophie, Religions- und Kulturrecht der Universit\u00e4t Wien (2006\u20132008); IER \u2013 Institutul European din Rom\u00e2nia\/European Institute of Romania (2007); IER \u2013 Institutul European din Rom\u00e2nia\/European Institute of Romania, im Rahmen der Programme Accession Impact Studies \u2013 PAIS 3 (2005); LBI \u2013 Ludwig Boltzmann Institut f\u00fcr religi\u00f6se Studien zur europ\u00e4ischen Integration, Programm des New<br \/>\nEurope College, Bukarest (2004); T.M.C. Asser Instituut, Den Haag (2002).<\/p>\n<p>Buchpublikationen: (zusammen mit Lauren\u0163iu Vlad und Ioan Stanomir) De la \u201epravil\u0103\u201c la \u201econstitu\u0163ie\u201c.<br \/>\nO istorie a \u00eenceputurilor constitu\u0163ionalismului rom\u00e2nesc [Vom \u201eBrauch\u201c zur \u201eVerfassung\u201c. Eine Geschichte der Anf\u00e4nge des rum\u00e4nischen Konstitutionalismus], Nemira, 2002; Responsabilitatea ministerial\u0103. Studiu de drept public comparat [Ministeriale Verantwortung. Eine vergleichende Studie des \u00f6ffentlichen Rechts], All-Beck, 2003; (zusammen mit Simona \u015eandru) Dreptul la intimitate \u015fi protec\u0163ia datelor cu caracter personal. De la acquis-ul comunitar la legisla\u0163ia rom\u00e2neasc\u0103 [Das Recht auf Intimit\u00e4t und den Schutz pers\u00f6nlicher Daten. Vom gemeinsamen Besitzstand zur rum\u00e4nischen Gesetzgebung], All-Beck, 2004; (Hg.) Un suflet pentru Europa. Dimensiunea religioas\u0103 a unui proiect politic [Eine Seele f\u00fcr<br \/>\nEuropa. Die religi\u00f6se Dimension eines politischen Projekts], Editura Funda\u0163iei Anastasia, 2005; (zusammen mit Marius Profiroiu, Tudorel Andrei, Drago\u015f Dinc\u0103) Reforma administra\u0163iei publice \u00een contextul inte\u00adgr\u0103rii europene\/Public Administration Reform in the Perspective of Romania\u2019s Accession to the European Union [Die Reform der \u00f6ffentlichen Verwaltung im Kontext der europ\u00e4ischen Integration], Institutul European din Rom\u00e2nia, Bucure\u015fti, 2006; Proiectul politic european. De la valori la ac\u0163iune comun\u0103 [Das politische Projekt Europas. Von gemeinsamen Werten zu<br \/>\ngemeinsamem Handeln], Editura Universit\u0103\u0163ii din<br \/>\nBucure\u015fti, 2006; (zusammen mit Dacian Gra\u0163ian<br \/>\nGal, Sorin Mure\u015fan, Radu Preda) Principiile g\u00e2ndirii populare. Doctrina cre\u015ftin-democrat\u0103 \u015fi ac\u0163iunea social\u0103 [Die Prinzipien des popul\u00e4ren Denkens.<br \/>\nChristlich-demokratische Doktrin und soziales Handeln], Eikon, 2006; (zusammen mit Teodor Baconsky, Ioan I. Ic\u0103 jr., Anca Manolescu, Elena \u015etefoi, Bogdan T\u0103taru-Cazaban) Pentru un cre\u015ftinism al noii Europe [F\u00fcr ein christliches neues Europa], Humanitas, Serie Boltzmann, Bd. III, 2007; (zusammen mit Manuela Nevaci, Mariana Nicolae, Camelia Runceanu, Nicolae Saramandu) Multilingvism \u015fi dialog intercultural \u00een Uniunea European\u0103. O viziune rom\u00e2neasc\u0103\/Multilingualism and Intercultural Dialogue in<br \/>\nthe European Union. A Romanian Perspective [Mehrsprachigkeit und interkultureller Dialog in der Europ\u00e4ischen Union. Eine rum\u00e4nische Perspektive], Institutul European din Rom\u00e2nia, Bucure\u015fti, 2008; (zusammen mit Ioan Stanomir) Limitele Constitu\u0163iei. Despre guvernare, politic\u0103 \u015fi cet\u0103\u0163enie \u00een Rom\u00e2nia [Die Grenzen der Verfassung. Zur Staatsf\u00fchrung, Politik und Staatsb\u00fcrgerschaft in Rum\u00e4nien], C.H. Beck, 2008; (zusammen mit Dacian<br \/>\nGra\u0163ian Gal, Sorin Mure\u015fan, Radu Preda) \u00cen c\u0103utarea binelui comun. Pentru o viziune cre\u015ftin\u0103 a democra\u0163iei rom\u00e2ne\u015fti [Auf der Suche nach dem gemeinsamen Wohl. Eine christliche Vision der rum\u00e4\u00adnischen Demokratie], Eikon, 2008; Dumnezeu la Bruxelles. Religia \u00een spa\u0163iul public european [Gott in Br\u00fcssel. Religion in der europ\u00e4ischen \u00d6ffentlichkeit], Eikon, 2009; (zusammen mit Ioan Stanomir) Inventarea Constitu\u0163iei. Proiecte intelectuale \u015fi dezvoltare institu\u0163ional\u0103 \u00een Principatele Rom\u00e2ne \u00een secolul XIX [Die Verfassungsfindung. Intellektuelle Projekte und institutionelle Entwicklungen in den rum\u00e4nischen F\u00fcrstent\u00fcmern im 19. Jahrhundert], C.H. Beck, 2009; Religia \u00een tranzi\u0163ie. Ipostaze ale Rom\u00e2niei cre\u015ftine [Religion im Wandel. Hypostasen des christlichen Rum\u00e4nien], Eikon, 2009; Religie, politic\u0103 &amp; statul de drept. Secven\u0163ele unei acomo\u00add\u0103ri [Religion, Politik &amp; Rechtsstaat. Sequenzen einer<br \/>\nAnpassung], Humanitas, 2013; Politograma. Incursiuni \u00een vocabularul democra\u0163iei [Politogramm. Erkundungen des demokratischen Vokabulars], Insti\u00adtutul European, 2015; Dreptul public, perspectiva comparat\u0103 \u015fi analiza politic\u0103 \u2013 o intersec\u0163ie necesar\u0103 [\u00d6ffentliches Recht, vergleichende Perspektive und politische Analyse \u2013 ein notwendiger Schnittpunkt], Adenium, 2015; (Hg.) Calea european\u0103 a Repu-<br \/>\nblicii Moldova [Der europ\u00e4ische Weg der Republik Moldau], Adenium, 2016.<br \/>\nBuchbeitr\u00e4ge: in \u00d6sterreich, Deutschland, Belgien, Bulgarien, Litauen, Polen, der Republik Moldau, den Niederlanden, den USA, der Ukraine.<\/p>\n<p>Zeitschriftenartikel: in Analele Universit\u0103\u0163ii Bucu-<br \/>\nre\u015fti \u2013 seria \u015ftiin\u0163e politice; Polis; Sfera Politicii; Polish Political Science Review; Studia Politica. Romanian Political Science Review; Revista Rom\u00e2n\u0103 de Studii Interna\u0163ionale; The Romanian Journal of European Studies; Dreptul; Revista de Drept Public; Revista Transilvan\u0103 de \u015etiin\u0163e Administrative; Bule\u00adtinul \u015ftiin\u0163ific al Universit\u0103\u0163ii \u201eMihail Kog\u0103lniceanu\u201c; East European Constitutional Review; Eurolimes; Kanon; INTER. Romanian Review for Theological and Religious Studies; Journal for the Study of Religions and Ideologies; Jurisprudencija; Saeculum; Studia Universitatis \u201eBabe\u015f-Bolyai\u201c \u2013 Iurisprudentia; Tabor; Transilvania; Transylvanian Review of Administrative Sciences; Utrecht Law Review etc.<\/p>\n","protected":false},"excerpt":{"rendered":"<p>Radu Carp Biografie \u2022 Universit\u00e4tsprofessor Doktor, Fakult\u00e4t f\u00fcr Politikwissenschaft, Universit\u00e4t Bukarest. \u2022 Direktor der \u015ecoala Doctoral\u0103 de \u015etiin\u0163e Politice (Doktorandenschule f\u00fcr Politikwissenschaft), Universit\u00e4t Bukarest. \u2022 MA in europ\u00e4ischen Studien und internationalen Beziehungen, Institut Europ\u00e9en des Hautes Etudes Internationales, Nizza (1996). &hellip; <a class=\"more-link\" href=\"https:\/\/wp.pop-verlag.com\/?page_id=5452\">Weiterlesen <span class=\"meta-nav\">&rarr;<\/span><\/a><\/p>\n","protected":false},"author":2,"featured_media":0,"parent":662,"menu_order":3,"comment_status":"closed","ping_status":"closed","template":"","meta":{"footnotes":""},"class_list":["post-5452","page","type-page","status-publish","hentry"],"jetpack_sharing_enabled":true,"_links":{"self":[{"href":"https:\/\/wp.pop-verlag.com\/index.php?rest_route=\/wp\/v2\/pages\/5452","targetHints":{"allow":["GET"]}}],"collection":[{"href":"https:\/\/wp.pop-verlag.com\/index.php?rest_route=\/wp\/v2\/pages"}],"about":[{"href":"https:\/\/wp.pop-verlag.com\/index.php?rest_route=\/wp\/v2\/types\/page"}],"author":[{"embeddable":true,"href":"https:\/\/wp.pop-verlag.com\/index.php?rest_route=\/wp\/v2\/users\/2"}],"replies":[{"embeddable":true,"href":"https:\/\/wp.pop-verlag.com\/index.php?rest_route=%2Fwp%2Fv2%2Fcomments&post=5452"}],"version-history":[{"count":1,"href":"https:\/\/wp.pop-verlag.com\/index.php?rest_route=\/wp\/v2\/pages\/5452\/revisions"}],"predecessor-version":[{"id":5453,"href":"https:\/\/wp.pop-verlag.com\/index.php?rest_route=\/wp\/v2\/pages\/5452\/revisions\/5453"}],"up":[{"embeddable":true,"href":"https:\/\/wp.pop-verlag.com\/index.php?rest_route=\/wp\/v2\/pages\/662"}],"wp:attachment":[{"href":"https:\/\/wp.pop-verlag.com\/index.php?rest_route=%2Fwp%2Fv2%2Fmedia&parent=5452"}],"curies":[{"name":"wp","href":"https:\/\/api.w.org\/{rel}","templated":true}]}}