{"id":5305,"date":"2020-07-09T13:37:33","date_gmt":"2020-07-09T13:37:33","guid":{"rendered":"https:\/\/wp.pop-verlag.com\/?page_id=5305"},"modified":"2020-07-09T13:44:46","modified_gmt":"2020-07-09T13:44:46","slug":"michael-schaffer","status":"publish","type":"page","link":"https:\/\/wp.pop-verlag.com\/?page_id=5305","title":{"rendered":"Michael Schaffer"},"content":{"rendered":"<p><img loading=\"lazy\" decoding=\"async\" class=\"alignleft size-medium wp-image-5306\" src=\"https:\/\/wp.pop-verlag.com\/wp-content\/uploads\/2020\/07\/Foto_MichaelSchaffer-254x300.jpg\" alt=\"\" width=\"254\" height=\"300\" srcset=\"https:\/\/wp.pop-verlag.com\/wp-content\/uploads\/2020\/07\/Foto_MichaelSchaffer-254x300.jpg 254w, https:\/\/wp.pop-verlag.com\/wp-content\/uploads\/2020\/07\/Foto_MichaelSchaffer-768x908.jpg 768w, https:\/\/wp.pop-verlag.com\/wp-content\/uploads\/2020\/07\/Foto_MichaelSchaffer-866x1024.jpg 866w, https:\/\/wp.pop-verlag.com\/wp-content\/uploads\/2020\/07\/Foto_MichaelSchaffer.jpg 1181w\" sizes=\"auto, (max-width: 254px) 100vw, 254px\" \/><a href=\"https:\/\/wp.pop-verlag.com\/?page_id=5305\"><strong>Michael Schaffer<\/strong><\/a>, geboren in Andernach am Rhein, lebt als Maler, Musiker, Musikverleger und Lyriker im Hunsr\u00fcck\/Rheinland Pfalz. Gruppen- und Einzelausstellungen im In- und Ausland, darunter Salzburg, Florenz und Rom. Diverse Auftragsarbeiten: Buchillustrationen und Cover-Art.<\/p>\n<p><span class=\"readonlyText multiple\">Lieferbare Titel von\u00a0 <a href=\"https:\/\/wp.pop-verlag.com\/?page_id=5305\"><strong>Michael Schaffer<\/strong><\/a><strong>:<\/strong><br \/>\n<\/span><\/p>\n<ul>\n<li><strong><span class=\"readonlyText multiple\"><a href=\"https:\/\/wp.pop-verlag.com\/?page_id=5300\">Wendel Sch\u00e4fer<\/a><\/span><\/strong><span class=\"readonlyText multiple\">:<\/span> <strong>Freigang der K\u00e4uze. <a href=\"https:\/\/wp.pop-verlag.com\/?p=5098\">Von Schelmen, Tr\u00f6pfen, schr\u00e4gen V\u00f6geln<\/a><\/strong>. Illustration und Coverbild: <a href=\"https:\/\/wp.pop-verlag.com\/?page_id=5305\"><strong>Michael Schaffer<\/strong><\/a>. Reihe Epik Bd. 106; ISBN: 978-3-86356-278-6; 244 Seiten, \u20ac[D]19,50<\/li>\n<\/ul>\n","protected":false},"excerpt":{"rendered":"<p>Michael Schaffer, geboren in Andernach am Rhein, lebt als Maler, Musiker, Musikverleger und Lyriker im Hunsr\u00fcck\/Rheinland Pfalz. Gruppen- und Einzelausstellungen im In- und Ausland, darunter Salzburg, Florenz und Rom. Diverse Auftragsarbeiten: Buchillustrationen und Cover-Art. Lieferbare Titel von\u00a0 Michael Schaffer: Wendel &hellip; <a class=\"more-link\" href=\"https:\/\/wp.pop-verlag.com\/?page_id=5305\">Weiterlesen <span class=\"meta-nav\">&rarr;<\/span><\/a><\/p>\n","protected":false},"author":2,"featured_media":0,"parent":712,"menu_order":10,"comment_status":"closed","ping_status":"closed","template":"","meta":{"footnotes":""},"class_list":["post-5305","page","type-page","status-publish","hentry"],"jetpack_sharing_enabled":true,"_links":{"self":[{"href":"https:\/\/wp.pop-verlag.com\/index.php?rest_route=\/wp\/v2\/pages\/5305","targetHints":{"allow":["GET"]}}],"collection":[{"href":"https:\/\/wp.pop-verlag.com\/index.php?rest_route=\/wp\/v2\/pages"}],"about":[{"href":"https:\/\/wp.pop-verlag.com\/index.php?rest_route=\/wp\/v2\/types\/page"}],"author":[{"embeddable":true,"href":"https:\/\/wp.pop-verlag.com\/index.php?rest_route=\/wp\/v2\/users\/2"}],"replies":[{"embeddable":true,"href":"https:\/\/wp.pop-verlag.com\/index.php?rest_route=%2Fwp%2Fv2%2Fcomments&post=5305"}],"version-history":[{"count":4,"href":"https:\/\/wp.pop-verlag.com\/index.php?rest_route=\/wp\/v2\/pages\/5305\/revisions"}],"predecessor-version":[{"id":5312,"href":"https:\/\/wp.pop-verlag.com\/index.php?rest_route=\/wp\/v2\/pages\/5305\/revisions\/5312"}],"up":[{"embeddable":true,"href":"https:\/\/wp.pop-verlag.com\/index.php?rest_route=\/wp\/v2\/pages\/712"}],"wp:attachment":[{"href":"https:\/\/wp.pop-verlag.com\/index.php?rest_route=%2Fwp%2Fv2%2Fmedia&parent=5305"}],"curies":[{"name":"wp","href":"https:\/\/api.w.org\/{rel}","templated":true}]}}