{"id":5300,"date":"2020-07-09T13:34:04","date_gmt":"2020-07-09T13:34:04","guid":{"rendered":"https:\/\/wp.pop-verlag.com\/?page_id=5300"},"modified":"2020-07-09T13:43:02","modified_gmt":"2020-07-09T13:43:02","slug":"wendel-schaefer","status":"publish","type":"page","link":"https:\/\/wp.pop-verlag.com\/?page_id=5300","title":{"rendered":"Wendel Sch\u00e4fer"},"content":{"rendered":"<p><strong><img loading=\"lazy\" decoding=\"async\" class=\"alignleft size-medium wp-image-5301\" src=\"https:\/\/wp.pop-verlag.com\/wp-content\/uploads\/2020\/07\/Wendel-Sch\u00e4fer-300x275.jpg\" alt=\"\" width=\"300\" height=\"275\" srcset=\"https:\/\/wp.pop-verlag.com\/wp-content\/uploads\/2020\/07\/Wendel-Sch\u00e4fer-300x275.jpg 300w, https:\/\/wp.pop-verlag.com\/wp-content\/uploads\/2020\/07\/Wendel-Sch\u00e4fer-768x704.jpg 768w, https:\/\/wp.pop-verlag.com\/wp-content\/uploads\/2020\/07\/Wendel-Sch\u00e4fer-1024x938.jpg 1024w, https:\/\/wp.pop-verlag.com\/wp-content\/uploads\/2020\/07\/Wendel-Sch\u00e4fer-327x300.jpg 327w, https:\/\/wp.pop-verlag.com\/wp-content\/uploads\/2020\/07\/Wendel-Sch\u00e4fer.jpg 1136w\" sizes=\"auto, (max-width: 300px) 100vw, 300px\" \/><a href=\"https:\/\/wp.pop-verlag.com\/?page_id=5300\">Wendel Sch\u00e4fer<\/a><\/strong>, *1940 in Bundenbach\/Hunsr\u00fcck, lebt in Boppard am Rhein; schreibt in erster Linie kurze Prosa und Lyrik; Herausgebert\u00e4tigkeit (u. a. RLP-Autorenanthologie mit Klaus Wiegerling); Grafiken f\u00fcr B\u00fccher und Zeitschriften; Vorsitzender des VS Rheinland-Pfalz von 1994 bis 1998, Ehrenvorsitzender seit 2010; Mitglied der Gesellschaft f\u00fcr zeitgen\u00f6ssische Lyrik e.V. (Leipzig), des Literaturwerks Rheinland-Pfalz\/Saar, der Humboldtgesellschaft f\u00fcr Wissenschaft, Kunst und Kultur sowie im Verein Deutsche Sprache e. V. (Dortmund); ausgezeichnet mit zwei Hafiz-<br \/>\nSatirepreisen; zahlreiche Einzeltitel (Kinder- und Jugendbuch, Aphorismen, Epigramme, Diarium, Lyrik, Kurzprosa), zuletzt Nebens\u00e4tzlichkeiten (2015), Schweigegold (2016), Wie Wolken dahin (2017), Gestichelte Zeit, Es ist angerichtet (2019).<\/p>\n<p><span class=\"readonlyText multiple\">Lieferbare Titel von <strong><a href=\"https:\/\/wp.pop-verlag.com\/?page_id=5300\">Wendel Sch\u00e4fer<\/a><\/strong>:<br \/>\n<\/span><\/p>\n<ul>\n<li><strong>Freigang der K\u00e4uze. <a href=\"https:\/\/wp.pop-verlag.com\/?p=5098\">Von Schelmen, Tr\u00f6pfen, schr\u00e4gen V\u00f6geln<\/a><\/strong>. Illustration und Coverbild: <a href=\"https:\/\/wp.pop-verlag.com\/?page_id=5305\"><strong>Michael Schaffer<\/strong><\/a>. Reihe Epik Bd. 106; ISBN: 978-3-86356-278-6; 244 Seiten, \u20ac[D]19,50<\/li>\n<\/ul>\n<p>&nbsp;<\/p>\n","protected":false},"excerpt":{"rendered":"<p>Wendel Sch\u00e4fer, *1940 in Bundenbach\/Hunsr\u00fcck, lebt in Boppard am Rhein; schreibt in erster Linie kurze Prosa und Lyrik; Herausgebert\u00e4tigkeit (u. a. RLP-Autorenanthologie mit Klaus Wiegerling); Grafiken f\u00fcr B\u00fccher und Zeitschriften; Vorsitzender des VS Rheinland-Pfalz von 1994 bis 1998, Ehrenvorsitzender seit &hellip; <a class=\"more-link\" href=\"https:\/\/wp.pop-verlag.com\/?page_id=5300\">Weiterlesen <span class=\"meta-nav\">&rarr;<\/span><\/a><\/p>\n","protected":false},"author":2,"featured_media":0,"parent":712,"menu_order":9,"comment_status":"closed","ping_status":"closed","template":"","meta":{"footnotes":""},"class_list":["post-5300","page","type-page","status-publish","hentry"],"jetpack_sharing_enabled":true,"_links":{"self":[{"href":"https:\/\/wp.pop-verlag.com\/index.php?rest_route=\/wp\/v2\/pages\/5300","targetHints":{"allow":["GET"]}}],"collection":[{"href":"https:\/\/wp.pop-verlag.com\/index.php?rest_route=\/wp\/v2\/pages"}],"about":[{"href":"https:\/\/wp.pop-verlag.com\/index.php?rest_route=\/wp\/v2\/types\/page"}],"author":[{"embeddable":true,"href":"https:\/\/wp.pop-verlag.com\/index.php?rest_route=\/wp\/v2\/users\/2"}],"replies":[{"embeddable":true,"href":"https:\/\/wp.pop-verlag.com\/index.php?rest_route=%2Fwp%2Fv2%2Fcomments&post=5300"}],"version-history":[{"count":4,"href":"https:\/\/wp.pop-verlag.com\/index.php?rest_route=\/wp\/v2\/pages\/5300\/revisions"}],"predecessor-version":[{"id":5311,"href":"https:\/\/wp.pop-verlag.com\/index.php?rest_route=\/wp\/v2\/pages\/5300\/revisions\/5311"}],"up":[{"embeddable":true,"href":"https:\/\/wp.pop-verlag.com\/index.php?rest_route=\/wp\/v2\/pages\/712"}],"wp:attachment":[{"href":"https:\/\/wp.pop-verlag.com\/index.php?rest_route=%2Fwp%2Fv2%2Fmedia&parent=5300"}],"curies":[{"name":"wp","href":"https:\/\/api.w.org\/{rel}","templated":true}]}}