{"id":4992,"date":"2020-04-05T07:24:26","date_gmt":"2020-04-05T07:24:26","guid":{"rendered":"https:\/\/wp.pop-verlag.com\/?page_id=4992"},"modified":"2020-09-17T03:43:56","modified_gmt":"2020-09-17T03:43:56","slug":"irmgard-maria-ostermann","status":"publish","type":"page","link":"https:\/\/wp.pop-verlag.com\/?page_id=4992","title":{"rendered":"Irmgard Maria Ostermann"},"content":{"rendered":"<p><img loading=\"lazy\" decoding=\"async\" class=\"alignleft wp-image-4993 size-medium\" src=\"https:\/\/wp.pop-verlag.com\/wp-content\/uploads\/2020\/04\/Irmgard-Maria-Ostermann-300x298.jpg\" alt=\"\" width=\"300\" height=\"298\" srcset=\"https:\/\/wp.pop-verlag.com\/wp-content\/uploads\/2020\/04\/Irmgard-Maria-Ostermann-300x298.jpg 300w, https:\/\/wp.pop-verlag.com\/wp-content\/uploads\/2020\/04\/Irmgard-Maria-Ostermann-150x150.jpg 150w, https:\/\/wp.pop-verlag.com\/wp-content\/uploads\/2020\/04\/Irmgard-Maria-Ostermann-768x763.jpg 768w, https:\/\/wp.pop-verlag.com\/wp-content\/uploads\/2020\/04\/Irmgard-Maria-Ostermann-1024x1018.jpg 1024w, https:\/\/wp.pop-verlag.com\/wp-content\/uploads\/2020\/04\/Irmgard-Maria-Ostermann-302x300.jpg 302w\" sizes=\"auto, (max-width: 300px) 100vw, 300px\" \/><a href=\"https:\/\/wp.pop-verlag.com\/?page_id=4992\"><strong>Irmgard Maria Ostermann<\/strong><\/a>, 1953 in Reil an der Mosel geboren und aufgewachsen, lebt seit 1971 in Frankfurt\/Main. Die Schriftstellerin und ehemalige stellv. Vorsitzende des V. S., Landesverband Hessen, engagierte sich \u00fcber Jahre in der Literaturgesellschaft Hessen und im Hessischen Literaturrat. Sie ver\u00f6ffentlichte Romane, Erz\u00e4hlungen, Lyrik und ein Theaterst\u00fcck f\u00fcr Jugendliche.<\/p>\n<p><span class=\"readonlyText multiple\">Lieferbare Titel von <strong><a href=\"https:\/\/wp.pop-verlag.com\/?page_id=4992\">Irmgard Maria Ostermann<\/a><\/strong>:<\/span><\/p>\n<p><strong>Junger Bambus. Roman<br \/>\n<\/strong><\/p>\n<p>Pop Epik, ISBN: 978-3-86356-207-6, 256 Seiten, \u20ac[D]18,50<\/p>\n<p>&nbsp;<\/p>\n","protected":false},"excerpt":{"rendered":"<p>Irmgard Maria Ostermann, 1953 in Reil an der Mosel geboren und aufgewachsen, lebt seit 1971 in Frankfurt\/Main. Die Schriftstellerin und ehemalige stellv. Vorsitzende des V. S., Landesverband Hessen, engagierte sich \u00fcber Jahre in der Literaturgesellschaft Hessen und im Hessischen Literaturrat. &hellip; <a class=\"more-link\" href=\"https:\/\/wp.pop-verlag.com\/?page_id=4992\">Weiterlesen <span class=\"meta-nav\">&rarr;<\/span><\/a><\/p>\n","protected":false},"author":2,"featured_media":0,"parent":704,"menu_order":3,"comment_status":"closed","ping_status":"closed","template":"","meta":{"footnotes":""},"class_list":["post-4992","page","type-page","status-publish","hentry"],"jetpack_sharing_enabled":true,"_links":{"self":[{"href":"https:\/\/wp.pop-verlag.com\/index.php?rest_route=\/wp\/v2\/pages\/4992","targetHints":{"allow":["GET"]}}],"collection":[{"href":"https:\/\/wp.pop-verlag.com\/index.php?rest_route=\/wp\/v2\/pages"}],"about":[{"href":"https:\/\/wp.pop-verlag.com\/index.php?rest_route=\/wp\/v2\/types\/page"}],"author":[{"embeddable":true,"href":"https:\/\/wp.pop-verlag.com\/index.php?rest_route=\/wp\/v2\/users\/2"}],"replies":[{"embeddable":true,"href":"https:\/\/wp.pop-verlag.com\/index.php?rest_route=%2Fwp%2Fv2%2Fcomments&post=4992"}],"version-history":[{"count":2,"href":"https:\/\/wp.pop-verlag.com\/index.php?rest_route=\/wp\/v2\/pages\/4992\/revisions"}],"predecessor-version":[{"id":4995,"href":"https:\/\/wp.pop-verlag.com\/index.php?rest_route=\/wp\/v2\/pages\/4992\/revisions\/4995"}],"up":[{"embeddable":true,"href":"https:\/\/wp.pop-verlag.com\/index.php?rest_route=\/wp\/v2\/pages\/704"}],"wp:attachment":[{"href":"https:\/\/wp.pop-verlag.com\/index.php?rest_route=%2Fwp%2Fv2%2Fmedia&parent=4992"}],"curies":[{"name":"wp","href":"https:\/\/api.w.org\/{rel}","templated":true}]}}