{"id":4857,"date":"2020-03-05T06:47:19","date_gmt":"2020-03-05T06:47:19","guid":{"rendered":"https:\/\/wp.pop-verlag.com\/?page_id=4857"},"modified":"2020-03-21T09:02:42","modified_gmt":"2020-03-21T09:02:42","slug":"manfred-wolff","status":"publish","type":"page","link":"https:\/\/wp.pop-verlag.com\/?page_id=4857","title":{"rendered":"Manfred Wolff"},"content":{"rendered":"<p><strong><img loading=\"lazy\" decoding=\"async\" class=\"alignleft wp-image-4910 size-full\" src=\"https:\/\/wp.pop-verlag.com\/wp-content\/uploads\/2020\/03\/Manfred_Wolf_SW.gif\" alt=\"\" width=\"150\" height=\"176\" \/>\u00a0<a href=\"https:\/\/wp.pop-verlag.com\/?page_id=4857\">Manfred Wolff<\/a><\/strong> wurde am 9. Januar 1941 in Braunschweig geboren; wuchs in Sch\u00f6ningen auf, studierte Alte Sprachen, Geschichte, Philosophie und P\u00e4dagogik in Freiburg und G\u00f6ttingen und arbeitete danach in der Erwachsenenbildung. Er ist Mit\u00fcbersetzer von: Janusz Tazbir, Polen an den Wendepunkten der Geschichte (Gabriele Sch\u00e4fer Verlag) und Anna Mieszkowska, Die Mutter der Holocaust-Kinder. Irena Sendler und die geretteten Kinder aus dem Warschauer Ghetto (DVA). Im Pop Verlag ver\u00f6ffentlichte er \u00dcbersetzungen polnischer Lyrik sowie seinen Gedichtband Gespr\u00e4che mit niemand (2009). Er lebt in Berlin.<\/p>\n<p>&nbsp;<\/p>\n<p>Lieferbare Titel von <strong><a href=\"https:\/\/wp.pop-verlag.com\/?page_id=4857\">Manfred Wolff<\/a><\/strong>:<\/p>\n<ul>\n<li><a href=\"https:\/\/wp.pop-verlag.com\/?page_id=2605\"><strong>Jan Goczol<\/strong><\/a>: <a href=\"https:\/\/wp.pop-verlag.com\/?p=2610\"><strong>Die abgewandte Seite des Mondes<\/strong><\/a>, Aus dem Polnischen \u00fcbersetzt von <strong>Urszula Usakowska-Wolff<\/strong> und Manfred Wolff und mit einem Nachwort versehen von Urszula Usakowska-Wolff. Reihe Lyrik Bd. 24, 122 Seiten, ISBN: 978-3-937139-48-7. \u20ac[D]18,80, 2008<\/li>\n<li><a href=\"https:\/\/wp.pop-verlag.com\/?p=4902\"><strong>Gespr\u00e4che mit niemand<\/strong><\/a>. Gedichte. Mit einem Nachwort von Mario Wirz. Reihe Lyrik Bd. 27, 90 Seiten. ISBN: 978-3-937139-59-3 \u20ac[D]12,80<\/li>\n<li><a href=\"https:\/\/wp.pop-verlag.com\/?page_id=4860\"><strong>Carl von B\u00fclow<\/strong><\/a>: <a href=\"https:\/\/wp.pop-verlag.com\/?p=4852\"><strong>Kriegsbriefe aus den Jahren 1870\u201371<\/strong>.<\/a> Gefunden, herausgegeben und mit einem Nachwort versehen von <a href=\"https:\/\/wp.pop-verlag.com\/?page_id=4857\">Manfred Wolff<\/a>. Reihe Historiae Bd.2, Kartoniert, mit Schutzumschlag (bedrukt), 4 Bilder, 231 Seiten, ISBN 978-3-86356-297-7, \u20ac[D]19,50<\/li>\n<\/ul>\n<p>&nbsp;<\/p>\n","protected":false},"excerpt":{"rendered":"<p>\u00a0Manfred Wolff wurde am 9. Januar 1941 in Braunschweig geboren; wuchs in Sch\u00f6ningen auf, studierte Alte Sprachen, Geschichte, Philosophie und P\u00e4dagogik in Freiburg und G\u00f6ttingen und arbeitete danach in der Erwachsenenbildung. Er ist Mit\u00fcbersetzer von: Janusz Tazbir, Polen an den &hellip; <a class=\"more-link\" href=\"https:\/\/wp.pop-verlag.com\/?page_id=4857\">Weiterlesen <span class=\"meta-nav\">&rarr;<\/span><\/a><\/p>\n","protected":false},"author":2,"featured_media":0,"parent":719,"menu_order":14,"comment_status":"closed","ping_status":"closed","template":"","meta":{"footnotes":""},"class_list":["post-4857","page","type-page","status-publish","hentry"],"jetpack_sharing_enabled":true,"_links":{"self":[{"href":"https:\/\/wp.pop-verlag.com\/index.php?rest_route=\/wp\/v2\/pages\/4857","targetHints":{"allow":["GET"]}}],"collection":[{"href":"https:\/\/wp.pop-verlag.com\/index.php?rest_route=\/wp\/v2\/pages"}],"about":[{"href":"https:\/\/wp.pop-verlag.com\/index.php?rest_route=\/wp\/v2\/types\/page"}],"author":[{"embeddable":true,"href":"https:\/\/wp.pop-verlag.com\/index.php?rest_route=\/wp\/v2\/users\/2"}],"replies":[{"embeddable":true,"href":"https:\/\/wp.pop-verlag.com\/index.php?rest_route=%2Fwp%2Fv2%2Fcomments&post=4857"}],"version-history":[{"count":8,"href":"https:\/\/wp.pop-verlag.com\/index.php?rest_route=\/wp\/v2\/pages\/4857\/revisions"}],"predecessor-version":[{"id":4911,"href":"https:\/\/wp.pop-verlag.com\/index.php?rest_route=\/wp\/v2\/pages\/4857\/revisions\/4911"}],"up":[{"embeddable":true,"href":"https:\/\/wp.pop-verlag.com\/index.php?rest_route=\/wp\/v2\/pages\/719"}],"wp:attachment":[{"href":"https:\/\/wp.pop-verlag.com\/index.php?rest_route=%2Fwp%2Fv2%2Fmedia&parent=4857"}],"curies":[{"name":"wp","href":"https:\/\/api.w.org\/{rel}","templated":true}]}}