{"id":4812,"date":"2020-03-05T04:30:54","date_gmt":"2020-03-05T04:30:54","guid":{"rendered":"https:\/\/wp.pop-verlag.com\/?page_id=4812"},"modified":"2022-07-05T12:40:22","modified_gmt":"2022-07-05T12:40:22","slug":"4812-2","status":"publish","type":"page","link":"https:\/\/wp.pop-verlag.com\/?page_id=4812","title":{"rendered":"Matthias Buth"},"content":{"rendered":"<p><strong><img loading=\"lazy\" decoding=\"async\" class=\"alignleft wp-image-4813 size-medium\" src=\"https:\/\/wp.pop-verlag.com\/wp-content\/uploads\/2020\/03\/Matthias-Buth_-Foto_Heiko-L\u00f6ffler-200x300.jpg\" alt=\"\" width=\"200\" height=\"300\" srcset=\"https:\/\/wp.pop-verlag.com\/wp-content\/uploads\/2020\/03\/Matthias-Buth_-Foto_Heiko-L\u00f6ffler-200x300.jpg 200w, https:\/\/wp.pop-verlag.com\/wp-content\/uploads\/2020\/03\/Matthias-Buth_-Foto_Heiko-L\u00f6ffler-768x1152.jpg 768w, https:\/\/wp.pop-verlag.com\/wp-content\/uploads\/2020\/03\/Matthias-Buth_-Foto_Heiko-L\u00f6ffler-683x1024.jpg 683w\" sizes=\"auto, (max-width: 200px) 100vw, 200px\" \/><a href=\"https:\/\/wp.pop-verlag.com\/?page_id=4812\">Matthias Buth<\/a><\/strong>, *1951 in Wuppertal-Elberfeld geboren und lebt in Hoffnungsthal. Seit 1973 ver\u00f6ffentlicht er Lyrik und Prosa in Zeitschriften, Zeitungen und Anthologien (u.a. in Das Gro\u00dfe deutsche Gedichtbuch\/Der Neue Conrady, Jahrbuch f\u00fcr Lyrik, Frankfurter Anthologie, Stadt Land Fluss, Versnetze) sowie zahlreiche Gedichtsammlungen. 2019 erschienen Poesiealbum 344, eine von Helmut Braun zusammengestellte Gedichtauswahl sowie Wei\u00df ist das Leopardenfell des Himmels (Nachwort J\u00f6rg Aufenanger) mit neuen Gedichten. Prosa pr\u00e4sentierte er 2001 im Essayband Der weite Mantel Deutschland und 2017 in der Sammlung Seid umschlungen (Vorwort Peter Steinbach) mit 45 Feuilletons zu Kultur und Zeitgeschichte. Seine Gedichte wurden in Kammermusik- und Chorwerken u.a. von Abel Ehrlich (Tel Aviv), Thomas Blomenkamp (Meerbusch) und Bernd H\u00e4nschke (Duisburg) vertont sowie ins Rum\u00e4nische, Polnische Tschechische, Englische, Franz\u00f6sische, Arabische, T\u00fcrkische und Italienische \u00fcbersetzt. Zusammen mit G\u00fcnter Kunert gab er 2013 das Lesebuch Dichter dulden keine Diktatoren neben sich mit 40 Stimmen zu Reiner Kunze heraus. Er geh\u00f6rt zu den Gr\u00fcndern der Else Lasker-Sch\u00fcler Gesellschaft (Wuppertal) und organisiert seit 1986 die R\u00f6srather Literaturgespr\u00e4che.<br \/>\nMatthias Buth geh\u00f6rt zur langen Reihe der Dichter-Juristen, promovierte zum Milit\u00e4rstrafrecht der DDR und war bis Ende 2016 Justiziar im Kanzleramt bei der Beauftragten der Bundesregierung f\u00fcr Kultur und Medien. Seitdem ist er Rechtsanwalt und publiziert politische Feuilletons im Deutschlandfunk.<\/p>\n<p>Lieferbare Titel von <strong><a href=\"https:\/\/wp.pop-verlag.com\/?page_id=4812\">Matthias Buth<\/a><\/strong>:<\/p>\n<ul>\n<li><a href=\"https:\/\/wp.pop-verlag.com\/?p=4804\"><strong>Der Schnee stellt seine Leiter an die Ringmauer<\/strong><\/a>. Poetische Ann\u00e4herungen an Rum\u00e4nien und andere Welten. Mit einem Nachwort von Markus Bauer.Reihe Fragmentarium, Bd. 19. ISBN 978-3-86356-294-6,180 Seiten, \u20ac[D]19,50<\/li>\n<li><strong><a href=\"https:\/\/wp.pop-verlag.com\/?p=5767\">Der Himmel \u00fcber R\u00f6srath<\/a>. <\/strong>Reihe Fragmentarium Bd. 21, 210 S,.ISBN 978-3-86356-318-9, \u20ac[D]19,50<\/li>\n<li><strong>Der Himmel \u00fcber Philomena. Auschwitz sieht uns an. Eine Anthologie zur Kulturgeschichte.<\/strong> edition philomena \u2013 B\u00fccher des Philomena-Franz-Forums e.V.<br \/>\nBand 1, 226 S,.ISBN 978-3-86356-351-6, \u20ac[D]19,50<\/li>\n<\/ul>\n<p>&nbsp;<\/p>\n<p>&nbsp;<\/p>\n","protected":false},"excerpt":{"rendered":"<p>Matthias Buth, *1951 in Wuppertal-Elberfeld geboren und lebt in Hoffnungsthal. Seit 1973 ver\u00f6ffentlicht er Lyrik und Prosa in Zeitschriften, Zeitungen und Anthologien (u.a. in Das Gro\u00dfe deutsche Gedichtbuch\/Der Neue Conrady, Jahrbuch f\u00fcr Lyrik, Frankfurter Anthologie, Stadt Land Fluss, Versnetze) sowie &hellip; <a class=\"more-link\" href=\"https:\/\/wp.pop-verlag.com\/?page_id=4812\">Weiterlesen <span class=\"meta-nav\">&rarr;<\/span><\/a><\/p>\n","protected":false},"author":2,"featured_media":0,"parent":660,"menu_order":25,"comment_status":"closed","ping_status":"closed","template":"","meta":{"footnotes":""},"class_list":["post-4812","page","type-page","status-publish","hentry"],"jetpack_sharing_enabled":true,"_links":{"self":[{"href":"https:\/\/wp.pop-verlag.com\/index.php?rest_route=\/wp\/v2\/pages\/4812","targetHints":{"allow":["GET"]}}],"collection":[{"href":"https:\/\/wp.pop-verlag.com\/index.php?rest_route=\/wp\/v2\/pages"}],"about":[{"href":"https:\/\/wp.pop-verlag.com\/index.php?rest_route=\/wp\/v2\/types\/page"}],"author":[{"embeddable":true,"href":"https:\/\/wp.pop-verlag.com\/index.php?rest_route=\/wp\/v2\/users\/2"}],"replies":[{"embeddable":true,"href":"https:\/\/wp.pop-verlag.com\/index.php?rest_route=%2Fwp%2Fv2%2Fcomments&post=4812"}],"version-history":[{"count":8,"href":"https:\/\/wp.pop-verlag.com\/index.php?rest_route=\/wp\/v2\/pages\/4812\/revisions"}],"predecessor-version":[{"id":6260,"href":"https:\/\/wp.pop-verlag.com\/index.php?rest_route=\/wp\/v2\/pages\/4812\/revisions\/6260"}],"up":[{"embeddable":true,"href":"https:\/\/wp.pop-verlag.com\/index.php?rest_route=\/wp\/v2\/pages\/660"}],"wp:attachment":[{"href":"https:\/\/wp.pop-verlag.com\/index.php?rest_route=%2Fwp%2Fv2%2Fmedia&parent=4812"}],"curies":[{"name":"wp","href":"https:\/\/api.w.org\/{rel}","templated":true}]}}