{"id":4787,"date":"2020-02-06T14:17:20","date_gmt":"2020-02-06T14:17:20","guid":{"rendered":"https:\/\/wp.pop-verlag.com\/?page_id=4787"},"modified":"2020-02-06T14:28:12","modified_gmt":"2020-02-06T14:28:12","slug":"ioan-aurel-pop","status":"publish","type":"page","link":"https:\/\/wp.pop-verlag.com\/?page_id=4787","title":{"rendered":"Ioan-Aurel Pop"},"content":{"rendered":"<p><strong><img loading=\"lazy\" decoding=\"async\" class=\"alignleft wp-image-4791 size-medium\" src=\"https:\/\/wp.pop-verlag.com\/wp-content\/uploads\/2020\/02\/ioan-aurel-pop-foto-1-300x280.jpg\" alt=\"\" width=\"300\" height=\"280\" srcset=\"https:\/\/wp.pop-verlag.com\/wp-content\/uploads\/2020\/02\/ioan-aurel-pop-foto-1-300x280.jpg 300w, https:\/\/wp.pop-verlag.com\/wp-content\/uploads\/2020\/02\/ioan-aurel-pop-foto-1-768x717.jpg 768w, https:\/\/wp.pop-verlag.com\/wp-content\/uploads\/2020\/02\/ioan-aurel-pop-foto-1-1024x956.jpg 1024w, https:\/\/wp.pop-verlag.com\/wp-content\/uploads\/2020\/02\/ioan-aurel-pop-foto-1-321x300.jpg 321w, https:\/\/wp.pop-verlag.com\/wp-content\/uploads\/2020\/02\/ioan-aurel-pop-foto-1.jpg 1898w\" sizes=\"auto, (max-width: 300px) 100vw, 300px\" \/><a href=\"https:\/\/wp.pop-verlag.com\/?page_id=4787\">Ioan-Aurel Pop<\/a><\/strong> ist ein rum\u00e4nischer Historiker, Hochschullehrer und Mitglied der Rum\u00e4nischen Akademie. Er ist Direktor des Zentrums f\u00fcr Siebenb\u00fcrgische Studien der Rum\u00e4nischen Akademie, leitete das Rum\u00e4nische Kulturinstitut in New York (USA) sowie das Rum\u00e4nische Kultur- und Forschungsinstitut f\u00fcr Humanistische Angelegenheiten in Venedig (Italien). Seit M\u00e4rz 2012 ist er der Rektor der \u201eBabe\u015f-B\u00f3lyai\u201c-Universit\u00e4t in Klausenburg\/Cluj-Napoca. Seit 2015 ist er der Pr\u00e4sident des Nationalkomitees der Historiker Rum\u00e4niens und Vertreter Rum\u00e4niens im Internationalen Komitee f\u00fcr Geschichtswissenschaften. Er ist Mitglied diverser Akademien sowie nationaler und internationaler wissenschaftlicher Organisationen, visiting professor mehrerer amerikanischer, franz\u00f6sischer und italienischer Universit\u00e4ten. Prof. Ioan-Aurel Pop ist seit April 2018 Pr\u00e4sident der Rum\u00e4nischen Akademie der Wissenschaften. Er ist desgleichen der Autor mehrerer Dutzend, genauer: von 50 B\u00fcchern, Abhandlungen und Lehrb\u00fcchern und ver\u00f6ffentlichte \u00fcber 300 Studien und Beitr\u00e4ge in prestigevollen Verlagen und Periodika aus mehr als 20 L\u00e4ndern in Europa, Amerika und Asien. Seine bevorzugten wissenschaftlichen Forschungsthemen sind die Geschichte des Mittelalters und der fr\u00fchen Neuzeit: Geschichte der siebenb\u00fcrgischen Institutionen, Beziehungen zwischen den rum\u00e4nischen F\u00fcrstent\u00fcmern, die Nation im Mittelalter, rum\u00e4nisch-ungarische Beziehungen, lateinische Pal\u00e4ographie und Latein als Sprache der Quellen.<\/p>\n<p><strong>Lieferbare Titel von <a href=\"https:\/\/wp.pop-verlag.com\/?page_id=4787\">Ioan\u2011Aurel Pop<\/a>:<br \/>\n<\/strong><\/p>\n<p><strong><a href=\"https:\/\/wp.pop-verlag.com\/?page_id=4787\">Ioan\u2011Aurel Pop<\/a>, Ioan Bolovan: <a href=\"https:\/\/wp.pop-verlag.com\/?p=4778\">Geschichte Siebenb\u00fcrgens.\u00a0<\/a><\/strong>Reihe Historiae Bd.1. Kartoniert, mit Schutzumschlag (bedrukt), 333 Bilder, 521 Seiten, ISBN 978-3-86356-293-9, \u20ac[D]33,50<\/p>\n","protected":false},"excerpt":{"rendered":"<p>Ioan-Aurel Pop ist ein rum\u00e4nischer Historiker, Hochschullehrer und Mitglied der Rum\u00e4nischen Akademie. Er ist Direktor des Zentrums f\u00fcr Siebenb\u00fcrgische Studien der Rum\u00e4nischen Akademie, leitete das Rum\u00e4nische Kulturinstitut in New York (USA) sowie das Rum\u00e4nische Kultur- und Forschungsinstitut f\u00fcr Humanistische Angelegenheiten &hellip; <a class=\"more-link\" href=\"https:\/\/wp.pop-verlag.com\/?page_id=4787\">Weiterlesen <span class=\"meta-nav\">&rarr;<\/span><\/a><\/p>\n","protected":false},"author":2,"featured_media":0,"parent":706,"menu_order":5,"comment_status":"closed","ping_status":"closed","template":"","meta":{"footnotes":""},"class_list":["post-4787","page","type-page","status-publish","hentry"],"jetpack_sharing_enabled":true,"_links":{"self":[{"href":"https:\/\/wp.pop-verlag.com\/index.php?rest_route=\/wp\/v2\/pages\/4787","targetHints":{"allow":["GET"]}}],"collection":[{"href":"https:\/\/wp.pop-verlag.com\/index.php?rest_route=\/wp\/v2\/pages"}],"about":[{"href":"https:\/\/wp.pop-verlag.com\/index.php?rest_route=\/wp\/v2\/types\/page"}],"author":[{"embeddable":true,"href":"https:\/\/wp.pop-verlag.com\/index.php?rest_route=\/wp\/v2\/users\/2"}],"replies":[{"embeddable":true,"href":"https:\/\/wp.pop-verlag.com\/index.php?rest_route=%2Fwp%2Fv2%2Fcomments&post=4787"}],"version-history":[{"count":3,"href":"https:\/\/wp.pop-verlag.com\/index.php?rest_route=\/wp\/v2\/pages\/4787\/revisions"}],"predecessor-version":[{"id":4792,"href":"https:\/\/wp.pop-verlag.com\/index.php?rest_route=\/wp\/v2\/pages\/4787\/revisions\/4792"}],"up":[{"embeddable":true,"href":"https:\/\/wp.pop-verlag.com\/index.php?rest_route=\/wp\/v2\/pages\/706"}],"wp:attachment":[{"href":"https:\/\/wp.pop-verlag.com\/index.php?rest_route=%2Fwp%2Fv2%2Fmedia&parent=4787"}],"curies":[{"name":"wp","href":"https:\/\/api.w.org\/{rel}","templated":true}]}}