{"id":4443,"date":"2019-07-07T05:33:24","date_gmt":"2019-07-07T05:33:24","guid":{"rendered":"https:\/\/wp.pop-verlag.com\/?page_id=4443"},"modified":"2019-07-07T05:34:09","modified_gmt":"2019-07-07T05:34:09","slug":"admiel-kosman","status":"publish","type":"page","link":"https:\/\/wp.pop-verlag.com\/?page_id=4443","title":{"rendered":"Admiel Kosman"},"content":{"rendered":"<p><a href=\"https:\/\/wp.pop-verlag.com\/?page_id=4443\"><strong>Admiel Kosman<\/strong><\/a> wurde 1957 in Haifa geboren. Nach dem Besuch einer j\u00fcdisch-orthodoxen Hochschule (Jeshiva) in Jerusalem und dem dreij\u00e4hrigen obligatorischen Milit\u00e4rdienst studierte Kosman am Institut f\u00fcr Talmudstudien der Bar Ilan Universit\u00e4t in Ramat Gan sowie an der Bezalel-Akademie f\u00fcr Kunst und Design, Jerusalem, Grafische Gestaltung und T\u00f6pferei. Nach der Promotion in Talmudi-sche Studien (mit einem Thema zu Verboten in der Halacha \u2013 dem rechtlichen Teil j\u00fcdischer \u00dcberlieferung) wirkte Kosman viele Jahre als Dozent an der Bar Ilan-Universit\u00e4t, unterbrochen von Gastprofessuren in Oxford und Berkeley, Kalifornien. Seit 2003 ist Admiel Kosman Professor f\u00fcr Rabbinische Studien \u2013 Halacha und Liturgie \u2013 am Institut f\u00fcr Religionswissenschaft an der Universit\u00e4t Potsdam und Wissenschaftlicher Direktor des Abraham Geiger Kollegs in Berlin. Einer seiner Forschungsschwerpunkte ist die Genderthematik in traditionellen j\u00fcdischen Texten. Das Genderthema wird auch von einem Teil der Gedichte reflektiert und taucht, neben anderen sozial- und religionskritischen Themen, in den Kolumnen auf, die er f\u00fcr die israelische Tageszeitung Haaretz schreibt. Erste Gedichte ver\u00f6ffentliche Kosman 1980 unter dem Titel Und nach den Schrecknissen: Poesie (Ve-Aharei Mora\u2019ot Ma\u2019ase Ha-Shir), es folgten sieben weitere Gedichtb\u00fccher in hebr\u00e4ischer Sprache. 2011 erschien Approaching You in English, ausgew\u00e4hlte Gedichte in englischer Sprache. Aus dem Zwischen des Hohelieds ist Admiel Kos-mans erstes ins Deutsche \u00fcbertragene Gedichtbuch.<\/p>\n<p><strong>Lieferbare Titel von <a href=\"https:\/\/wp.pop-verlag.com\/?page_id=4443\">Admiel Kosman<\/a><\/strong>:<\/p>\n<p><strong><a href=\"https:\/\/wp.pop-verlag.com\/?p=4410\">&#8211; Aus dem Zwischen des Hohelied<\/a>s<\/strong>. Ausgew\u00e4hlte Gedichte.\u00a0Aus dem Hebr\u00e4ischen \u00fcbertragen von Edith Lutz in Zusammenarbeit mit Theo Breuer und Udi Levy. Mit Vor- und Nachwort herausgegeben von Edith Lutz. Die POP-Verlag-LYRIKREIHE Bd. 132. ISBN 978-3-86356-271-7, 116 Seiten, \u20ac[D]12,80<\/p>\n","protected":false},"excerpt":{"rendered":"<p>Admiel Kosman wurde 1957 in Haifa geboren. Nach dem Besuch einer j\u00fcdisch-orthodoxen Hochschule (Jeshiva) in Jerusalem und dem dreij\u00e4hrigen obligatorischen Milit\u00e4rdienst studierte Kosman am Institut f\u00fcr Talmudstudien der Bar Ilan Universit\u00e4t in Ramat Gan sowie an der Bezalel-Akademie f\u00fcr Kunst &hellip; <a class=\"more-link\" href=\"https:\/\/wp.pop-verlag.com\/?page_id=4443\">Weiterlesen <span class=\"meta-nav\">&rarr;<\/span><\/a><\/p>\n","protected":false},"author":2,"featured_media":0,"parent":695,"menu_order":6,"comment_status":"closed","ping_status":"closed","template":"","meta":{"footnotes":""},"class_list":["post-4443","page","type-page","status-publish","hentry"],"jetpack_sharing_enabled":true,"_links":{"self":[{"href":"https:\/\/wp.pop-verlag.com\/index.php?rest_route=\/wp\/v2\/pages\/4443","targetHints":{"allow":["GET"]}}],"collection":[{"href":"https:\/\/wp.pop-verlag.com\/index.php?rest_route=\/wp\/v2\/pages"}],"about":[{"href":"https:\/\/wp.pop-verlag.com\/index.php?rest_route=\/wp\/v2\/types\/page"}],"author":[{"embeddable":true,"href":"https:\/\/wp.pop-verlag.com\/index.php?rest_route=\/wp\/v2\/users\/2"}],"replies":[{"embeddable":true,"href":"https:\/\/wp.pop-verlag.com\/index.php?rest_route=%2Fwp%2Fv2%2Fcomments&post=4443"}],"version-history":[{"count":2,"href":"https:\/\/wp.pop-verlag.com\/index.php?rest_route=\/wp\/v2\/pages\/4443\/revisions"}],"predecessor-version":[{"id":4445,"href":"https:\/\/wp.pop-verlag.com\/index.php?rest_route=\/wp\/v2\/pages\/4443\/revisions\/4445"}],"up":[{"embeddable":true,"href":"https:\/\/wp.pop-verlag.com\/index.php?rest_route=\/wp\/v2\/pages\/695"}],"wp:attachment":[{"href":"https:\/\/wp.pop-verlag.com\/index.php?rest_route=%2Fwp%2Fv2%2Fmedia&parent=4443"}],"curies":[{"name":"wp","href":"https:\/\/api.w.org\/{rel}","templated":true}]}}