{"id":4332,"date":"2019-06-04T14:11:46","date_gmt":"2019-06-04T14:11:46","guid":{"rendered":"https:\/\/wp.pop-verlag.com\/?page_id=4332"},"modified":"2019-06-04T14:13:14","modified_gmt":"2019-06-04T14:13:14","slug":"arber-celiku","status":"publish","type":"page","link":"https:\/\/wp.pop-verlag.com\/?page_id=4332","title":{"rendered":"Arb\u00ebr \u00c7eliku"},"content":{"rendered":"<p><a href=\"https:\/\/wp.pop-verlag.com\/?page_id=4332\"><strong>Arb\u00ebr \u00c7eliku<\/strong><\/a>,* 19.11.1974 in Prishtina, Kosovo. Studium der Germanistik an der Universit\u00e4t zu Tetovo (Mazedonien). Nach der Promotion (2004) hat er dort den Lehrstuhl der Germanistik (bis November 2006) geleitet. Danach hat er im Rahmen der DAAD-STIBET F\u00f6rderung eine \u201eResearch Assistantship\u201c-Stelle an der Universit\u00e4t Mannheim unter Leitung von Frau Prof. Beate Henn-Memmesheimer bekommen. Im ersten Halbjahr 2007 erhielt er ein \u201eSchritte\u201c-Stipendium der S. Fischer Stiftung, das einen einmonatigen Aufenthalt im Literarischen Colloquium Berlin (LCB) einschlo\u00df. Im zweiten Halbjahr 2007 erhielt er das Paul Celan-Stipendium f\u00fcr \u00dcbersetzer, das einen dreimonatigen Aufenthalt im Institut f\u00fcr die Wissenschaften vom Menschen (IWM) in Wien einschlo\u00df. Dort \u00fcbersetzte er das Buch Zwischen Naturalismus und Religion von J\u00fcrgen Habermas. Am 28.11.2007 promoviert er zum zweiten Mal an der Universit\u00e4t Mannheim mit dem Thema: Herstellung von Textkoh\u00e4renz im Deutschen und im Albanischen. Im zweiten Halbjahr 2008 erhielt er das \u00dcbersetzerstipendium von Alfred T\u00f6pfer Stiftung und Goethe Institut, das einen sechsw\u00f6chigen Aufenthalt auf Gut Siggen einschlo\u00df. Bislang hat er viele deutsche Autoren ins Albanischen \u00fcbersetzt, unter anderem: Hermann Hesse, Friedrich D\u00fcrrenmatt, Daniel Kehlmann, Max Frisch, Erich K\u00e4stner, Juli Zeh, Robert Walser, J\u00fcrgen Habermas, Theodor W. Adorno, Ulrich Beck, u.a.. Momentan ist er Prorektor f\u00fcr Internationale Beziehungen der Staatlichen Universit\u00e4t Tetovo (Mazedonien).<\/p>\n<p>Lieferbare Titel von <a href=\"https:\/\/wp.pop-verlag.com\/?page_id=4332\"><strong>Arb\u00ebr \u00c7eliku:<\/strong><\/a><\/p>\n<p><strong>&#8211; Kalosh \u00c7eliku: <a href=\"https:\/\/wp.pop-verlag.com\/?p=4316\">Das boheme M\u00e4dchen gibt meinen B\u00fcchern die Brust<\/a><\/strong>. Gesammelte Gedichte. Aus dem Albanischen von Arb\u00ebr \u00c7eliku. Lyrikreihe Bd. 53; ISBN 978-3-86356-035-5; 86 Seiten, \u20ac[D]14,80<\/p>\n","protected":false},"excerpt":{"rendered":"<p>Arb\u00ebr \u00c7eliku,* 19.11.1974 in Prishtina, Kosovo. Studium der Germanistik an der Universit\u00e4t zu Tetovo (Mazedonien). Nach der Promotion (2004) hat er dort den Lehrstuhl der Germanistik (bis November 2006) geleitet. Danach hat er im Rahmen der DAAD-STIBET F\u00f6rderung eine \u201eResearch &hellip; <a class=\"more-link\" href=\"https:\/\/wp.pop-verlag.com\/?page_id=4332\">Weiterlesen <span class=\"meta-nav\">&rarr;<\/span><\/a><\/p>\n","protected":false},"author":2,"featured_media":0,"parent":662,"menu_order":5,"comment_status":"closed","ping_status":"closed","template":"","meta":{"footnotes":""},"class_list":["post-4332","page","type-page","status-publish","hentry"],"jetpack_sharing_enabled":true,"_links":{"self":[{"href":"https:\/\/wp.pop-verlag.com\/index.php?rest_route=\/wp\/v2\/pages\/4332","targetHints":{"allow":["GET"]}}],"collection":[{"href":"https:\/\/wp.pop-verlag.com\/index.php?rest_route=\/wp\/v2\/pages"}],"about":[{"href":"https:\/\/wp.pop-verlag.com\/index.php?rest_route=\/wp\/v2\/types\/page"}],"author":[{"embeddable":true,"href":"https:\/\/wp.pop-verlag.com\/index.php?rest_route=\/wp\/v2\/users\/2"}],"replies":[{"embeddable":true,"href":"https:\/\/wp.pop-verlag.com\/index.php?rest_route=%2Fwp%2Fv2%2Fcomments&post=4332"}],"version-history":[{"count":3,"href":"https:\/\/wp.pop-verlag.com\/index.php?rest_route=\/wp\/v2\/pages\/4332\/revisions"}],"predecessor-version":[{"id":4335,"href":"https:\/\/wp.pop-verlag.com\/index.php?rest_route=\/wp\/v2\/pages\/4332\/revisions\/4335"}],"up":[{"embeddable":true,"href":"https:\/\/wp.pop-verlag.com\/index.php?rest_route=\/wp\/v2\/pages\/662"}],"wp:attachment":[{"href":"https:\/\/wp.pop-verlag.com\/index.php?rest_route=%2Fwp%2Fv2%2Fmedia&parent=4332"}],"curies":[{"name":"wp","href":"https:\/\/api.w.org\/{rel}","templated":true}]}}