{"id":4292,"date":"2019-05-26T06:00:52","date_gmt":"2019-05-26T06:00:52","guid":{"rendered":"https:\/\/wp.pop-verlag.com\/?page_id=4292"},"modified":"2019-05-26T06:01:37","modified_gmt":"2019-05-26T06:01:37","slug":"edith-lutz","status":"publish","type":"page","link":"https:\/\/wp.pop-verlag.com\/?page_id=4292","title":{"rendered":"Edith Lutz"},"content":{"rendered":"<p><a href=\"https:\/\/wp.pop-verlag.com\/?page_id=4292\"><strong>Edith Lutz<\/strong><\/a> wurde 1949 in Leverkusen geboren. Sie promovierte im Fach <em>J\u00fcdische Studien<\/em> mit der Dissertationsschrift<em> Der Verein f\u00fcr Cultur und Wissenschaft der Juden und sein Mitglied H. Heine<\/em> (Heine-Studien, Verlag J. B. Metzler, Stuttgart 1997). Edith Lutz verfasste zahlreiche Aufs\u00e4tze zum Thema <em>Judentum<\/em>. Pers\u00f6nliche Erfahrungen in der Friedensbewegung regten sie zu Aufs\u00e4tzen und Berichten an, die in erster Linie in j\u00fcdisch-christlich orientierten Zeitschriften ver\u00f6ffentlicht wurden. In diesen Kontext geh\u00f6ren auch der Prosaband <em>Grenzg\u00e4nge im Januar. Zwischen Israel und Pal\u00e4stina sowie Zwischen Ich und Du. Admiel Kosman und Edith Lutz im Gespr\u00e4ch<\/em> (AphorismA Verlag, Berlin 2008 \/ 2014) und <em>Aus dem Zwischen des Hohelieds<\/em>, Gedichte von Admiel Kosman in der \u00dcbertragung von Edith Lutz (Pop Verlag 2019). <a href=\"https:\/\/wp.pop-verlag.com\/?p=4268\"><em>Einer aus Wiesendorf<\/em><\/a> ist Edith Lutz\u2019 erster Roman.<\/p>\n<p><span class=\"readonlyText multiple\">(Demn\u00e4chst) Lieferbare Titel von Edith Lutz:<br \/>\n<\/span><\/p>\n<p><strong><a href=\"https:\/\/wp.pop-verlag.com\/?p=4268\">&#8211; Einer aus Wiesendorf<\/a><\/strong>. Roman, 207 Seiten,\u00a0ISBN: 978-3-86356-268-7, \u20ac[D]16,50<\/p>\n<p>&#8211;\u00a0 <strong>Aus dem Zwischen des Hohelieds<\/strong>, Gedichte von <strong>Admiel Kosman<\/strong> in der \u00dcbertragung von Edith Lutz. ISBN: 978-3-86356-271-1<\/p>\n","protected":false},"excerpt":{"rendered":"<p>Edith Lutz wurde 1949 in Leverkusen geboren. Sie promovierte im Fach J\u00fcdische Studien mit der Dissertationsschrift Der Verein f\u00fcr Cultur und Wissenschaft der Juden und sein Mitglied H. Heine (Heine-Studien, Verlag J. B. Metzler, Stuttgart 1997). Edith Lutz verfasste zahlreiche &hellip; <a class=\"more-link\" href=\"https:\/\/wp.pop-verlag.com\/?page_id=4292\">Weiterlesen <span class=\"meta-nav\">&rarr;<\/span><\/a><\/p>\n","protected":false},"author":2,"featured_media":0,"parent":697,"menu_order":7,"comment_status":"closed","ping_status":"closed","template":"","meta":{"footnotes":""},"class_list":["post-4292","page","type-page","status-publish","hentry"],"jetpack_sharing_enabled":true,"_links":{"self":[{"href":"https:\/\/wp.pop-verlag.com\/index.php?rest_route=\/wp\/v2\/pages\/4292","targetHints":{"allow":["GET"]}}],"collection":[{"href":"https:\/\/wp.pop-verlag.com\/index.php?rest_route=\/wp\/v2\/pages"}],"about":[{"href":"https:\/\/wp.pop-verlag.com\/index.php?rest_route=\/wp\/v2\/types\/page"}],"author":[{"embeddable":true,"href":"https:\/\/wp.pop-verlag.com\/index.php?rest_route=\/wp\/v2\/users\/2"}],"replies":[{"embeddable":true,"href":"https:\/\/wp.pop-verlag.com\/index.php?rest_route=%2Fwp%2Fv2%2Fcomments&post=4292"}],"version-history":[{"count":2,"href":"https:\/\/wp.pop-verlag.com\/index.php?rest_route=\/wp\/v2\/pages\/4292\/revisions"}],"predecessor-version":[{"id":4294,"href":"https:\/\/wp.pop-verlag.com\/index.php?rest_route=\/wp\/v2\/pages\/4292\/revisions\/4294"}],"up":[{"embeddable":true,"href":"https:\/\/wp.pop-verlag.com\/index.php?rest_route=\/wp\/v2\/pages\/697"}],"wp:attachment":[{"href":"https:\/\/wp.pop-verlag.com\/index.php?rest_route=%2Fwp%2Fv2%2Fmedia&parent=4292"}],"curies":[{"name":"wp","href":"https:\/\/api.w.org\/{rel}","templated":true}]}}