{"id":4110,"date":"2019-03-17T14:00:50","date_gmt":"2019-03-17T14:00:50","guid":{"rendered":"https:\/\/wp.pop-verlag.com\/?page_id=4110"},"modified":"2019-03-17T14:33:13","modified_gmt":"2019-03-17T14:33:13","slug":"carmen-elisabeth-puchianu","status":"publish","type":"page","link":"https:\/\/wp.pop-verlag.com\/?page_id=4110","title":{"rendered":"Carmen Elisabeth Puchianu"},"content":{"rendered":"<p><a href=\"https:\/\/wp.pop-verlag.com\/?page_id=4110\"><strong>Carmen Elisabeth Puchianu<\/strong><\/a>, *1956 in Kronstadt\/Bra\u015fov (Rum\u00e4nien), dreisprachig aufgewachsen (deutsch, ungarisch, rum\u00e4nisch), deutsch-evangelisch erzogen. Besuch der deutschen Schule in Kronstadt, Abitur am Hoterus-Gymnasium 1975, anschlie\u00dfend Anglistik- und Germanistikstudium an der Bukarester Universit\u00e4t bis 1979. Englischlehrerin in der rum\u00e4nischen Dorfschule in Filipe\u0219ti de T\u00e2rg, ab 1983 Englisch- und Deutschleherin an der Honterusschule in Kronstadt, ab 1995 Lektorin, Dozentin und seit 2017 Professorin f\u00fcr Deutsche Literatur an der Transilvania Universit\u00e4t, Kronstadt. 2004 Promotion \u00fcber Thomas Mann, 2016 Habilitation (Literatur als Performance). Literarische Ver\u00f6ffentlichungen seit 1980: Lyrik in der Zeitschrift Neue Literatur (Bukarest) u.a. deutschsprachigen Publikationen aus Rum\u00e4nien.Deb\u00fct als Lyrikerin in der Anthologie Der zweite Horizont. Dacia Verlag, Klausenburg, 1988. Es folgten die B\u00e4nde: Das Aufschieben der zw\u00f6lften Stunde auf die dreizehnte. Gedichte. Dacia Verlag, Klausenburg, 1991, Amsel \u2013 schwarzer Vogel. Erz\u00e4hlungen. Lagrev Verlag M\u00fcnchen, 1995, Der Ameisenhaufen und andere Geschichten. Aldus Verlag Kronstadt, 1998, Ein St\u00fcckchen Hinterhof. Novellistische Familienchronik. Hora Verlag Hermannstadt, 2001, Unvermeidlich Schnee. Gedichte. Passau: Karl Stutz Verlag Passau, 2002, Der Begr\u00e4bnisg\u00e4nger. Geschichten. Karl Stutz Verlag Passau, 2007, Verortete Zeiten. Gedichte. Aldus Verlag Kronstadt, 2008, Patula lacht (Roman). Karl Stutz Verlag Passau, 2012.<\/p>\n<p>Lieferbare Titel von <a href=\"https:\/\/wp.pop-verlag.com\/?page_id=4110\"><strong>Carmen Elisabeth Puchianu<\/strong><\/a>:<\/p>\n<p><a href=\"https:\/\/wp.pop-verlag.com\/?p=4113\"><strong>&#8211; Die Professoressa. Ein Erotikon in gebundener und ungebundener Rede<\/strong>.<\/a> Die POP-Verlag-Epikreihe, Bd. 102, 176 Seiten, ISBN: 978-3-86356-244-1; \u20ac [D]16,90<\/p>\n","protected":false},"excerpt":{"rendered":"<p>Carmen Elisabeth Puchianu, *1956 in Kronstadt\/Bra\u015fov (Rum\u00e4nien), dreisprachig aufgewachsen (deutsch, ungarisch, rum\u00e4nisch), deutsch-evangelisch erzogen. Besuch der deutschen Schule in Kronstadt, Abitur am Hoterus-Gymnasium 1975, anschlie\u00dfend Anglistik- und Germanistikstudium an der Bukarester Universit\u00e4t bis 1979. Englischlehrerin in der rum\u00e4nischen Dorfschule in &hellip; <a class=\"more-link\" href=\"https:\/\/wp.pop-verlag.com\/?page_id=4110\">Weiterlesen <span class=\"meta-nav\">&rarr;<\/span><\/a><\/p>\n","protected":false},"author":2,"featured_media":0,"parent":706,"menu_order":7,"comment_status":"closed","ping_status":"closed","template":"","meta":{"footnotes":""},"class_list":["post-4110","page","type-page","status-publish","hentry"],"jetpack_sharing_enabled":true,"_links":{"self":[{"href":"https:\/\/wp.pop-verlag.com\/index.php?rest_route=\/wp\/v2\/pages\/4110","targetHints":{"allow":["GET"]}}],"collection":[{"href":"https:\/\/wp.pop-verlag.com\/index.php?rest_route=\/wp\/v2\/pages"}],"about":[{"href":"https:\/\/wp.pop-verlag.com\/index.php?rest_route=\/wp\/v2\/types\/page"}],"author":[{"embeddable":true,"href":"https:\/\/wp.pop-verlag.com\/index.php?rest_route=\/wp\/v2\/users\/2"}],"replies":[{"embeddable":true,"href":"https:\/\/wp.pop-verlag.com\/index.php?rest_route=%2Fwp%2Fv2%2Fcomments&post=4110"}],"version-history":[{"count":3,"href":"https:\/\/wp.pop-verlag.com\/index.php?rest_route=\/wp\/v2\/pages\/4110\/revisions"}],"predecessor-version":[{"id":4120,"href":"https:\/\/wp.pop-verlag.com\/index.php?rest_route=\/wp\/v2\/pages\/4110\/revisions\/4120"}],"up":[{"embeddable":true,"href":"https:\/\/wp.pop-verlag.com\/index.php?rest_route=\/wp\/v2\/pages\/706"}],"wp:attachment":[{"href":"https:\/\/wp.pop-verlag.com\/index.php?rest_route=%2Fwp%2Fv2%2Fmedia&parent=4110"}],"curies":[{"name":"wp","href":"https:\/\/api.w.org\/{rel}","templated":true}]}}