{"id":4098,"date":"2019-03-17T12:35:45","date_gmt":"2019-03-17T12:35:45","guid":{"rendered":"https:\/\/wp.pop-verlag.com\/?page_id=4098"},"modified":"2019-03-17T12:49:27","modified_gmt":"2019-03-17T12:49:27","slug":"milan-hrabal","status":"publish","type":"page","link":"https:\/\/wp.pop-verlag.com\/?page_id=4098","title":{"rendered":"Milan Hrabal"},"content":{"rendered":"<div id=\"attachment_4102\" style=\"width: 265px\" class=\"wp-caption alignleft\"><img loading=\"lazy\" decoding=\"async\" aria-describedby=\"caption-attachment-4102\" class=\"wp-image-4102 size-medium\" src=\"https:\/\/wp.pop-verlag.com\/wp-content\/uploads\/2019\/03\/3-M.-Hrabal-255x300.jpg\" alt=\"\" width=\"255\" height=\"300\" srcset=\"https:\/\/wp.pop-verlag.com\/wp-content\/uploads\/2019\/03\/3-M.-Hrabal-255x300.jpg 255w, https:\/\/wp.pop-verlag.com\/wp-content\/uploads\/2019\/03\/3-M.-Hrabal-768x905.jpg 768w, https:\/\/wp.pop-verlag.com\/wp-content\/uploads\/2019\/03\/3-M.-Hrabal-869x1024.jpg 869w, https:\/\/wp.pop-verlag.com\/wp-content\/uploads\/2019\/03\/3-M.-Hrabal.jpg 1181w\" sizes=\"auto, (max-width: 255px) 100vw, 255px\" \/><p id=\"caption-attachment-4102\" class=\"wp-caption-text\">OLYMPUS DIGITAL CAMERA<\/p><\/div>\n<p><a href=\"https:\/\/wp.pop-verlag.com\/?page_id=4098\"><strong>Milan Hrabal<\/strong><\/a> wurde 1954 in Varnsdorf (Tschechische Republik) geboren und lebt auch heute dort. Nach dem Abitur an der Schule f\u00fcr \u00d6konomie in \u010cesk\u00e1 Lipa war er als \u00d6konom t\u00e4tig, sp\u00e4ter als Leiter der Schul- und Kulturabteilung des Amtes der Stadt Varnsdorf und als Leiter des Poetikstudios \u201eDoteky\u201d (Ber\u00fchrungen). In den Jahren 1990-2003 war er Redakteur der Literaturzeitschrift \u201cPs\u00ed v\u00edno\u201d (G\u00e4nsewein). Dort beteiligte er sich unter anderem an der Organisation von literarischen Wettbewerben f\u00fcr Kinder und Jugendliche. Milan Hrabal ist Mitglied in mehreren literarischen Vereinigungen, u. a. im P.E.N.- Zentrum Tschechien, im Nord-Tschechischen Schriftstellerverband und im k\u00fcnstlerischen Verband Q. Er ist Ehrenmitglied des Sorbischen K\u00fcnstlerbundes (Sachsen) und der Gesellschaft der Freunde der Lausitz. Ebenso geh\u00f6rt er der Orpheus-Autorengruppe an.<br \/>\nMilan Hrabal schreibt Lyrik und Prosa und ist Nachdichter, vor allem aus dem Sorbischen. Mehrere Anthologien tragen seinen Namen als Herausgeber, darunter eine mit dem Titel: Jazyk, j\u00edm\u017e porozum\u00ed\u0161 v\u011btru (Die Sprache, mit der man den Wind versteht), mit Gedichten aus dem Sorbischen, die er ins Tschechische \u00fcbertrug. Dar\u00fcber hinaus hat er als Herausgeber \u00fcber 60 Publikationen ver\u00f6ffentlicht, darunter elf eigene Lyrikb\u00e4nde, wobei sein Deb\u00fctband S\u00f3lo v\u011btru (Solo f\u00fcr den Wind) 1981 erschien.<br \/>\nSein bisher letzter Lyrikband, ein Poesiezyklus Cestou bolesti a v\u00edry (Auf dem Weg des Schmerzes und Glaubens), wurde in mehrere Sprachen \u00fcbersetzt, u.a. in die sorbische, deutsche, lettische und englische Sprache. Im Jahre 2000 erschien die Anthologie Erotyki in der polnischen Sprache und 2016 Eine schimmernde Wabe Glimmer, sein erster Band in deutscher Sprache (Leipziger Literaturverlag).<br \/>\nF\u00fcr seine Arbeit bekam Milan Hrabal mehrere Literaturpreise, darunter 1989 den \u201cOlomouck\u00fd tvar\u016f\u017eek\u201c (\u00d6lm\u00fctzer Quargel) in Gold 1989 und den Internationalen Preis des Warschauer Herbstes der Poesie 1999.<br \/>\nF\u00fcr seine \u00dcbersetzungen ukrainischer Poesie Te\u0165ana und Serhij Dzjubas (zusammen mit Peter Kalina) bekam er 2016 den angesehenen Gogol-Preis. F\u00fcr \u00dcbersetzungen der sorbischen Literatur wurde er 2018 mit dem Ehrenabzeichen der Domowina geehrt.<\/p>\n<p>Lieferbare Titel von <strong><a href=\"https:\/\/wp.pop-verlag.com\/?page_id=4098\">Milan Hrabal<\/a>: <\/strong><\/p>\n<ul>\n<li><strong><a href=\"https:\/\/wp.pop-verlag.com\/?p=4096\">Wenn die Fische davonfliegen<\/a>. <\/strong>Gedichte. \u00dcbertragen von Peter Gehrisch. Lyrikreihe Bd. 128; ISBN 978-3-86356-255-7; 132 Seiten, \u20ac[D]14,50<\/li>\n<\/ul>\n","protected":false},"excerpt":{"rendered":"<p>Milan Hrabal wurde 1954 in Varnsdorf (Tschechische Republik) geboren und lebt auch heute dort. Nach dem Abitur an der Schule f\u00fcr \u00d6konomie in \u010cesk\u00e1 Lipa war er als \u00d6konom t\u00e4tig, sp\u00e4ter als Leiter der Schul- und Kulturabteilung des Amtes der &hellip; <a class=\"more-link\" href=\"https:\/\/wp.pop-verlag.com\/?page_id=4098\">Weiterlesen <span class=\"meta-nav\">&rarr;<\/span><\/a><\/p>\n","protected":false},"author":2,"featured_media":0,"parent":674,"menu_order":10,"comment_status":"closed","ping_status":"closed","template":"","meta":{"footnotes":""},"class_list":["post-4098","page","type-page","status-publish","hentry"],"jetpack_sharing_enabled":true,"_links":{"self":[{"href":"https:\/\/wp.pop-verlag.com\/index.php?rest_route=\/wp\/v2\/pages\/4098","targetHints":{"allow":["GET"]}}],"collection":[{"href":"https:\/\/wp.pop-verlag.com\/index.php?rest_route=\/wp\/v2\/pages"}],"about":[{"href":"https:\/\/wp.pop-verlag.com\/index.php?rest_route=\/wp\/v2\/types\/page"}],"author":[{"embeddable":true,"href":"https:\/\/wp.pop-verlag.com\/index.php?rest_route=\/wp\/v2\/users\/2"}],"replies":[{"embeddable":true,"href":"https:\/\/wp.pop-verlag.com\/index.php?rest_route=%2Fwp%2Fv2%2Fcomments&post=4098"}],"version-history":[{"count":4,"href":"https:\/\/wp.pop-verlag.com\/index.php?rest_route=\/wp\/v2\/pages\/4098\/revisions"}],"predecessor-version":[{"id":4108,"href":"https:\/\/wp.pop-verlag.com\/index.php?rest_route=\/wp\/v2\/pages\/4098\/revisions\/4108"}],"up":[{"embeddable":true,"href":"https:\/\/wp.pop-verlag.com\/index.php?rest_route=\/wp\/v2\/pages\/674"}],"wp:attachment":[{"href":"https:\/\/wp.pop-verlag.com\/index.php?rest_route=%2Fwp%2Fv2%2Fmedia&parent=4098"}],"curies":[{"name":"wp","href":"https:\/\/api.w.org\/{rel}","templated":true}]}}