{"id":3956,"date":"2019-01-05T05:16:47","date_gmt":"2019-01-05T05:16:47","guid":{"rendered":"https:\/\/wp.pop-verlag.com\/?page_id=3956"},"modified":"2019-01-05T05:22:16","modified_gmt":"2019-01-05T05:22:16","slug":"orhan-kemal","status":"publish","type":"page","link":"https:\/\/wp.pop-verlag.com\/?page_id=3956","title":{"rendered":"Orhan Kemal"},"content":{"rendered":"<p><span style=\"font-size: medium;\"><a href=\"https:\/\/wp.pop-verlag.com\/?page_id=3956\"><strong>Orhan Kemal<\/strong><\/a> (1914-1970), mit eigentlichem Namen Mehmet Rasit \u00d6g\u00fct\u00e7\u00fc, ist einer der bedeutenden Vertreter der t\u00fcrkischen Literatur des 20. Jahrhunderts. Er verfasste vor allem Erz\u00e4hlungen und Romane. Geboren wurde Orhan Kemal in Adana. Da sein Vater, Mitbegr\u00fcnder der \u201eAhali Partei\u201c und Mitglied des ersten Parlaments der T\u00fcrkischen Republik, nach der Aufl\u00f6sung der Partei aus politischen Gr\u00fcnden nach Syrien fl\u00fcchten musste, erlebte er eine schwere Jugend. Schon in fr\u00fchen Jahren musste er seinen Lebensunterhalt verdienen, daher spielt der Kampf um das \u201et\u00e4gliche Brot\u201c eine zentrale Rolle in Orhan Kemals Erz\u00e4hlungen. W\u00e4hrend seiner Milit\u00e4rzeit wurde er wegen seiner politischen Ansichten zu f\u00fcnf Jahren Gef\u00e4ngnis verurteilt. Das Gef\u00e4ngnis Bursa wurde zu einem Wendepunkt in seinem Leben, er begann zu schreiben und wurde durch Nazim Hikmet beeinflusst, den er dort kennen lernte. Zuerst besch\u00e4ftigte er sich mit Poesie, ver\u00f6ffentlichte Gedichte in Zeitungen und Zeitschriften. Dann entschied er sich f\u00fcr die erz\u00e4hlenden Formen. Zu seinen ersten Romanen geh\u00f6ren \u201eBaba Evi\u201c (Vaterhaus), \u201eAvare Yillar\u201c (Wanderjahre) und \u201eCemile\u201c. 1957 bekam er f\u00fcr sein Werk \u201eKardes Payi\u201c (Bruderanteil) den Sait-Faik-Literaturpreis. F\u00fcr das Werk \u201e\u00d6nce Ekmek\u201c (Zuerst Brot) erhielt er 1969 ebenfalls den Sait-Faik-Literaturpreis und den Preis der T\u00fcrkischen Sprachgesellschaft. Neben seinen Erz\u00e4hlungen sind auch viele seiner Romane in andere Sprachen \u00fcbersetzt worden. Im deutschen Sprachraum hingegen ist Orhan Kemal bislang kaum publiziert.<\/span><\/p>\n<p>Lieferbare Titel von <a href=\"https:\/\/wp.pop-verlag.com\/?page_id=3956\"><strong>Orhan Kemal<\/strong><\/a>:<\/p>\n<p><span style=\"font-size: medium;\"><i><a href=\"https:\/\/traian.pop-verlag.com\/die_72__zelle.htm\"><b>Die 72. Zelle.<\/b><\/a> <\/i>Aus dem T\u00fcrkischen \u00fcbersetzt von <a href=\"https:\/\/traian.pop-verlag.com\/achim_martin_wensien.htm\">Achim Martin Wensien<\/a> und \u00fcberarbeitet von <a href=\"https:\/\/traian.pop-verlag.com\/rothfuss.htm\">Uli Rothfuss<\/a>. Die POP-Verlag-Epikreihe, Bd. 12; 154\u00a0Seiten, 14,0\u00a0\u00d7\u00a020,0\u00a0cm; ISBN: 978-3-937139-54-8, \u20ac(D]15,50<br \/>\n<\/span><\/p>\n","protected":false},"excerpt":{"rendered":"<p>Orhan Kemal (1914-1970), mit eigentlichem Namen Mehmet Rasit \u00d6g\u00fct\u00e7\u00fc, ist einer der bedeutenden Vertreter der t\u00fcrkischen Literatur des 20. Jahrhunderts. Er verfasste vor allem Erz\u00e4hlungen und Romane. Geboren wurde Orhan Kemal in Adana. Da sein Vater, Mitbegr\u00fcnder der \u201eAhali Partei\u201c &hellip; <a class=\"more-link\" href=\"https:\/\/wp.pop-verlag.com\/?page_id=3956\">Weiterlesen <span class=\"meta-nav\">&rarr;<\/span><\/a><\/p>\n","protected":false},"author":2,"featured_media":0,"parent":695,"menu_order":4,"comment_status":"closed","ping_status":"closed","template":"","meta":{"footnotes":""},"class_list":["post-3956","page","type-page","status-publish","hentry"],"jetpack_sharing_enabled":true,"_links":{"self":[{"href":"https:\/\/wp.pop-verlag.com\/index.php?rest_route=\/wp\/v2\/pages\/3956","targetHints":{"allow":["GET"]}}],"collection":[{"href":"https:\/\/wp.pop-verlag.com\/index.php?rest_route=\/wp\/v2\/pages"}],"about":[{"href":"https:\/\/wp.pop-verlag.com\/index.php?rest_route=\/wp\/v2\/types\/page"}],"author":[{"embeddable":true,"href":"https:\/\/wp.pop-verlag.com\/index.php?rest_route=\/wp\/v2\/users\/2"}],"replies":[{"embeddable":true,"href":"https:\/\/wp.pop-verlag.com\/index.php?rest_route=%2Fwp%2Fv2%2Fcomments&post=3956"}],"version-history":[{"count":3,"href":"https:\/\/wp.pop-verlag.com\/index.php?rest_route=\/wp\/v2\/pages\/3956\/revisions"}],"predecessor-version":[{"id":3959,"href":"https:\/\/wp.pop-verlag.com\/index.php?rest_route=\/wp\/v2\/pages\/3956\/revisions\/3959"}],"up":[{"embeddable":true,"href":"https:\/\/wp.pop-verlag.com\/index.php?rest_route=\/wp\/v2\/pages\/695"}],"wp:attachment":[{"href":"https:\/\/wp.pop-verlag.com\/index.php?rest_route=%2Fwp%2Fv2%2Fmedia&parent=3956"}],"curies":[{"name":"wp","href":"https:\/\/api.w.org\/{rel}","templated":true}]}}