{"id":3503,"date":"2018-08-17T07:32:40","date_gmt":"2018-08-17T07:32:40","guid":{"rendered":"https:\/\/wp.pop-verlag.com\/?page_id=3503"},"modified":"2018-08-17T07:44:30","modified_gmt":"2018-08-17T07:44:30","slug":"maya-gogoladse","status":"publish","type":"page","link":"https:\/\/wp.pop-verlag.com\/?page_id=3503","title":{"rendered":"Maya Gogoladse"},"content":{"rendered":"<p><a href=\"https:\/\/wp.pop-verlag.com\/?page_id=3503\"><strong>Maya Gogoladse<\/strong><\/a>, geb. 1963 in Tbilissi. Autorin, \u00dcbersetzerin und Journalistin. Studium der Kommunikationswissenschaft erst an der Moskauer Lomonosov Universit\u00e4t, sp\u00e4ter an der Westf\u00e4lischen Wilhelms-Universit\u00e4t M\u00fcnster. Gleich ihr erster Roman \u201ePeter- und Paulstag\u201c wurde mit einem wichtigen literarischen Preis ausgezeichnet. Zahlreiche \u00dcbersetzungen aus dem Englischen, Deutschen und Russischen. Dozenturen an den Hochschulen in Tbilissi.<\/p>\n<p><span class=\"readonlyText multiple\"><strong>Lieferbare Titel<\/strong> von <a href=\"https:\/\/wp.pop-verlag.com\/?page_id=3503\"><strong>Maya Gogoladse<\/strong><\/a>:<\/span><\/p>\n<p><a href=\"https:\/\/wp.pop-verlag.com\/?page_id=3490\"><strong>&#8211; Hadaa Sendoo<\/strong><\/a>: <strong><a href=\"https:\/\/wp.pop-verlag.com\/?p=3484\">Sich zuhause f\u00fchlen<\/a>. <\/strong>Ins Deutsche \u00fcbertragen von <a href=\"https:\/\/wp.pop-verlag.com\/?page_id=3496\"><strong>Astrid Nischkauer<\/strong><\/a> und <a href=\"https:\/\/wp.pop-verlag.com\/?page_id=3499\"><strong>Andreas Weiland.\u00a0<\/strong><\/a>Mit einem Vorwort von <a href=\"https:\/\/wp.pop-verlag.com\/?page_id=3505\"><strong>Richard Berengarten<\/strong><\/a> und ein Gespr\u00e4ch mit <a href=\"https:\/\/wp.pop-verlag.com\/?page_id=3503\"><strong>Maya Gogoladse<\/strong><\/a>. Lyrik Reihe. Band 118. ISBN: 978-3-86356-233-5, 108 Seiten, \u20ac(D)16,50<\/p>\n","protected":false},"excerpt":{"rendered":"<p>Maya Gogoladse, geb. 1963 in Tbilissi. Autorin, \u00dcbersetzerin und Journalistin. Studium der Kommunikationswissenschaft erst an der Moskauer Lomonosov Universit\u00e4t, sp\u00e4ter an der Westf\u00e4lischen Wilhelms-Universit\u00e4t M\u00fcnster. Gleich ihr erster Roman \u201ePeter- und Paulstag\u201c wurde mit einem wichtigen literarischen Preis ausgezeichnet. Zahlreiche &hellip; <a class=\"more-link\" href=\"https:\/\/wp.pop-verlag.com\/?page_id=3503\">Weiterlesen <span class=\"meta-nav\">&rarr;<\/span><\/a><\/p>\n","protected":false},"author":2,"featured_media":0,"parent":672,"menu_order":7,"comment_status":"closed","ping_status":"closed","template":"","meta":{"footnotes":""},"class_list":["post-3503","page","type-page","status-publish","hentry"],"jetpack_sharing_enabled":true,"_links":{"self":[{"href":"https:\/\/wp.pop-verlag.com\/index.php?rest_route=\/wp\/v2\/pages\/3503","targetHints":{"allow":["GET"]}}],"collection":[{"href":"https:\/\/wp.pop-verlag.com\/index.php?rest_route=\/wp\/v2\/pages"}],"about":[{"href":"https:\/\/wp.pop-verlag.com\/index.php?rest_route=\/wp\/v2\/types\/page"}],"author":[{"embeddable":true,"href":"https:\/\/wp.pop-verlag.com\/index.php?rest_route=\/wp\/v2\/users\/2"}],"replies":[{"embeddable":true,"href":"https:\/\/wp.pop-verlag.com\/index.php?rest_route=%2Fwp%2Fv2%2Fcomments&post=3503"}],"version-history":[{"count":2,"href":"https:\/\/wp.pop-verlag.com\/index.php?rest_route=\/wp\/v2\/pages\/3503\/revisions"}],"predecessor-version":[{"id":3512,"href":"https:\/\/wp.pop-verlag.com\/index.php?rest_route=\/wp\/v2\/pages\/3503\/revisions\/3512"}],"up":[{"embeddable":true,"href":"https:\/\/wp.pop-verlag.com\/index.php?rest_route=\/wp\/v2\/pages\/672"}],"wp:attachment":[{"href":"https:\/\/wp.pop-verlag.com\/index.php?rest_route=%2Fwp%2Fv2%2Fmedia&parent=3503"}],"curies":[{"name":"wp","href":"https:\/\/api.w.org\/{rel}","templated":true}]}}