{"id":35,"date":"2015-04-27T08:49:55","date_gmt":"2015-04-27T08:49:55","guid":{"rendered":"http:\/\/wp.pop-verlag.com\/?page_id=35"},"modified":"2024-12-05T07:35:18","modified_gmt":"2024-12-05T07:35:18","slug":"presse","status":"publish","type":"page","link":"https:\/\/wp.pop-verlag.com\/?page_id=35","title":{"rendered":"Presse"},"content":{"rendered":"<p><strong>Pressemitteilungen 2024:<\/strong><\/p>\n<p>024_2024 PM Zum Tod von Helmuth Frauendorfer<\/p>\n<p>023_2024 PM Ana Blandiana Der Wille des Menschen ist antastbar. Von der Allgegenwart der Manipulation<\/p>\n<p class=\"nospacing\">16.okt.2024<\/p>\n<p><img loading=\"lazy\" decoding=\"async\" class=\"alignleft size-medium wp-image-6996\" src=\"https:\/\/wp.pop-verlag.com\/wp-content\/uploads\/2024\/09\/PT-Deustche-Verlagspreis_1920x1080-300x169.jpg\" sizes=\"auto, (max-width: 300px) 100vw, 300px\" srcset=\"https:\/\/wp.pop-verlag.com\/wp-content\/uploads\/2024\/09\/PT-Deustche-Verlagspreis_1920x1080-300x169.jpg 300w, https:\/\/wp.pop-verlag.com\/wp-content\/uploads\/2024\/09\/PT-Deustche-Verlagspreis_1920x1080-1024x576.jpg 1024w, https:\/\/wp.pop-verlag.com\/wp-content\/uploads\/2024\/09\/PT-Deustche-Verlagspreis_1920x1080-768x432.jpg 768w, https:\/\/wp.pop-verlag.com\/wp-content\/uploads\/2024\/09\/PT-Deustche-Verlagspreis_1920x1080-1536x864.jpg 1536w, https:\/\/wp.pop-verlag.com\/wp-content\/uploads\/2024\/09\/PT-Deustche-Verlagspreis_1920x1080-500x281.jpg 500w, https:\/\/wp.pop-verlag.com\/wp-content\/uploads\/2024\/09\/PT-Deustche-Verlagspreis_1920x1080.jpg 1920w\" alt=\"\" width=\"300\" height=\"169\" \/><\/p>\n<p>Ich verstehe diese Anerkennung als Herausforderung und nehme sie als solche an, aber nicht ohne mich bei Ihnen, den Autoren, \u00dcbersetzern, Lektoren, Korrektoren, Redakteuren und Grafikern zu bedanken, genauso wie bei allen F\u00f6rderern, Kultureinrichtungen, Bibliotheken, Archiven, Universit\u00e4ten, Instituten und all denen, die uns stets unersch\u00fctterlich zur Seite standen, sowie bei denen, die es hartn\u00e4ckig verweigerten, weil sie uns auf diese Weise geholfen haben herauszufinden, welches Bild von uns sich in der Verlagslandschaft konstituiert und etabliert. Und nicht zuletzt gilt mein Dank Ihnen, liebe Leserinnen und Leser, da Sie unser Unternehmen \u2013 um mit Bob Dylan zu sprechen \u2013 vor einem \u201eblowin\u2019 in the wind\u201c bewahrt haben.<br \/>\n<img loading=\"lazy\" decoding=\"async\" class=\"alignleft wp-image-7016 size-medium\" src=\"https:\/\/wp.pop-verlag.com\/wp-content\/uploads\/2024\/10\/DSC_8631-300x200.jpg\" sizes=\"auto, (max-width: 300px) 100vw, 300px\" srcset=\"https:\/\/wp.pop-verlag.com\/wp-content\/uploads\/2024\/10\/DSC_8631-300x200.jpg 300w, https:\/\/wp.pop-verlag.com\/wp-content\/uploads\/2024\/10\/DSC_8631-1024x683.jpg 1024w, https:\/\/wp.pop-verlag.com\/wp-content\/uploads\/2024\/10\/DSC_8631-768x512.jpg 768w, https:\/\/wp.pop-verlag.com\/wp-content\/uploads\/2024\/10\/DSC_8631-1536x1024.jpg 1536w, https:\/\/wp.pop-verlag.com\/wp-content\/uploads\/2024\/10\/DSC_8631-2048x1365.jpg 2048w, https:\/\/wp.pop-verlag.com\/wp-content\/uploads\/2024\/10\/DSC_8631-450x300.jpg 450w, https:\/\/wp.pop-verlag.com\/wp-content\/uploads\/2024\/10\/DSC_8631-272x182.jpg 272w\" alt=\"\" width=\"300\" height=\"200\" \/><\/p>\n<p>\u00cen\u021beleg aceast\u0103 recunoa\u0219tere drept o provocare \u0219i o iau ca atare, nu \u00eenainte \u00eens\u0103 de a v\u0103 mul\u021bumi vou\u0103, autorilor, traduc\u0103torilor, lectorilor, corectorilor, redactorilor, graficienilor, bibliotecilor, arhivelor, universit\u0103\u021bilor, institutelor, institu\u021biilor culturale, sprijinitorilor \u0219i tuturor celor ce a\u021bi putut, a\u021bi vrut \u0219i a\u021bi \u0219tiut sa r\u0103m\u00e2ne\u021bi al\u0103turi de mine, ca de altfel \u0219i vou\u0103, celor ce nu a\u021bi putut, nu a\u021bi \u0219tiut sau nu a\u021bi avut dorin\u021ba de a o face, care n-a\u021bi acordat importan\u021b\u0103 celor \u00eentreprinse de mine \u0219i colectivul editurii, c\u00e2t \u0219i vou\u0103, care ne-a\u021bi neglijat cu \u00eend\u0103r\u0103tnicie, ajut\u00e2ndu-ne \u2013 fie \u0219i \u00een acest mod \u2013 sa afl\u0103m care este imaginea noastr\u0103 \u00een peisajul editorial. \u0218i la urm\u0103, dar nu \u00een ultimul r\u00e2nd, mul\u021bumesc vou\u0103, iubi\u021bi cititori, f\u0103r\u0103 de care \u00eentreprinderea noastr\u0103 ar fi fost \u2013 vorba lui Bob Dylan \u2013 \u201ev\u00e2nare de v\u00e2nt\u201c. (Traian Pop)<\/p>\n<p><strong>Pressemitteilungen 2023:<\/strong><\/p>\n<p><strong>Pressemitteilungen 2022:<\/strong><\/p>\n<p>&#8211; 005_2022 PM zu Ilse Hehn\u00a0&#8211; Diese Tage ohne Datum, M\u00e4rz 2022<\/p>\n<p>&#8211; 004_2022 PM zu Peter Fr\u00f6mmig<em>-Sedimente der Zeit. Essays und Erz\u00e4hlungen, , M\u00e4rz 2022<\/em><\/p>\n<p>&#8211; 003_2022 PM zu Anton Sterbling &#8211;\u00a0Ende einer Pandemie und weitere Erz\u00e4hlungen, M\u00e4rz 2022<\/p>\n<p>&#8211; 002_2022 PM zu Horst Samson &#8211; Der Tod ist noch am Leben, M\u00e4rz 2022<\/p>\n<p>&#8211; 001_2022 PM zu Helmuth Frauendorfer-Abendweg, M\u00e4rz 2022<\/p>\n<p><strong>Pressemitteilungen 2021:<\/strong><\/p>\n<p>&#8211; 004_2022 PM zu <span class=\"readonlyText multiple\">Eginald Schlattner &#8211;<\/span> <a href=\"https:\/\/wp.pop-verlag.com\/?p=5995\"><em>Schattenspiele toter M\u00e4dchen<\/em>.<\/a>, Dezember 2021<\/p>\n<p>&#8211; 004_2022 PM zu <span class=\"readonlyText multiple\"><a href=\"https:\/\/wp.pop-verlag.com\/?page_id=1369\">Eginald Schlattner<\/a> &#8211;<\/span> <a href=\"https:\/\/wp.pop-verlag.com\/?p=5995\"><em>Schattenspiele toter M\u00e4dchen<\/em>.<\/a>, Dezember 2021<\/p>\n<p><strong>Pressemitteilungen 2020:<\/strong><\/p>\n<p><strong>Pressemitteilungen 2019:<\/strong><\/p>\n<ul>\n<li><a href=\"https:\/\/wp.pop-verlag.com\/?p=4199\">PM<\/a>\u00a0<span class=\"item-title\">Wir trauen um Dieter Schlesak!<\/span><\/li>\n<\/ul>\n<p><strong>Pressemitteilungen 2018:<\/strong><\/p>\n<p><strong>Pressemitteilungen 2017:<\/strong><\/p>\n<p><strong>Pressemitteilungen 2016:<\/strong><\/p>\n<ul>\n<li><a href=\"http:\/\/wp.pop-verlag.com\/wp-content\/uploads\/2015\/04\/2016_006_Sternmut_Atemecho.pdf\">PM zu Norbert Sternmut &#8211; Atemecho, Juli 2016<\/a><\/li>\n<li>PM zu <a href=\"http:\/\/wp.pop-verlag.com\/wp-content\/uploads\/2015\/04\/2016_003_BAW\u00dcLON_21.pdf\">BAW\u00dcLON 21 (1\/2016)<\/a>, November 2016<\/li>\n<li>PM zu<a href=\"http:\/\/wp.pop-verlag.com\/wp-content\/uploads\/2015\/04\/2016_004_Giebel_Im-roten-Sand.pdf\"> Eric Giebel &#8211; Im roten Sand<\/a>, M\u00e4rz 2016<\/li>\n<li><a href=\"http:\/\/wp.pop-verlag.com\/wp-content\/uploads\/2015\/04\/2016_001_Benedikt-Dyrlich_Surreale-Umarmung.pdf\">PM zu Benedikt Dyrlich_Surreale Umarmung, Januar 2016<\/a><\/li>\n<\/ul>\n<p><strong>Pressemitteilungen 2015<\/strong>:<\/p>\n<ul>\n<li>PM zu <a href=\"http:\/\/wp.pop-verlag.com\/wp-content\/uploads\/2015\/04\/2015_20_BAW\u00dcLON.pdf\" target=\"_blank\" rel=\"noopener\">BAW\u00dcLON Nr. 20 (4\/2015)<\/a>, November 2015<\/li>\n<li>PM zu <a href=\"http:\/\/wp.pop-verlag.com\/wp-content\/uploads\/2015\/04\/2015_21_Ines-Hagemeyer_handverlesen.pdf\" target=\"_blank\" rel=\"noopener\">Ines Hagemeyer &#8211; handverlesen<\/a>, November 2015<\/li>\n<li>PM zu <a href=\"http:\/\/wp.pop-verlag.com\/wp-content\/uploads\/2015\/04\/2015_19_Elke-Engelhardt.pdf\">Elke Engelhardt &#8211; Bis der Schnee Gewicht hat<\/a><span class=\"readonlyText\" title=\"Bis der Schnee Gewicht hat\">, <\/span>November 2015<\/li>\n<li>PM zu <a href=\"http:\/\/wp.pop-verlag.com\/wp-content\/uploads\/2015\/11\/2015_018_Literaturfest-LB.pdf\">Literaturfest Ludwigsburg<\/a>, Oktober 2015<\/li>\n<li>PM zu <a href=\"http:\/\/wp.pop-verlag.com\/wp-content\/uploads\/2015\/04\/Frankfurter-Buchmesse_2015.pdf\">Frankfurter Buchmesse<\/a>, Oktober 2015<\/li>\n<li>PM zu <a href=\"http:\/\/wp.pop-verlag.com\/wp-content\/uploads\/2015\/11\/2015_016_Ekaterine_-Gabaschwili_Magdanas-Esel.pdf\">Ekaterine Gabaschwili &#8211; Magdanas Esel<\/a>, September 2015<\/li>\n<li>PM zu <a href=\"http:\/\/wp.pop-verlag.com\/wp-content\/uploads\/2015\/11\/2015_015_Tschola_Lomtatidse_Die-Beichte..pdf\">Tschola Lomtatidse &#8211; Die Beichte<\/a>,\u00a0September 2015.<\/li>\n<li>PM zu <a href=\"http:\/\/wp.pop-verlag.com\/wp-content\/uploads\/2015\/09\/Klaus-Martens-Anderswo-nicht-hier.pdf\">Klaus Martens &#8211; Anderswo, nicht hier<\/a>, August 2015<\/li>\n<li>PM zu <a href=\"http:\/\/wp.pop-verlag.com\/wp-content\/uploads\/2015\/09\/Ilse-Hehn-Tage-Ost-West.pdf\">Ilse Hehn &#8211; Tage Ost &#8211; West<\/a>, Juli 2015<\/li>\n<li>PM zu <a href=\"http:\/\/wp.pop-verlag.com\/wp-content\/uploads\/2015\/09\/Johann-Lippet-Amei-und-Mari-oder-Nacherz\u00e4hltes-Leben.pdf\">Johann Lippet &#8211; Amei und Mari oder Nacherz\u00e4hltes Leben<\/a>, Juni 2015<\/li>\n<li>PM zu <a href=\"http:\/\/wp.pop-verlag.com\/wp-content\/uploads\/2015\/09\/Harald-Gr\u00f6hler-Der-Sprung-durch-den-Teich.pdf\">Harald Gr\u00f6hler &#8211; Der Sprung durch den Teich<\/a>, M\u00e4rz 2015<\/li>\n<li>PM zu <a href=\"http:\/\/wp.pop-verlag.com\/wp-content\/uploads\/2015\/09\/Ursula-Teicher-Maier-K\u00fche-und-Locken-drehen.pdf\">Ursula Teicher-Maier &#8211; K\u00fche und Locken drehen<\/a>, M\u00e4rz 2015<\/li>\n<li>PM zu <a href=\"http:\/\/wp.pop-verlag.com\/wp-content\/uploads\/2015\/09\/Eric-Giebel-Quecksilber-in-Manteltaschen.pdf\">Eric Giebel &#8211; Quecksilber in Manteltaschen<\/a>, M\u00e4rz 2015<\/li>\n<\/ul>\n","protected":false},"excerpt":{"rendered":"<p>Pressemitteilungen 2024: 024_2024 PM Zum Tod von Helmuth Frauendorfer 023_2024 PM Ana Blandiana Der Wille des Menschen ist antastbar. Von der Allgegenwart der Manipulation 16.okt.2024 Ich verstehe diese Anerkennung als Herausforderung und nehme sie als solche an, aber nicht ohne &hellip; <a class=\"more-link\" href=\"https:\/\/wp.pop-verlag.com\/?page_id=35\">Weiterlesen <span class=\"meta-nav\">&rarr;<\/span><\/a><\/p>\n","protected":false},"author":1,"featured_media":0,"parent":0,"menu_order":9,"comment_status":"closed","ping_status":"closed","template":"","meta":{"footnotes":""},"class_list":["post-35","page","type-page","status-publish","hentry"],"jetpack_sharing_enabled":true,"_links":{"self":[{"href":"https:\/\/wp.pop-verlag.com\/index.php?rest_route=\/wp\/v2\/pages\/35","targetHints":{"allow":["GET"]}}],"collection":[{"href":"https:\/\/wp.pop-verlag.com\/index.php?rest_route=\/wp\/v2\/pages"}],"about":[{"href":"https:\/\/wp.pop-verlag.com\/index.php?rest_route=\/wp\/v2\/types\/page"}],"author":[{"embeddable":true,"href":"https:\/\/wp.pop-verlag.com\/index.php?rest_route=\/wp\/v2\/users\/1"}],"replies":[{"embeddable":true,"href":"https:\/\/wp.pop-verlag.com\/index.php?rest_route=%2Fwp%2Fv2%2Fcomments&post=35"}],"version-history":[{"count":27,"href":"https:\/\/wp.pop-verlag.com\/index.php?rest_route=\/wp\/v2\/pages\/35\/revisions"}],"predecessor-version":[{"id":7053,"href":"https:\/\/wp.pop-verlag.com\/index.php?rest_route=\/wp\/v2\/pages\/35\/revisions\/7053"}],"wp:attachment":[{"href":"https:\/\/wp.pop-verlag.com\/index.php?rest_route=%2Fwp%2Fv2%2Fmedia&parent=35"}],"curies":[{"name":"wp","href":"https:\/\/api.w.org\/{rel}","templated":true}]}}