{"id":3499,"date":"2018-08-17T07:27:12","date_gmt":"2018-08-17T07:27:12","guid":{"rendered":"https:\/\/wp.pop-verlag.com\/?page_id=3499"},"modified":"2018-08-17T07:27:34","modified_gmt":"2018-08-17T07:27:34","slug":"andreas-weiland","status":"publish","type":"page","link":"https:\/\/wp.pop-verlag.com\/?page_id=3499","title":{"rendered":"Andreas Weiland"},"content":{"rendered":"<p><a href=\"https:\/\/wp.pop-verlag.com\/?page_id=3499\"><strong>Andreas Weiland<\/strong><\/a>, Dichter, Filmkritiker und Kunstkritiker, geboren 1944 in Deutschland. Er unterrichtete moderne deutsche Literatur in Taiwan in den siebziger Jahren, sp\u00e4ter am Institut der Ruhr-Universit\u00e4t in Bochum. Andreas Weiland ist zurzeit als Redakteur der Online-Literaturzeitschrift Street Voice t\u00e4tig.<\/p>\n","protected":false},"excerpt":{"rendered":"<p>Andreas Weiland, Dichter, Filmkritiker und Kunstkritiker, geboren 1944 in Deutschland. Er unterrichtete moderne deutsche Literatur in Taiwan in den siebziger Jahren, sp\u00e4ter am Institut der Ruhr-Universit\u00e4t in Bochum. Andreas Weiland ist zurzeit als Redakteur der Online-Literaturzeitschrift Street Voice t\u00e4tig. &hellip; <a class=\"more-link\" href=\"https:\/\/wp.pop-verlag.com\/?page_id=3499\">Weiterlesen <span class=\"meta-nav\">&rarr;<\/span><\/a><\/p>\n","protected":false},"author":2,"featured_media":0,"parent":719,"menu_order":4,"comment_status":"closed","ping_status":"closed","template":"","meta":{"footnotes":""},"class_list":["post-3499","page","type-page","status-publish","hentry"],"jetpack_sharing_enabled":true,"_links":{"self":[{"href":"https:\/\/wp.pop-verlag.com\/index.php?rest_route=\/wp\/v2\/pages\/3499","targetHints":{"allow":["GET"]}}],"collection":[{"href":"https:\/\/wp.pop-verlag.com\/index.php?rest_route=\/wp\/v2\/pages"}],"about":[{"href":"https:\/\/wp.pop-verlag.com\/index.php?rest_route=\/wp\/v2\/types\/page"}],"author":[{"embeddable":true,"href":"https:\/\/wp.pop-verlag.com\/index.php?rest_route=\/wp\/v2\/users\/2"}],"replies":[{"embeddable":true,"href":"https:\/\/wp.pop-verlag.com\/index.php?rest_route=%2Fwp%2Fv2%2Fcomments&post=3499"}],"version-history":[{"count":2,"href":"https:\/\/wp.pop-verlag.com\/index.php?rest_route=\/wp\/v2\/pages\/3499\/revisions"}],"predecessor-version":[{"id":3501,"href":"https:\/\/wp.pop-verlag.com\/index.php?rest_route=\/wp\/v2\/pages\/3499\/revisions\/3501"}],"up":[{"embeddable":true,"href":"https:\/\/wp.pop-verlag.com\/index.php?rest_route=\/wp\/v2\/pages\/719"}],"wp:attachment":[{"href":"https:\/\/wp.pop-verlag.com\/index.php?rest_route=%2Fwp%2Fv2%2Fmedia&parent=3499"}],"curies":[{"name":"wp","href":"https:\/\/api.w.org\/{rel}","templated":true}]}}