{"id":3496,"date":"2018-08-17T07:25:35","date_gmt":"2018-08-17T07:25:35","guid":{"rendered":"https:\/\/wp.pop-verlag.com\/?page_id=3496"},"modified":"2018-08-17T07:41:52","modified_gmt":"2018-08-17T07:41:52","slug":"astrid-nischkauer","status":"publish","type":"page","link":"https:\/\/wp.pop-verlag.com\/?page_id=3496","title":{"rendered":"Astrid Nischkauer"},"content":{"rendered":"<p><a href=\"https:\/\/wp.pop-verlag.com\/?page_id=3496\"><strong>Astrid Nischkauer<\/strong><\/a>, geb. 1989 in Wien, studierte Germanistik und Komparatistik. Rezensionen und Literarische Selbstgespr\u00e4che f\u00fcr fixpoetry.com. \u00dcbersetzungen. Lektoratst\u00e4tigkeit. Gedichte, Kurzprosa und Drama. Gedichtb\u00e4nde: frisch gepresste Parasiten, Poesie passieren &amp; passieren lassen, Satyr mit Thunfisch (parasitenpresse, 2015, 2016, 2018). Mit dem \u00dcbersetzerkollektiv VERSATORIUM wurde sie mit dem Preis der Stadt M\u00fcnster f\u00fcr internationale Poesie ausgezeichnet.<\/p>\n<p><span class=\"readonlyText multiple\"><strong>Lieferbare Titel<\/strong> von <a href=\"https:\/\/wp.pop-verlag.com\/?page_id=3496\"><strong>Astrid Nischkauer<\/strong><\/a>:<br \/>\n<\/span><\/p>\n<p><span class=\"readonlyText multiple\">&#8211; <\/span><a href=\"https:\/\/wp.pop-verlag.com\/?page_id=3490\"><strong>Hadaa Sendoo<\/strong><\/a>: <strong><a href=\"https:\/\/wp.pop-verlag.com\/?p=3484\">Sich zuhause f\u00fchlen<\/a>. <\/strong>Ins Deutsche \u00fcbertragen von <a href=\"https:\/\/wp.pop-verlag.com\/?page_id=3496\"><strong>Astrid Nischkauer<\/strong><\/a> und <a href=\"https:\/\/wp.pop-verlag.com\/?page_id=3499\"><strong>Andreas Weiland.\u00a0<\/strong><\/a>Mit einem Vorwort von <a href=\"https:\/\/wp.pop-verlag.com\/?page_id=3505\"><strong>Richard Berengarten<\/strong><\/a> und ein Gespr\u00e4ch mit <a href=\"https:\/\/wp.pop-verlag.com\/?page_id=3503\"><strong>Maya Gogoladse<\/strong><\/a>. Lyrik Reihe. Band 118. ISBN: 978-3-86356-233-5, 108 Seiten, \u20ac(D)16,50<\/p>\n","protected":false},"excerpt":{"rendered":"<p>Astrid Nischkauer, geb. 1989 in Wien, studierte Germanistik und Komparatistik. Rezensionen und Literarische Selbstgespr\u00e4che f\u00fcr fixpoetry.com. \u00dcbersetzungen. Lektoratst\u00e4tigkeit. Gedichte, Kurzprosa und Drama. Gedichtb\u00e4nde: frisch gepresste Parasiten, Poesie passieren &amp; passieren lassen, Satyr mit Thunfisch (parasitenpresse, 2015, 2016, 2018). Mit dem &hellip; <a class=\"more-link\" href=\"https:\/\/wp.pop-verlag.com\/?page_id=3496\">Weiterlesen <span class=\"meta-nav\">&rarr;<\/span><\/a><\/p>\n","protected":false},"author":2,"featured_media":0,"parent":702,"menu_order":6,"comment_status":"closed","ping_status":"closed","template":"","meta":{"footnotes":""},"class_list":["post-3496","page","type-page","status-publish","hentry"],"jetpack_sharing_enabled":true,"_links":{"self":[{"href":"https:\/\/wp.pop-verlag.com\/index.php?rest_route=\/wp\/v2\/pages\/3496","targetHints":{"allow":["GET"]}}],"collection":[{"href":"https:\/\/wp.pop-verlag.com\/index.php?rest_route=\/wp\/v2\/pages"}],"about":[{"href":"https:\/\/wp.pop-verlag.com\/index.php?rest_route=\/wp\/v2\/types\/page"}],"author":[{"embeddable":true,"href":"https:\/\/wp.pop-verlag.com\/index.php?rest_route=\/wp\/v2\/users\/2"}],"replies":[{"embeddable":true,"href":"https:\/\/wp.pop-verlag.com\/index.php?rest_route=%2Fwp%2Fv2%2Fcomments&post=3496"}],"version-history":[{"count":3,"href":"https:\/\/wp.pop-verlag.com\/index.php?rest_route=\/wp\/v2\/pages\/3496\/revisions"}],"predecessor-version":[{"id":3510,"href":"https:\/\/wp.pop-verlag.com\/index.php?rest_route=\/wp\/v2\/pages\/3496\/revisions\/3510"}],"up":[{"embeddable":true,"href":"https:\/\/wp.pop-verlag.com\/index.php?rest_route=\/wp\/v2\/pages\/702"}],"wp:attachment":[{"href":"https:\/\/wp.pop-verlag.com\/index.php?rest_route=%2Fwp%2Fv2%2Fmedia&parent=3496"}],"curies":[{"name":"wp","href":"https:\/\/api.w.org\/{rel}","templated":true}]}}