{"id":3490,"date":"2018-08-17T07:20:45","date_gmt":"2018-08-17T07:20:45","guid":{"rendered":"https:\/\/wp.pop-verlag.com\/?page_id=3490"},"modified":"2019-10-11T03:29:46","modified_gmt":"2019-10-11T03:29:46","slug":"hadaa-sendoo","status":"publish","type":"page","link":"https:\/\/wp.pop-verlag.com\/?page_id=3490","title":{"rendered":"Hadaa Sendoo"},"content":{"rendered":"<p><img loading=\"lazy\" decoding=\"async\" class=\"alignleft wp-image-3491 size-medium\" src=\"https:\/\/wp.pop-verlag.com\/wp-content\/uploads\/2018\/08\/HadaaSendoo-240x300.jpg\" alt=\"\" width=\"240\" height=\"300\" srcset=\"https:\/\/wp.pop-verlag.com\/wp-content\/uploads\/2018\/08\/HadaaSendoo-240x300.jpg 240w, https:\/\/wp.pop-verlag.com\/wp-content\/uploads\/2018\/08\/HadaaSendoo-768x960.jpg 768w, https:\/\/wp.pop-verlag.com\/wp-content\/uploads\/2018\/08\/HadaaSendoo-819x1024.jpg 819w\" sizes=\"auto, (max-width: 240px) 100vw, 240px\" \/><a href=\"https:\/\/wp.pop-verlag.com\/?page_id=3490\"><strong>Hadaa Sendoo<\/strong><\/a> ist ein mehrfach preisgekr\u00f6nter mongolischer Lyriker. Seine Gedichte wurden in mehr als 30 Sprachen \u00fcbersetzt und in Europa, Asien sowie Nord-und S\u00fcdamerika publiziert. Sie sind auch in den B\u00fcchern The Best Mongolian Poetry, World Record Anthology (Bloodaxe, UK), East and West \u2013 Poetic Mosaic (Tiblisi, 2016), Present Day Best Poems (Amazon Company, 2016) enthalten. Sendoo erhielt zahlreiche literarische Auszeichnungen, darunter den Mongolian Writers\u2019 Union Prize, den Poet of the Millennium Award (Indien), den Pinnacle of Achievement Award for Poetry, den Nosside Prize for World Poetry (Italien) und den Visonary Poet Award (Kanada). Er ist Mitglied der Academy of Humanities und des Mongolischen Schriftstellerverbands sowie Herausgeber des World Poetry Almanac. Hadaa Sendoo lebt in Ulan Bator.<\/p>\n<p>Der mongolische Dichter und \u00dcbersetzer Hadaa Sendoo wurde 1961 in der heutigen Inneren Mongolei geboren und wuchs in deren Hauptstadt Hohhot auf. In der Mittelschule, die dem deutschen Gymnasium entspricht, lernte er Alt-Mongolisch und Chinesisch. W\u00e4hrend der Kulturrevolution wurde er f\u00fcr vier Jahre zu Nomaden aufs Land verschickt \u2013 ins Shiiliigool-Gebiet, aus dem sein Vater und seine Gro\u00dfeltern v\u00e4terlicherseits stammen. 1984 kehrte er nach Hohhot zur\u00fcck, und beendete die obere Mittelschule. Auf Rat seines Vaters begann Hadaa Sendoo ein Studium an der Kunsthochschule in Hohhot. Hier wurde er bald Assistent des Herausgebers einer Kunst- und Kulturzeitschrift. Seit dieser Zeit schreibt er Gedichte. Im Jahr 1989 ver\u00f6ffentlichte er seinen ersten Gedichtband, Nomadenlieder und Mondlicht, mit Texten, die er noch auf Chinesisch schrieb, allerdings mit mongolischen Themen. Der Band wurde von einem Verlag f\u00fcr nationale Minderheiten ver\u00f6ffentlicht. 1991 entschied Hadaa Sendoo sich f\u00fcr den Umzug in die Mongolei, in deren Hauptstadt Ulaanbaatar er seither lebt und lehrt als Professor f\u00fcr Literatur. Sein Forschungsschwerpunkt ist die mongolische Volksliteratur, einschlie\u00dflich der Volkslieder und der mongolischen Mythologie. 1996 ver\u00f6ffentlichte Hadaa Sendoo seinen ersten in modernem Mongolisch mit kyrillischen Buchstaben geschriebenen Gedichtband \u201eFelsgesang\u201c. 1998 trat er dem mongolischen Schriftstellerverband bei. 1999 gr\u00fcndete er zusammen mit Freunden eine Kulturzeitschrift mit dem Titel The World\u2018s Mongolians \u2013 eine zweisprachige (auf Mongolisch und Englisch) in der Mongolei erscheinende Publikation. Im Sommer 1999 organisierte er zusammen mit dem mongolischen Dichter S. Tserendorj das erste Asiatische Poesie-Festival in Ulaanbaatar. Im Oktober 2006 erschien der World Poetry Almanac, ein internationales Poesie-Jahrbuch in Zentralasien, das Sendoo initiierte. 2009 fand sein Band Komm zur\u00fcck zur Erde die Aufmerksamkeit vieler Kritiker. Er erhielt unter anderem den Best Book of Poetry Award der International Writers\u2019 Association. Am 24. September 2011 schloss sich Hadaa Sendoo dem World Poetry Movement an und wurde so eines der Gr\u00fcndungsmitglieder dieser Bewegung. Im Jahre 2012 wurde Hadaa Sendoo zur Teilnahme am gr\u00f6\u00dften je in Gro\u00dfbritannien veranstalteten Poesie-Festival, dem Poetry Parnassus des Southbank Centre, eingeladen. Seine Gedichte erschienen zugleich in der World Record Anthology und ebenso in einer Anthologie der besten derzeitigen Gedichte von 60 repr\u00e4sentativen Dichtern aus aller Welt. Hadaa Sendoo hat inzwischen viele Preise erhalten, einschlie\u00dflich des Preises des Mongolischen Schriftstellerverbands. Er erhielt Auszeichnungen f\u00fcr literarische Leistungen in der Mongolei, Griechenland, Kanada, und den USA und wurde zur Teilnahme an internationalen Poesie-Festivals in Europa, Asien, Nord- und S\u00fcdamerika eingeladen. Er ist auch vertreten in einer Anthologie der besten derzeitigen Gedichte von 60 repr\u00e4sentativen Dichtern aus aller Welt und einige seiner Gedichte wurden in die Liste der Top 500 Poems aufgenommen.<\/p>\n<p><span class=\"readonlyText multiple\"><strong>Lieferbare Titel<\/strong> von <\/span><a href=\"https:\/\/wp.pop-verlag.com\/?page_id=3490\"><strong>Hadaa Sendoo<\/strong><\/a>:<\/p>\n<p><strong>\u2013 <a href=\"https:\/\/wp.pop-verlag.com\/?p=3484\">Sich zuhause f\u00fchlen<\/a>. <\/strong>Ins Deutsche \u00fcbertragen von <a href=\"https:\/\/wp.pop-verlag.com\/?page_id=3496\"><strong>Astrid Nischkauer<\/strong><\/a> und <a href=\"https:\/\/wp.pop-verlag.com\/?page_id=3499\"><strong>Andreas Weiland.\u00a0<\/strong><\/a>Mit einem Vorwort von <a href=\"https:\/\/wp.pop-verlag.com\/?page_id=3505\"><strong>Richard Berengarten<\/strong><\/a> und ein Gespr\u00e4ch mit <a href=\"https:\/\/wp.pop-verlag.com\/?page_id=3503\"><strong>Maya Gogoladse<\/strong><\/a>. Lyrik Reihe. Band 118. ISBN: 978-3-86356-233-5, 108 Seiten, \u20ac(D)16,50<\/p>\n<ul>\n<li><a href=\"https:\/\/wp.pop-verlag.com\/?p=4550\"><strong>Mongolischer blauer Fleck. <\/strong><\/a>Gedichte und Bilder.Aus englischen Fassungen ins Deutsche \u00fcbertragen und mit einem Nachwort versehen von <a href=\"https:\/\/wp.pop-verlag.com\/?page_id=4554\">J\u00fcrgen Jankofsky<\/a>. Lyrikreihe Bd. 141; ISBN 978-3-86356-286-1; 90 Seiten, \u20ac[D]18,50<\/li>\n<\/ul>\n<p>&nbsp;<\/p>\n","protected":false},"excerpt":{"rendered":"<p>Hadaa Sendoo ist ein mehrfach preisgekr\u00f6nter mongolischer Lyriker. Seine Gedichte wurden in mehr als 30 Sprachen \u00fcbersetzt und in Europa, Asien sowie Nord-und S\u00fcdamerika publiziert. Sie sind auch in den B\u00fcchern The Best Mongolian Poetry, World Record Anthology (Bloodaxe, UK), &hellip; <a class=\"more-link\" href=\"https:\/\/wp.pop-verlag.com\/?page_id=3490\">Weiterlesen <span class=\"meta-nav\">&rarr;<\/span><\/a><\/p>\n","protected":false},"author":2,"featured_media":0,"parent":712,"menu_order":5,"comment_status":"closed","ping_status":"closed","template":"","meta":{"footnotes":""},"class_list":["post-3490","page","type-page","status-publish","hentry"],"jetpack_sharing_enabled":true,"_links":{"self":[{"href":"https:\/\/wp.pop-verlag.com\/index.php?rest_route=\/wp\/v2\/pages\/3490","targetHints":{"allow":["GET"]}}],"collection":[{"href":"https:\/\/wp.pop-verlag.com\/index.php?rest_route=\/wp\/v2\/pages"}],"about":[{"href":"https:\/\/wp.pop-verlag.com\/index.php?rest_route=\/wp\/v2\/types\/page"}],"author":[{"embeddable":true,"href":"https:\/\/wp.pop-verlag.com\/index.php?rest_route=\/wp\/v2\/users\/2"}],"replies":[{"embeddable":true,"href":"https:\/\/wp.pop-verlag.com\/index.php?rest_route=%2Fwp%2Fv2%2Fcomments&post=3490"}],"version-history":[{"count":6,"href":"https:\/\/wp.pop-verlag.com\/index.php?rest_route=\/wp\/v2\/pages\/3490\/revisions"}],"predecessor-version":[{"id":4559,"href":"https:\/\/wp.pop-verlag.com\/index.php?rest_route=\/wp\/v2\/pages\/3490\/revisions\/4559"}],"up":[{"embeddable":true,"href":"https:\/\/wp.pop-verlag.com\/index.php?rest_route=\/wp\/v2\/pages\/712"}],"wp:attachment":[{"href":"https:\/\/wp.pop-verlag.com\/index.php?rest_route=%2Fwp%2Fv2%2Fmedia&parent=3490"}],"curies":[{"name":"wp","href":"https:\/\/api.w.org\/{rel}","templated":true}]}}