{"id":3435,"date":"2018-07-27T14:45:14","date_gmt":"2018-07-27T14:45:14","guid":{"rendered":"https:\/\/wp.pop-verlag.com\/?page_id=3435"},"modified":"2020-03-30T07:47:01","modified_gmt":"2020-03-30T07:47:01","slug":"julia-schiff-2","status":"publish","type":"page","link":"https:\/\/wp.pop-verlag.com\/?page_id=3435","title":{"rendered":"Robert Schiff"},"content":{"rendered":"<p><img loading=\"lazy\" decoding=\"async\" class=\"alignleft wp-image-4925 size-medium\" src=\"https:\/\/wp.pop-verlag.com\/wp-content\/uploads\/2020\/03\/Robert_Schiff_Todesanzeige-211x300.jpeg\" alt=\"\" width=\"211\" height=\"300\" srcset=\"https:\/\/wp.pop-verlag.com\/wp-content\/uploads\/2020\/03\/Robert_Schiff_Todesanzeige-211x300.jpeg 211w, https:\/\/wp.pop-verlag.com\/wp-content\/uploads\/2020\/03\/Robert_Schiff_Todesanzeige-768x1091.jpeg 768w, https:\/\/wp.pop-verlag.com\/wp-content\/uploads\/2020\/03\/Robert_Schiff_Todesanzeige-721x1024.jpeg 721w, https:\/\/wp.pop-verlag.com\/wp-content\/uploads\/2020\/03\/Robert_Schiff_Todesanzeige.jpeg 1882w\" sizes=\"auto, (max-width: 211px) 100vw, 211px\" \/><a href=\"https:\/\/wp.pop-verlag.com\/?page_id=3435\"><strong>Robert Schiff<\/strong><\/a>, *1934 in Temeschburg\/Rum\u00e4nien \u2013 \u2020 2020 in M\u00fcnchen, Gelernter Uhrmacher, Spezialist f\u00fcr antike Uhren. Selbst\u00e4ndig. Freies Studium der Bildenden K\u00fcnste. (Grafik, Malerei, Intarsie). Dozent f\u00fcr Intarsienarbeiten an der Volkshochschule in Temeschburg (1975-1978). 1981: Aussiedlung in die Bundesrepublik Deutschland. Mitglied im K\u00fcnstlerverein \u201eDie Roseninsel\u201c, Feldafing. Zahlreiche Ausstellungen, u. a. in Temeschburg, Bukarest, K\u00f6ln, Hallertau, M\u00fcnchen, Traunreut, Pforzheim, Bamberg, Bonn. 1994 erschien sein erster Roman, Feldpost, Verlag des S\u00fcdostdeutschen Kulturwerks, M\u00fcnchen. Zuletzt: Falsche Fuffziger, Pop Verlag Ludwigsburg, 2013.<\/p>\n<p>Lieferbare Titel von <a href=\"https:\/\/wp.pop-verlag.com\/?page_id=3435\"><strong>Robert Schiff<\/strong><\/a>:<\/p>\n<p><strong>&#8211;\u00a0<\/strong> \u201e<a href=\"https:\/\/wp.pop-verlag.com\/?p=415\">Falsche Fuffziger<\/a>\u201c Roman. Reihe Epik, Bd. 50, 252 Seiten, ISBN 978-3-86356-073-7, \u20ac[D]15,50<\/p>\n<p>&nbsp;<\/p>\n","protected":false},"excerpt":{"rendered":"<p>Robert Schiff, *1934 in Temeschburg\/Rum\u00e4nien \u2013 \u2020 2020 in M\u00fcnchen, Gelernter Uhrmacher, Spezialist f\u00fcr antike Uhren. Selbst\u00e4ndig. Freies Studium der Bildenden K\u00fcnste. (Grafik, Malerei, Intarsie). Dozent f\u00fcr Intarsienarbeiten an der Volkshochschule in Temeschburg (1975-1978). 1981: Aussiedlung in die Bundesrepublik Deutschland. &hellip; <a class=\"more-link\" href=\"https:\/\/wp.pop-verlag.com\/?page_id=3435\">Weiterlesen <span class=\"meta-nav\">&rarr;<\/span><\/a><\/p>\n","protected":false},"author":2,"featured_media":0,"parent":712,"menu_order":4,"comment_status":"closed","ping_status":"closed","template":"","meta":{"footnotes":""},"class_list":["post-3435","page","type-page","status-publish","hentry"],"jetpack_sharing_enabled":true,"_links":{"self":[{"href":"https:\/\/wp.pop-verlag.com\/index.php?rest_route=\/wp\/v2\/pages\/3435","targetHints":{"allow":["GET"]}}],"collection":[{"href":"https:\/\/wp.pop-verlag.com\/index.php?rest_route=\/wp\/v2\/pages"}],"about":[{"href":"https:\/\/wp.pop-verlag.com\/index.php?rest_route=\/wp\/v2\/types\/page"}],"author":[{"embeddable":true,"href":"https:\/\/wp.pop-verlag.com\/index.php?rest_route=\/wp\/v2\/users\/2"}],"replies":[{"embeddable":true,"href":"https:\/\/wp.pop-verlag.com\/index.php?rest_route=%2Fwp%2Fv2%2Fcomments&post=3435"}],"version-history":[{"count":6,"href":"https:\/\/wp.pop-verlag.com\/index.php?rest_route=\/wp\/v2\/pages\/3435\/revisions"}],"predecessor-version":[{"id":4927,"href":"https:\/\/wp.pop-verlag.com\/index.php?rest_route=\/wp\/v2\/pages\/3435\/revisions\/4927"}],"up":[{"embeddable":true,"href":"https:\/\/wp.pop-verlag.com\/index.php?rest_route=\/wp\/v2\/pages\/712"}],"wp:attachment":[{"href":"https:\/\/wp.pop-verlag.com\/index.php?rest_route=%2Fwp%2Fv2%2Fmedia&parent=3435"}],"curies":[{"name":"wp","href":"https:\/\/api.w.org\/{rel}","templated":true}]}}