{"id":3393,"date":"2018-07-17T09:07:05","date_gmt":"2018-07-17T09:07:05","guid":{"rendered":"https:\/\/wp.pop-verlag.com\/?page_id=3393"},"modified":"2021-08-18T05:42:57","modified_gmt":"2021-08-18T05:42:57","slug":"news","status":"publish","type":"page","link":"https:\/\/wp.pop-verlag.com\/?page_id=3393","title":{"rendered":"News"},"content":{"rendered":"<header class=\"entry-header\">\n<div class=\"entry-hdr\">\n<div id=\"id_31cddf9a_77b7_412a_bb5d_d851dcef3d9a\" class=\"brickgroup grid-col-12\">\n<header id=\"main-headline\" class=\"mod-header-article\"><img loading=\"lazy\" decoding=\"async\" class=\"alignleft wp-image-5921 size-full\" src=\"https:\/\/wp.pop-verlag.com\/wp-content\/uploads\/2021\/08\/Plakat_Temeswar.jpg\" alt=\"\" width=\"1820\" height=\"2573\" srcset=\"https:\/\/wp.pop-verlag.com\/wp-content\/uploads\/2021\/08\/Plakat_Temeswar.jpg 1820w, https:\/\/wp.pop-verlag.com\/wp-content\/uploads\/2021\/08\/Plakat_Temeswar-212x300.jpg 212w, https:\/\/wp.pop-verlag.com\/wp-content\/uploads\/2021\/08\/Plakat_Temeswar-768x1086.jpg 768w, https:\/\/wp.pop-verlag.com\/wp-content\/uploads\/2021\/08\/Plakat_Temeswar-724x1024.jpg 724w\" sizes=\"auto, (max-width: 1820px) 100vw, 1820px\" \/><\/p>\n<p>&nbsp;<\/p>\n<p>&nbsp;<\/p>\n<p>&nbsp;<\/p>\n<p>&nbsp;<\/p>\n<p>&nbsp;<\/p>\n<p>&nbsp;<\/p>\n<p>&nbsp;<\/p>\n<p>&nbsp;<\/p>\n<p class=\"contentbrick box-author\"><strong><time datetime=\"2019-01-02 15:58\"><time datetime=\"2019-01-02 15:58\">\u25a0 <\/time><\/time><a href=\"https:\/\/www.edition-matrix.com\/matrix-1-2019-55-%e2%80%a2-eginald-schlattner-%e2%80%a2\/\">MATRIX 1\/2019 (55) \u2022 Eginald Schlattner<\/a><a href=\"https:\/\/www.edition-matrix.com\/matrix-1-2019-55-%e2%80%a2-eginald-schlattner-%e2%80%a2\/\">\u2022\u00a0<\/a>KARL-MARKUS GAUSS. Brief an Eginald Schlattner (23. Dezember 2018<\/strong>)<\/p>\n<p>Lieber Eginald Schlattner,<\/p>\n<p>gestern fand sich in der Wiener \u201ePresse\u201c, und zwar in deren hochgeachteter Wochenendbeilage, ein formidabler Artikel \u00fcber Sie, Ihr Lebenswerk und ganz besonders auch \u00fcber das Buch, das Zsolnay offenbar leider nicht mehr machen wollte, f\u00fcr das nun aber der Pop-Verlag eingesprungen ist.<br \/>\nIch kann mich dem Rezensenten und Portr\u00e4tisten nur anschlie\u00dfen: Dieses Buch zeugt von der gleichen Gestaltungskraft wie die vor-<br \/>\nangegangenen, die so weite Verbreitung und so viele begeisterte Leser fanden. Mir ist es fast noch lieber, weil Sie darin zuwege bringen, was das Schwerste ist, n\u00e4mlich ganz verschiedenartige Themen, Zug\u00e4nge, Wissensgebiete und Erlebnisschichten miteinander zu verbinden und zu einem komplexen Ganzen zu vereinen. Man sollte das Buch nat\u00fcrlich wie jedes andere von Ihnen von der ersten bis zur letzten Seite lesen, es ist aber auch ein Vergn\u00fcgen, das Buch gleichsam wie mit einer Daumenprobe irgendwo aufzumachen, auf eine bestimmte Stelle zu zeigen und dann die n\u00e4chsten zehn oder zwanzig Seiten zu lesen. Man kann \u00fcberall einsteigen in dieses Werk und wird stets gleich mitten hinein gezogen, und der Verfasser hat es auch nicht darauf abgesehen, uns mit seiner Bildung einzusch\u00fcchtern, sondern uns teilhaben zu lassen an seinem Wissen und seiner Weisheit.<\/p>\n<p>Sch\u00f6ne Festtage,<br \/>\nIhr KMGau\u00df<\/p>\n<p class=\"contentbrick box-author\"><strong><time datetime=\"2019-01-02 15:58\">\u25a0 02. Januar 2019 Stuttgarter Zeitung: <\/time>Imre T\u00f6r\u00f6k lebt an besonderem Ort Ein Weiler namens Ewigkeit. <\/strong>Von <a title=\"Hilke Lorenz\" href=\"https:\/\/www.stuttgarter-zeitung.de\/inhalt.hilke_lorenz.1626232b-b6a7-4b9e-b6d4-b12bf7f7ae55.html\" rel=\"author\">Hilke Lorenz<\/a> <time datetime=\"2019-01-02 15:58\"><br \/>\n<\/time><\/p>\n<\/header>\n<\/div>\n<div id=\"id_2a693492_af56_423b_8203_1bdb6666393c\" class=\"brickgroup grid-col-12\">\n<div id=\"id_3d38bdb4_2e76_43a5_b589_abf036594091\" class=\"brickgroup mod-article\">\n<div id=\"id_faf3cdf6_ff30_49a1_9dab_f442e63ef989\" class=\"contentbrick box-lead\">\n<p class=\"box-lead\">Der Schriftsteller Imre T\u00f6r\u00f6k zieht in einen Weiler mit besonderem Namen. Er wohnt nun dort, wo der Wind scharf bl\u00e4st, und hat in dem ehemaligen Landwirt Anton K\u00f6nig einen Bruder im Geiste gefunden. Wer wei\u00df: vielleicht ja der Beginn eines Romans. <a href=\"https:\/\/www.stuttgarter-zeitung.de\/inhalt.der-schriftsteller-imre-toerek-lebt-an-einem-besonderen-ort-ein-weiler-namens-ewigkeit.45243d6b-13b2-46c0-9929-5d263317fb2f.html?reduced=true\">Mehr&#8211;&gt;<\/a><\/p>\n<p><img loading=\"lazy\" decoding=\"async\" class=\"alignleft wp-image-3946 size-medium\" src=\"https:\/\/wp.pop-verlag.com\/wp-content\/uploads\/2019\/01\/SZ-von-03.01.2019-202x300.jpg\" alt=\"\" width=\"202\" height=\"300\" srcset=\"https:\/\/wp.pop-verlag.com\/wp-content\/uploads\/2019\/01\/SZ-von-03.01.2019-202x300.jpg 202w, https:\/\/wp.pop-verlag.com\/wp-content\/uploads\/2019\/01\/SZ-von-03.01.2019-768x1141.jpg 768w, https:\/\/wp.pop-verlag.com\/wp-content\/uploads\/2019\/01\/SZ-von-03.01.2019-689x1024.jpg 689w, https:\/\/wp.pop-verlag.com\/wp-content\/uploads\/2019\/01\/SZ-von-03.01.2019.jpg 1010w\" sizes=\"auto, (max-width: 202px) 100vw, 202px\" \/><\/p>\n<p>Lieferbare Titel von <a href=\"http:\/\/wp.pop-verlag.com\/?page_id=654\"><strong>Imre T\u00f6r\u00f6k<\/strong>:<\/a><\/p>\n<p><strong><em><a href=\"http:\/\/wp.pop-verlag.com\/?p=151\">Akazienskizze<\/a>. Neue und alte Geschichten. Phantasiefl\u00fcge.<\/em> <\/strong> Prosa, 230\u00a0S., 14,0\u00a0\u00d7\u00a020,0\u00a0cm; ISBN: \u00a0978-3-937139-69-2; 14,80\u20ac<\/p>\n<p><strong><em><a href=\"http:\/\/wp.pop-verlag.com\/?p=248\">Insel der Elefanten.<\/a> <\/em><\/strong>Roman. (EPIK- Sammlung); 402 Seiten, 14,0\u00a0\u00d7\u00a020,0\u00a0cm; ISBN: \u00a0978-3-937139-91-3; 19,90\u20ac<\/p>\n<p><strong><a href=\"http:\/\/wp.pop-verlag.com\/?page_id=1053\">Arzu Al\u0131r<\/a>: <\/strong><a href=\"http:\/\/wp.pop-verlag.com\/?p=260\"><em><strong>Wenn Satan sich zum Rosenzweig beugt.<\/strong><\/em><\/a> Gedichte. Mit einem Nachwort von <a href=\"http:\/\/wp.pop-verlag.com\/?page_id=654\"><strong>Imre T\u00f6r\u00f6k<\/strong>:<\/a>. Aus dem T\u00fcrkischen \u00fcbersetzt von\u00a0<strong><a href=\"http:\/\/traian.pop-verlag.com\/achim_martin_wensien.htm\">Achim Martin Wensien<\/a><\/strong> und \u00fcberarbeitet von <a href=\"http:\/\/wp.pop-verlag.com\/?page_id=654\"><strong>Imre T\u00f6r\u00f6k<\/strong>:<\/a>.(LYRIK) 120 S. ISBN: 978-3-937139-84-5; 14,00\u20ac.<\/p>\n<p><strong><a href=\"http:\/\/wp.pop-verlag.com\/?page_id=654\">Imre T\u00f6r\u00f6k:<\/a> <a href=\"http:\/\/wp.pop-verlag.com\/?p=1971\">Das Buch Luzius. M\u00e4rchen und andere Wahrheiten.<\/a>\u00a0<\/strong> Erz\u00e4hlungen. (EPIK Sammlung). 190 S. ISBN: 978-3-86356-026-3; 14,00\u20ac<\/p>\n<p><strong><em><a href=\"http:\/\/traian.pop-verlag.com\/das_buch_luzius.htm\">Das Buch Luzius<\/a>. <a href=\"http:\/\/traian.pop-verlag.com\/978-3-86356-059-1.htm\"> M\u00e4rchen und andere Wahrheiten.\u00a0 Erz\u00e4hlungen. <\/a><\/em><\/strong> <strong><a href=\"http:\/\/traian.pop-verlag.com\/978-3-86356-059-1.htm\"><em>Illustrierte Ausgabe.<\/em><\/a><\/strong> Illustriert von <strong><a href=\"http:\/\/traian.pop-verlag.com\/libuse_schmidt.htm\">Libu\u0161e Schmidt <\/a><\/strong>(EPIK Sammlung). 204 S. ISBN: 978-3-86356-059-1; 16,50\u20ac<\/p>\n<p><strong><a href=\"http:\/\/wp.pop-verlag.com\/?p=637\"><span class=\"readonlyText\">Wanderer. Zwischenwelten.<\/span><\/a> <span class=\"readonlyText\">Mit 19 Zeichnungen von Libu\u0161e Schmidt. <\/span><\/strong>Prosa. <span class=\"readonlyText\">Flexibler Einband<\/span> mit Schutzumschlag, 334 Seiten;\u00a0ISBN 978-3-86356-<span class=\"readonlyText\">122-2<\/span>; <span class=\"readonlyText multiple\"><span class=\"priceValue\">21,90<\/span><\/span> \u20ac<\/p>\n<p><strong>Die K\u00f6nigin von \u00c4gypten in Berlin. <\/strong>Illustrationen: Emir Roda Al\u0131r. Prosa. <span class=\"readonlyText\">Flexibler Einband<\/span> mit Schutzumschlag, 298 Seiten;\u00a0ISBN 978-3-86356-<span class=\"readonlyText\">150-5<\/span>; <span class=\"readonlyText multiple\"><span class=\"priceValue\">20,00<\/span><\/span> \u20ac<\/p>\n<p><span class=\"overline\"><strong><span class=\"current\">\u25a0 11.12.2018:<\/span> DLF, <a href=\"https:\/\/www.deutschlandradio.de\/\">Deutschlandfunk<\/a>.<\/strong> <a href=\"https:\/\/www.deutschlandfunk.de\/rumaeniendeutsche-in-siebenbuergen-nur-die-kirchen-sind.886.de.html?dram%3Aarticle_id=435186&amp;fbclid=IwAR07aDI8IUE12StWrl8f6mKUvb-pFfTMMSMdDxdiBixrQEjBY_AaAGPiD48\">Rum\u00e4niendeutsche in Siebenb\u00fcrgen<\/a><\/span><\/p>\n<\/div>\n<\/div>\n<\/div>\n<p><img loading=\"lazy\" decoding=\"async\" class=\"alignleft wp-image-2841 size-medium\" src=\"https:\/\/wp.pop-verlag.com\/wp-content\/uploads\/2018\/02\/978-3-86356-216-8_B-210x300.jpg\" alt=\"\" width=\"210\" height=\"300\" srcset=\"https:\/\/wp.pop-verlag.com\/wp-content\/uploads\/2018\/02\/978-3-86356-216-8_B-210x300.jpg 210w, https:\/\/wp.pop-verlag.com\/wp-content\/uploads\/2018\/02\/978-3-86356-216-8_B-768x1097.jpg 768w, https:\/\/wp.pop-verlag.com\/wp-content\/uploads\/2018\/02\/978-3-86356-216-8_B-717x1024.jpg 717w, https:\/\/wp.pop-verlag.com\/wp-content\/uploads\/2018\/02\/978-3-86356-216-8_B.jpg 1654w\" sizes=\"auto, (max-width: 210px) 100vw, 210px\" \/>\u201eZwischen Ostern und Weihnachten haben die Siebenb\u00fcrger-Sachsen sich grosso modo aus der Geschichte verabschiedet\u201c, sagt Eginald Schlattner. Er ist Pfarrer und Schriftsteller in Siebenb\u00fcrgen. Die Ereignisse des Jahres 1990 nennt er eine \u201eethnische Selbst-S\u00e4uberung\u201c. <a href=\"https:\/\/www.deutschlandfunk.de\/rumaeniendeutsche-in-siebenbuergen-nur-die-kirchen-sind.886.de.html?dram%3Aarticle_id=435186&amp;fbclid=IwAR07aDI8IUE12StWrl8f6mKUvb-pFfTMMSMdDxdiBixrQEjBY_AaAGPiD48\">mehr-&gt;<\/a><\/p>\n<p><strong><a href=\"http:\/\/wp.pop-verlag.com\/?page_id=1369\">Eginald Schlattner<\/a>: <a href=\"http:\/\/wp.pop-verlag.com\/?p=2839\">Wasserzeichen<\/a><\/strong><\/p>\n<p>ISBN: 978-3-86356-216-8, 628 Seiten, \u20ac[D]29,00<\/p>\n<p>&nbsp;<\/p>\n<p>&nbsp;<\/p>\n<p>&nbsp;<\/p>\n<p>&nbsp;<\/p>\n<p><strong>\u25a0 Donnerstag, 15. November 2018. ADZ<br \/>\n<\/strong><\/p>\n<p class=\"articletitle\"><a href=\"http:\/\/www.adz.ro\/artikel\/artikel\/eginald-schlattner-zum-ehrendoktor-ernannt\/\"><strong>Eginald Schlattner zum Ehrendoktor ernannt. Akademische Feierstunde der Babe\u0219-Bolyai-Universit\u00e4t Klausenburg in der Johanniskirche Hermannstadt. Von: Klaus Philippi<\/strong><\/a><\/p>\n<p><strong>Donnerstag, 15. November 2018<\/strong><\/p>\n<div class=\"news-single-img\">\n<p><a title=\"Freude und Nachdenklichkeit l\u00f6ste der Empfang der Ehrendoktorw\u00fcrde der UBB bei dem Schriftsteller und Pfarrer Eginald Schlattner aus. Foto: der Verfasser\" href=\"http:\/\/www.adz.ro\/uploads\/pics\/Schlattner_Ehrendoktor_UBB_Johanniskirche_Hermannstadt.jpg\" rel=\"lightbox[lb39121]\"><img loading=\"lazy\" decoding=\"async\" src=\"http:\/\/www.adz.ro\/typo3temp\/pics\/93ddd7d0ba.jpg\" alt=\"\" width=\"240\" height=\"302\" border=\"0\" \/><\/a><\/p>\n<p class=\"news-single-imgcaption\">Freude und Nachdenklichkeit l\u00f6ste der Empfang der Ehrendoktorw\u00fcrde der UBB bei dem Schriftsteller und Pfarrer Eginald Schlattner aus.<br \/>\nFoto: der Verfasser<\/p>\n<\/div>\n<p>F\u00fcr die Dauer von zwei Stunden wurde am Montag, dem 12. November, die evangelische Johanniskirche am zentralen Astra-Park in Hermannstadt\/Sibiu um die Mittagszeit zu einem H\u00f6rsaal h\u00f6chster akademischer Identit\u00e4t umfunktioniert. Als Hommage an sein geistliches und schriftstellerisch eindr\u00fcckliches Lebenswerk erhielt Eginald Norbert Schlattner, geboren am 13. September 1933 in Arad, seines Zeichens ausgebildeter Ingenieur f\u00fcr den Fachbereich Hydrologie, studierter Theologe und pensionierter Pfarrer im geistlichen Dienst der Evangelischen Kirche Augsburgischen Bekenntnisses in Rum\u00e4nien (EKR) die Ehrendoktorw\u00fcrde der Babe\u0219-Bolyai-Universit\u00e4t Klausenburg\/Cluj-Napoca (UBB). Der \u00fcberaus vielschichtigen Biografie Schlattners und der im Vorfeld erfolgten Ank\u00fcndigung der Urkundenverleihung durch die UBB ist es zuzuschreiben, dass zahlreiche hochrangige Pers\u00f6nlichkeiten des \u00f6ffentlichen Lebens der Stadt, der Region und des Landes die Johanniskirche zu gegebener Uhrzeit aufsuchten. P\u00fcnktlich vor Veranstaltungsbeginn waren s\u00e4mtliche Sitzplatzreihen des Kirchenraumes voll besetzt. Zu den wichtigsten aller zuh\u00f6renden Ehreng\u00e4ste z\u00e4hlten der Botschafter der Bundesrepublik Deutschland in Bukarest, Cord Meier-Klodt, der Konsul der Bundesrepublik Deutschland in Hermannstadt, Hans Erich Tischler, der Botschafter Rum\u00e4niens in der Bundeshauptstadt Berlin, Emil Hurezeanu, der Rektor der Lucian-Blaga-Universit\u00e4t Hermannstadt (ULBS), Prof. Dr. Ing. Ioan Bondrea, und Dr. Paul-J\u00fcrgen Porr, Vorsitzender des Demokratischen Forums der Deutschen in Rum\u00e4nien (DFDR). Vonseiten der EKR fanden sich zahlreiche Pfarrer in der Johanniskirche ein. Pressefotografen und Reporter aus Hermannstadt und aus anderen St\u00e4dten Rum\u00e4niens waren gleichfalls am Ort des au\u00dfergew\u00f6hnlichen Geschehens zugegen.<\/p>\n<p>Einleitend bezeichnete Reinhart Guib, Bischof der EKR, Eginald Schlattner als einen \u201eSiebenb\u00fcrger Sachsen in Fleisch und Blut\u201c, der als \u201eMann der Kirche\u201c und als \u201e\u00f6kumenischer Europ\u00e4er\u201c l\u00e4nder\u00fcbergreifend als Gastgeber des \u201eRothberger Wallfahrtslokals\u201c, das im Laufe vergangener Jahre zum \u201eSegen vieler\u201c geworden ist, auf verdiente Art und Weise Bekanntheit erlangt hat. Die Tatsache, dass Schlattner als Autor der Roman-Trilogie \u201eDer gek\u00f6pfte Hahn\u201c, \u201eRote Handschuhe\u201c und \u201eDas Klavier im Nebel\u201c Zugang zur literarischen Weltb\u00fchne fand, wurde von allen Referenten der \u00f6ffentlichen Veranstaltung erw\u00e4hnt. Zu Ehren von Eginald Schlattner ergriff Prof. Dr. Rudolf Gr\u00e4f, Prorektor der UBB, mehrfach das Wort, auch verlas er vom Rednerpult aus ein von Pr\u00e4sidentschaftsberater Sergiu Nistor verfasstes Gl\u00fcckwunschschreiben an den neu ernannten und in Rothberg\/Ro\u0219ia\/Veresmart wohnhaften Tr\u00e4ger der Ehrendoktorw\u00fcrde. Als Laudatorin setzte Dr. Gabriella-N\u00f3ra Tar, Dozentin an der UBB, die Reihe der Gru\u00dfworte und formvollendeten Ansprachen fort.<\/p>\n<p>Den Text des in lateinischer Sprache verfassten Zeugnisses zur Verleihung der Ehrendoktorw\u00fcrde an Eginald Norbert Schlattner gab der akademische Senatspr\u00e4sident Univ.-Prof. Dr. Ioan Chiril\u0103 vonseiten der Fakult\u00e4t f\u00fcr Orthodoxe Theologie an der UBB w\u00fcrdevoll wieder. Hervorzuheben ist ebenfalls der reife Auftritt eines jungen orthodoxen M\u00e4nnerchores aus Klausenburg, der f\u00fcr das musikalisch-geistliche Geleit der Veranstaltung mitverantwortete. An der von Wilhelm Sauer und Oskar Walcker gebauten Orgel der Johanniskirche bestritt Brita Falch Leutert, Kantorin der evangelischen Kirchengemeinde Hermannstadt, den kirchenmusikalischen Anteil protestantischer Pr\u00e4gung.<\/p>\n<p>Eginald Schlattner nutzte die an ihn pers\u00f6nlich gerichtete Aufforderung zur Antwort auf die vorangegangenen Vortr\u00e4ge in vollen Z\u00fcgen. Er best\u00e4tigte die von seinen Vorrednern wiederholt betonte Information, derzufolge er selber vom geistig schmerzhaften Rad der rum\u00e4nischen Nachkriegsgeschichte teils heftig \u00fcberrollt worden war. Trotzdem bem\u00fchte sich Schlattner nachdr\u00fccklich zu behaupten, dass es \u201ekeine Grenzsituation gibt, in der du nicht die infinitesimale Freiheit besitzt, selber f\u00fcr deine Taten zu verantworten.\u201c Ebenso gab der in rum\u00e4nischer und deutscher Sprache versiert referierende Autor, Ingenieur und evangelisch ausgebildete Theologe Eginald Schlattner zu erkennen, dass es nach wie vor Aufgabe der Kirche sei, eine Vers\u00f6hnung zwischen genau denjenigen Situationen zu erwirken, die zutiefst unvers\u00f6hnbar erscheinen.<\/p>\n<p>In der Johanniskirche entpuppte sich die Antwortrede des erfahrenen Gef\u00e4ngnis-Seelsorgers Schlattner als eine in weiten Teilen deckungsgleiche Neuauflage der Inhalte des Interview-Buches \u201eDumnezeu m\u0103 vrea aici. Radu Carp \u00een dialog cu Eginald Schlattner\u201c, das am Dienstag, dem 17. Juli 2018, im Erasmus-B\u00fcchercaf\u00e9 Hermannstadt vorgestellt worden war (siehe hierzu den Beitrag \u201eGott will mich hier \u2013 Zitate des Autors und Pfarrers Eginald Schlattner\u201c in der ADZ von Freitag, dem 20. Juli 2018). Mit entsprechend tiefgehender Deutlichkeit sprach Eginald Schlattner vor versammeltem Publikum etliche in Rum\u00e4nien tagt\u00e4glich anzutreffende Unterschiede zwischen Orthodoxer und Evangelischer Kirche an. Abseits aller nicht miteinander vereinbaren theologischen Auslegungen der christlichen Lehre trage das \u00f6kumenische Gesamtbild beider Konfessionen auch eine sp\u00fcrbar weltliche Uneinigkeit in sich, die vor allem an den christlichen Hochfesten Weihnachten und Ostern regelm\u00e4\u00dfig und kontrovers zu erleben sei.<\/p>\n<p>\u201eMein Problem ist nicht das, was ich sagen m\u00f6chte, sondern all das, was ich nicht sagen kann, weil ich heute und hier keine Zeit daf\u00fcr habe\u201c, so Schlattner am Rednerpult der Johanniskirche und der UBB. F\u00fcr einen Literaten und Theologen seines intellektuellen Formats mag die Zeit tats\u00e4chlich nicht ausgereicht haben. Jedoch bestehen in den Gedankenwelten orthodoxer wie evangelischer Herkunft ungebrochen klar vorgegebene Mauern zur Eingrenzung jeweils kollektiver Identit\u00e4ten. Letztere durchleben aktuell einen regelrechten Wandel, der f\u00fcr beide genannten Kirchen ein und dieselbe Herausforderung darstellt. \u201eMan nimmt das Anders-Sein der &#8218;Anderen&#8216; zur Kenntnis, lebt aber aneinander vorbei\u201c, so eine von mehreren Behauptungen Schlattners, der sich weder der Orthodoxen noch der Evangelischen Kirche entziehen kann. Im selben Absatz schloss Ehrendoktor Eginald Norbert Schlattner mit der Paraphrase einiger zukunftsweisender Verse aus dem 21. Kapitel der Offenbarung des Johannes im Neuen Testament: \u201eDas neue Jerusalem wird zwar Mauern haben, aber seine Tore werden Tag und Nacht offen bleiben\u201c.<\/p>\n<p>H\u00f6chstwahrscheinlich werden eventuell folgende Etappen gegenseitig vollendeter Akzeptanz im \u00f6kumenischen Sinne nicht in die Zeit des vorger\u00fcckten Lebensabends eines Eginald Schlattner fallen. Dem frisch gek\u00fcrten Ehrendoktor der Babe\u0219-Bolyai-Universit\u00e4t Klausenburg wird es aus nat\u00fcrlichen Gr\u00fcnden wohl nicht mehr verg\u00f6nnt sein, ausgiebig von den Fr\u00fcchten des eigenh\u00e4ndig gepflanzten kollektiven Lebensbaumes kosten zu k\u00f6nnen: \u201eWir sind alle auch f\u00fcr das Antlitz des &#8218;Anderen&#8216; verantwortlich.\u201c<\/p>\n<p><strong>\u25a0 21.10.2018: <\/strong><a href=\"http:\/\/www.funkforum.net\/2018\/10\/18\/buchvorstellung-mit-tatsachen-und-raetseln\/\"><strong>BUCHVORSTELLUNG MIT TATSACHEN UND R\u00c4TSELN<\/strong><\/a><\/p>\n<p>Eine Buchpr\u00e4sentation ist so spannend wie das Buch selber oder der Autor Anlass zu Kontroversen bietet. Im Bukarester Kulturhaus \u201eFriedrich Schiller\u201c gab es in diesem Sinne eine Veranstaltung der besonderen Art, wo beides zutraf: die deutsch-amerikanische Autorin <a href=\"https:\/\/wp.pop-verlag.com\/?page_id=2988\"><strong>Rosa von Waldeck <\/strong><\/a>bot Raum f\u00fcr Spekulationen, ebenso ihr Reportagen-Buch <strong><a href=\"https:\/\/wp.pop-verlag.com\/?p=2984\">\u201eAth\u00e9n\u00e9e Palace. Wie Hitlers \u2018Neue Ordnung\u2019 nach Rum\u00e4nien kam\u201c<\/a>.<\/strong> Nicht zuletzt: der 1942 in den USA erschienene Band ist nach wie vor hochaktuell und trotzdem erst 76 Jahre sp\u00e4ter in deutscher \u00dcbersetzung verf\u00fcgbar. Tatsachen und R\u00e4tsel waren bei der Buchvorstellung gleicherma\u00dfen pr\u00e4sent. Es berichtet Reiner Wilhelm.<\/p>\n<p><img loading=\"lazy\" decoding=\"async\" class=\"alignleft wp-image-2985 size-medium\" src=\"https:\/\/wp.pop-verlag.com\/wp-content\/uploads\/2018\/03\/978-3-86356-218-2-210x300.jpg\" alt=\"\" width=\"210\" height=\"300\" srcset=\"https:\/\/wp.pop-verlag.com\/wp-content\/uploads\/2018\/03\/978-3-86356-218-2-210x300.jpg 210w, https:\/\/wp.pop-verlag.com\/wp-content\/uploads\/2018\/03\/978-3-86356-218-2-768x1097.jpg 768w, https:\/\/wp.pop-verlag.com\/wp-content\/uploads\/2018\/03\/978-3-86356-218-2-717x1024.jpg 717w, https:\/\/wp.pop-verlag.com\/wp-content\/uploads\/2018\/03\/978-3-86356-218-2.jpg 1654w\" sizes=\"auto, (max-width: 210px) 100vw, 210px\" \/><\/p>\n<p><strong><a href=\"http:\/\/wp.pop-verlag.com\/?page_id=2988\">R. G. Waldeck<\/a>: Ath\u00e9n\u00e9e Palace. <a href=\"http:\/\/wp.pop-verlag.com\/?p=2984\">Hitlers \u201eNeue Ordnung\u201c kommt nach Rum\u00e4nien<\/a><br \/>\n<\/strong>Mit einem Nachwort des amerikanischen Diplomaten, Historikers und versierten Rum\u00e4nien Kenners <strong><br \/>\n<\/strong>Ernest H. Latham, Jr. Aus dem Amerikanischen von <strong><a href=\"http:\/\/wp.pop-verlag.com\/?page_id=2997\">Dagmar Dusil<\/a> <\/strong>und Dr. <a href=\"http:\/\/wp.pop-verlag.com\/?page_id=3001\"><strong>Gerlinde Roth.\u00a0<\/strong><\/a>Pop Epik. ISBN: 978-3-86356-218-2, 472 Seiten, \u20ac[D]24,50<\/p>\n<p>&nbsp;<\/p>\n<p>&nbsp;<\/p>\n<p>&nbsp;<\/p>\n<p>&nbsp;<\/p>\n<p>&nbsp;<\/p>\n<p style=\"margin: 0cm; margin-bottom: .0001pt;\"><strong>\u25a0 31.8.2018<\/strong>: \u201eManchmal verlieben sich Menschen in Landschaften. Bei Marco Sagurna muss das so gewesen sein; der fr\u00fchere Journalist (in Hannover) und Pressesprecher (in Oldenburg) hat jetzt seinen ersten Roman vorgelegt. \u201aWarmia\u2019, so der Titel, ist eine Liebeserkl\u00e4rung an Masuren und das Ermland. Dorthin f\u00fchrt die Geschichte, die fast eine Liebesgeschichte ist.\u201c<\/p>\n<p style=\"margin: 0cm; margin-bottom: .0001pt;\"><span style=\"background-color: rgba(255, 255, 255, 0);\">(<b>Hannoversche Allgemeine Zeitung<\/b>, 31.8.2018,\u00a0\u201eAus\u00a0dem Ermland gesch\u00fcttelt \u2013 Marco Sagurnas erster Roman\u201c\u00a0<b>,\u00a0<\/b>von Ronald Meyer-Arlt)<\/span><\/p>\n<\/div>\n<p>&nbsp;<\/p>\n<div class=\"entry-hdr\">\n<h4><strong>\u25a0 01.06.2018 Warmia \u2013 Roman von Marco Sagurna: Ab 21.08.2018 im <\/strong><strong><a href=\"http:\/\/wp.pop-verlag.com\/\">POP Verlag<\/a><\/strong><\/h4>\n<h2 class=\"entry-title\"><strong><img loading=\"lazy\" decoding=\"async\" class=\"alignleft wp-image-3454 size-medium\" src=\"https:\/\/wp.pop-verlag.com\/wp-content\/uploads\/2018\/05\/978-3-86356-228-1A-210x300.gif\" alt=\"\" width=\"210\" height=\"300\" srcset=\"https:\/\/wp.pop-verlag.com\/wp-content\/uploads\/2018\/05\/978-3-86356-228-1A-210x300.gif 210w, https:\/\/wp.pop-verlag.com\/wp-content\/uploads\/2018\/05\/978-3-86356-228-1A-768x1097.gif 768w, https:\/\/wp.pop-verlag.com\/wp-content\/uploads\/2018\/05\/978-3-86356-228-1A-717x1024.gif 717w\" sizes=\"auto, (max-width: 210px) 100vw, 210px\" \/><\/strong><\/h2>\n<p class=\"entry-title\"><strong><a href=\"https:\/\/wp.pop-verlag.com\/?page_id=3144\">Marco S<\/a><\/strong><strong><a href=\"https:\/\/wp.pop-verlag.com\/?page_id=3144\">agurna<\/a>: <a href=\"https:\/\/wp.pop-verlag.com\/?p=3147\">\u201eWarmia\u201c<\/a><\/strong><\/p>\n<p class=\"entry-title\">Pop Epik. ISBN: 978-3-86356-228-1, ca. 378 Seiten, \u20ac[D]23,50<\/p>\n<\/div>\n<\/header>\n<div class=\"entry-content cf\">\n<p>Es ist eine Geschichte um Schmerz und Gewalt, Missbrauch und Macht, aber auch \u00fcber Krieg und Vertreibung, Flucht und Terror. Es geht um Polen und Ostpreu\u00dfen, um Religion und Geschichte, aber auch um Engel, starke Frauen und eine Trag\u00f6die.<\/p>\n<p>Der bewegende, mitrei\u00dfende Roman \u201eWarmia\u201c von Marco Sagurna erscheint im Herbst 2018 im POP-Verlag, Ludwigsburg. Die Jury des Verlags unter dem Vorsitz des Schriftstellers Horst Samson hat Marco Sagurna f\u00fcr seinen Erstlingsroman mit dem Deb\u00fctpreis des Pop Verlages ausgezeichnet.<\/p>\n<p>Worum geht es in dem Roman? K\u00fcnstlerin Tina hat gerade in ausgekochter Aktion ihren Lebenspartner Dietmar verlassen, an dessen Seite sie sich nur mehr als das \u201eTrophy Wife\u201c f\u00fchlte. Es ist der richtige Moment, endlich ihren Halbbruder Adam kennenzulernen. Als sie ihn per E-Mail kontaktiert, ist sie mit ihrer Freundin, der polnischen Fotografin Paulina, gerade auf dem Weg nach Warmia, im ehemaligen Ostpreu\u00dfen.<\/p>\n<p><em>\u00bb<\/em>Kann es sein, dass Du mein Bruder bist?<em>\u00ab\u00a0<\/em>Journalist\u00a0Adam sitzt in der zum Hotel umgebauten Burg Heilsberg vor seinem Klapprechner, als diese Frage auf dem Bildschirm aufpoppt. Er ist elektrisiert, ohnehin schon in innerer Aufruhr, denn nach schwerer Krankheit ist er entschlossen, neu durchzustarten. W\u00e4re da nicht diese omin\u00f6se Frage in seinem Kopf gespeichert. Die l\u00e4sst ihn nicht los. Kurzerhand beschlie\u00dft er, sich auf die Spur seiner ostpreu\u00dfischen Ahnen zu begeben, nach Warmia.<\/p>\n<p>In \u201eWarmia\u201c sehen sich Tina und Adam zum ersten Mal. Sie treffen aber auch \u00a0\u00a0\u00a0Generationskollegen, die Kriege, Besatzung und Knechtschaft satt haben. Mit einem spektakul\u00e4ren Kunst-Projekt von ihrem Hauptquartier auf Burg R\u00f6\u00dfel aus ziehen Paulina und ihre Freunde\u00a0in den Kampf.<\/p>\n<p><em>\u201eWarmia\u201c<\/em>\u00a0erz\u00e4hlt einpr\u00e4gsam die Geschichte um eine pl\u00f6tzliche und aufreibende Liebe zwischen Schwester und Bruder.<\/p>\n<\/div>\n","protected":false},"excerpt":{"rendered":"<p>&nbsp; &nbsp; &nbsp; &nbsp; &nbsp; &nbsp; &nbsp; &nbsp; \u25a0 MATRIX 1\/2019 (55) \u2022 Eginald Schlattner\u2022\u00a0KARL-MARKUS GAUSS. Brief an Eginald Schlattner (23. Dezember 2018) Lieber Eginald Schlattner, gestern fand sich in der Wiener \u201ePresse\u201c, und zwar in deren hochgeachteter Wochenendbeilage, ein &hellip; <a class=\"more-link\" href=\"https:\/\/wp.pop-verlag.com\/?page_id=3393\">Weiterlesen <span class=\"meta-nav\">&rarr;<\/span><\/a><\/p>\n","protected":false},"author":2,"featured_media":0,"parent":3244,"menu_order":1,"comment_status":"closed","ping_status":"closed","template":"","meta":{"footnotes":""},"class_list":["post-3393","page","type-page","status-publish","hentry"],"jetpack_sharing_enabled":true,"_links":{"self":[{"href":"https:\/\/wp.pop-verlag.com\/index.php?rest_route=\/wp\/v2\/pages\/3393","targetHints":{"allow":["GET"]}}],"collection":[{"href":"https:\/\/wp.pop-verlag.com\/index.php?rest_route=\/wp\/v2\/pages"}],"about":[{"href":"https:\/\/wp.pop-verlag.com\/index.php?rest_route=\/wp\/v2\/types\/page"}],"author":[{"embeddable":true,"href":"https:\/\/wp.pop-verlag.com\/index.php?rest_route=\/wp\/v2\/users\/2"}],"replies":[{"embeddable":true,"href":"https:\/\/wp.pop-verlag.com\/index.php?rest_route=%2Fwp%2Fv2%2Fcomments&post=3393"}],"version-history":[{"count":13,"href":"https:\/\/wp.pop-verlag.com\/index.php?rest_route=\/wp\/v2\/pages\/3393\/revisions"}],"predecessor-version":[{"id":5922,"href":"https:\/\/wp.pop-verlag.com\/index.php?rest_route=\/wp\/v2\/pages\/3393\/revisions\/5922"}],"up":[{"embeddable":true,"href":"https:\/\/wp.pop-verlag.com\/index.php?rest_route=\/wp\/v2\/pages\/3244"}],"wp:attachment":[{"href":"https:\/\/wp.pop-verlag.com\/index.php?rest_route=%2Fwp%2Fv2%2Fmedia&parent=3393"}],"curies":[{"name":"wp","href":"https:\/\/api.w.org\/{rel}","templated":true}]}}