{"id":3389,"date":"2018-07-17T08:58:39","date_gmt":"2018-07-17T08:58:39","guid":{"rendered":"https:\/\/wp.pop-verlag.com\/?page_id=3389"},"modified":"2018-07-17T08:59:25","modified_gmt":"2018-07-17T08:59:25","slug":"amiran-swimonischwili","status":"publish","type":"page","link":"https:\/\/wp.pop-verlag.com\/?page_id=3389","title":{"rendered":"Amiran Swimonischwili"},"content":{"rendered":"<p><strong><img loading=\"lazy\" decoding=\"async\" class=\"alignleft wp-image-3390 size-medium\" src=\"https:\/\/wp.pop-verlag.com\/wp-content\/uploads\/2018\/07\/Amiran-Swimonischwili-267x300.jpg\" alt=\"\" width=\"267\" height=\"300\" srcset=\"https:\/\/wp.pop-verlag.com\/wp-content\/uploads\/2018\/07\/Amiran-Swimonischwili-267x300.jpg 267w, https:\/\/wp.pop-verlag.com\/wp-content\/uploads\/2018\/07\/Amiran-Swimonischwili-768x863.jpg 768w, https:\/\/wp.pop-verlag.com\/wp-content\/uploads\/2018\/07\/Amiran-Swimonischwili-911x1024.jpg 911w, https:\/\/wp.pop-verlag.com\/wp-content\/uploads\/2018\/07\/Amiran-Swimonischwili.jpg 1181w\" sizes=\"auto, (max-width: 267px) 100vw, 267px\" \/><a href=\"https:\/\/wp.pop-verlag.com\/?page_id=3389\">\u00a0Amiran Swimonischwili<\/a><\/strong>, (1974 \u2013 2014) arbeitete nach einem Germanistik- und Philosophiestudium als Deutschlehrer. Er trat als Lyriker, \u00dcbersetzer und zuletzt als Filmautor hervor. Autor von vier Lyrikb\u00e4nden, einem Band mit \u00dcbersetzungen. Sein letzter Gedichtband erschien bereits in ukrainischer und tscherkessischer \u00dcbersetzung. Unter den georgischen Lyrikern der Wende vom 20. zum 21. Jahrhundert nimmt er einen eigenst\u00e4ndigen Platz ein. Seine Gedichte verwenden traditionelle Formen, ihr manchmal \u00fcberquellender Bilderreichtum spricht von Suche nach einem verantwortbaren Weg f\u00fcr den Einzelnen und f\u00fcr sein Land in einer Zeit voller Verwirrung und voller grosser Perspektiven.<\/p>\n<p>&nbsp;<\/p>\n<p>Lieferbare Titel von\u00a0<strong><a href=\"https:\/\/wp.pop-verlag.com\/?page_id=3389\">\u00a0Amiran Swimonischwili<\/a><\/strong><\/p>\n<ul>\n<li>Gedichte, \u00dcbersetzt, mit Anmerkungen und mit einem Nachwort versehen von Thomas H\u00e4usermann. Georgisch \u2013 Deutsch.\u00a0 ISBN: 978-3-86356-225-0, Kaukasische Bibliothek Band 22, \u20ac[D]19,50<\/li>\n<\/ul>\n<p>&nbsp;<\/p>\n","protected":false},"excerpt":{"rendered":"<p>\u00a0Amiran Swimonischwili, (1974 \u2013 2014) arbeitete nach einem Germanistik- und Philosophiestudium als Deutschlehrer. Er trat als Lyriker, \u00dcbersetzer und zuletzt als Filmautor hervor. Autor von vier Lyrikb\u00e4nden, einem Band mit \u00dcbersetzungen. Sein letzter Gedichtband erschien bereits in ukrainischer und tscherkessischer &hellip; <a class=\"more-link\" href=\"https:\/\/wp.pop-verlag.com\/?page_id=3389\">Weiterlesen <span class=\"meta-nav\">&rarr;<\/span><\/a><\/p>\n","protected":false},"author":2,"featured_media":0,"parent":712,"menu_order":22,"comment_status":"closed","ping_status":"closed","template":"","meta":{"footnotes":""},"class_list":["post-3389","page","type-page","status-publish","hentry"],"jetpack_sharing_enabled":true,"_links":{"self":[{"href":"https:\/\/wp.pop-verlag.com\/index.php?rest_route=\/wp\/v2\/pages\/3389","targetHints":{"allow":["GET"]}}],"collection":[{"href":"https:\/\/wp.pop-verlag.com\/index.php?rest_route=\/wp\/v2\/pages"}],"about":[{"href":"https:\/\/wp.pop-verlag.com\/index.php?rest_route=\/wp\/v2\/types\/page"}],"author":[{"embeddable":true,"href":"https:\/\/wp.pop-verlag.com\/index.php?rest_route=\/wp\/v2\/users\/2"}],"replies":[{"embeddable":true,"href":"https:\/\/wp.pop-verlag.com\/index.php?rest_route=%2Fwp%2Fv2%2Fcomments&post=3389"}],"version-history":[{"count":2,"href":"https:\/\/wp.pop-verlag.com\/index.php?rest_route=\/wp\/v2\/pages\/3389\/revisions"}],"predecessor-version":[{"id":3392,"href":"https:\/\/wp.pop-verlag.com\/index.php?rest_route=\/wp\/v2\/pages\/3389\/revisions\/3392"}],"up":[{"embeddable":true,"href":"https:\/\/wp.pop-verlag.com\/index.php?rest_route=\/wp\/v2\/pages\/712"}],"wp:attachment":[{"href":"https:\/\/wp.pop-verlag.com\/index.php?rest_route=%2Fwp%2Fv2%2Fmedia&parent=3389"}],"curies":[{"name":"wp","href":"https:\/\/api.w.org\/{rel}","templated":true}]}}