{"id":3208,"date":"2018-06-09T13:50:07","date_gmt":"2018-06-09T13:50:07","guid":{"rendered":"https:\/\/wp.pop-verlag.com\/?page_id=3208"},"modified":"2018-06-09T14:22:56","modified_gmt":"2018-06-09T14:22:56","slug":"%ef%bb%bfgrigore-cugler","status":"publish","type":"page","link":"https:\/\/wp.pop-verlag.com\/?page_id=3208","title":{"rendered":"\ufeffGrigore Cugler"},"content":{"rendered":"<p><strong> <img loading=\"lazy\" decoding=\"async\" class=\"alignleft wp-image-3212 size-medium\" src=\"https:\/\/wp.pop-verlag.com\/wp-content\/uploads\/2018\/06\/Grigore-Cugler-191x300.jpg\" alt=\"Grigore Cugler\" width=\"191\" height=\"300\" srcset=\"https:\/\/wp.pop-verlag.com\/wp-content\/uploads\/2018\/06\/Grigore-Cugler-191x300.jpg 191w, https:\/\/wp.pop-verlag.com\/wp-content\/uploads\/2018\/06\/Grigore-Cugler-768x1204.jpg 768w, https:\/\/wp.pop-verlag.com\/wp-content\/uploads\/2018\/06\/Grigore-Cugler-653x1024.jpg 653w, https:\/\/wp.pop-verlag.com\/wp-content\/uploads\/2018\/06\/Grigore-Cugler.jpg 1127w\" sizes=\"auto, (max-width: 191px) 100vw, 191px\" \/>\u00a0<a href=\"https:\/\/wp.pop-verlag.com\/?page_id=3208\">Grigore Cugler<\/a><\/strong> (1903-1972), Nachkomme des \u00f6sterreichischen Architekten Karl von Kugler, war als Musiker, Grafiker und Schriftsteller ein Multitalent. Der Schriftsteller aus Roznov (Rum\u00e4nien) beherrschte acht Sprachen, darunter Deutsch, Rum\u00e4nisch, Spanisch, Franz\u00f6sisch, Arabisch und schrieb seine Prosasatiren in mehreren dieser Sprache, vor allem rum\u00e4nisch. Vor dem Zweiten Weltkrieg wurde er in Rum\u00e4nien als Vertreter der Literaturavantgarde ebenso gefeiert wie Eug\u00e8ne Ionesco (damals: Ionescu) oder Tristan Tzara. In seiner Wahlheimat Peru war er bis zu seinem Tod ausschlie\u00dflich als Musiker bekannt. Danach wurde das \u201everborgene Genie\u201c des Schriftstellers entdeckt, aber bis heute fehlt eine Sammelausgabe seiner literarischen Werke (ebenso seiner Kompositionen und Grafiken).<\/p>\n<p>&nbsp;<\/p>\n<p>Lieferbare Titel von <a href=\"https:\/\/wp.pop-verlag.com\/?page_id=3208\"><strong>Grigore Cugler<\/strong><\/a>:<\/p>\n<ul>\n<li><strong><span style=\"font-size: medium;\">Apunake, eine andere Welt. Erz\u00e4hlungen. <\/span><\/strong>Aus dem Rum\u00e4nischen \u00fcbersetzt von <strong>Horst Fassel. <\/strong>Pop Epik, ISBN: 3-937139-08-7, 184 Seiten, \u20ac[D]21,80<\/li>\n<\/ul>\n<p>Dass diese jetzt in deutscher Sprache erscheint, f\u00fchrt zur\u00fcck zu Cuglers Anf\u00e4ngen, die von seiner Gro\u00dfmutter, der zweisprachigen (deutsch- und rum\u00e4nischen) Dichterin Mathilde Kugler-Poni begutachtet wurden.<br \/>\nMit der Figur seines Apunake hat Cugler sehr fr\u00fch das Zerrbild des Diktators und Willk\u00fcrherrschers geschaffen, ein sehr zeitgem\u00e4\u00dfes Thema in den dei\u00dfiger und f\u00fcnfziger Jahren. Der Humor und der Sprachwitz seiner Kurztexte t\u00e4uscht nicht \u00fcber die satirische Absicht hinweg, die bessere Welt des Geistes mit der einer politischen und gesellschaftlichen Orientierungslosigkeit zu konfrontieren. Cuglers Kompromisslosigkeit in politischer und \u00e4sthetischer Hinsicht und sein Desinteresse an pers\u00f6nlichen Erfolgen haben mit dazu beigetragen, dass sein Werk einem gr\u00f6\u00dferen\u00a0 Publikum bislang unbekannt geblieben ist. Dies teilweise zu \u00e4ndern, ist die Absicht der vorliegenden Auswahl.<\/p>\n","protected":false},"excerpt":{"rendered":"<p>\u00a0Grigore Cugler (1903-1972), Nachkomme des \u00f6sterreichischen Architekten Karl von Kugler, war als Musiker, Grafiker und Schriftsteller ein Multitalent. Der Schriftsteller aus Roznov (Rum\u00e4nien) beherrschte acht Sprachen, darunter Deutsch, Rum\u00e4nisch, Spanisch, Franz\u00f6sisch, Arabisch und schrieb seine Prosasatiren in mehreren dieser Sprache, &hellip; <a class=\"more-link\" href=\"https:\/\/wp.pop-verlag.com\/?page_id=3208\">Weiterlesen <span class=\"meta-nav\">&rarr;<\/span><\/a><\/p>\n","protected":false},"author":2,"featured_media":0,"parent":662,"menu_order":13,"comment_status":"closed","ping_status":"closed","template":"","meta":{"footnotes":""},"class_list":["post-3208","page","type-page","status-publish","hentry"],"jetpack_sharing_enabled":true,"_links":{"self":[{"href":"https:\/\/wp.pop-verlag.com\/index.php?rest_route=\/wp\/v2\/pages\/3208","targetHints":{"allow":["GET"]}}],"collection":[{"href":"https:\/\/wp.pop-verlag.com\/index.php?rest_route=\/wp\/v2\/pages"}],"about":[{"href":"https:\/\/wp.pop-verlag.com\/index.php?rest_route=\/wp\/v2\/types\/page"}],"author":[{"embeddable":true,"href":"https:\/\/wp.pop-verlag.com\/index.php?rest_route=\/wp\/v2\/users\/2"}],"replies":[{"embeddable":true,"href":"https:\/\/wp.pop-verlag.com\/index.php?rest_route=%2Fwp%2Fv2%2Fcomments&post=3208"}],"version-history":[{"count":5,"href":"https:\/\/wp.pop-verlag.com\/index.php?rest_route=\/wp\/v2\/pages\/3208\/revisions"}],"predecessor-version":[{"id":3219,"href":"https:\/\/wp.pop-verlag.com\/index.php?rest_route=\/wp\/v2\/pages\/3208\/revisions\/3219"}],"up":[{"embeddable":true,"href":"https:\/\/wp.pop-verlag.com\/index.php?rest_route=\/wp\/v2\/pages\/662"}],"wp:attachment":[{"href":"https:\/\/wp.pop-verlag.com\/index.php?rest_route=%2Fwp%2Fv2%2Fmedia&parent=3208"}],"curies":[{"name":"wp","href":"https:\/\/api.w.org\/{rel}","templated":true}]}}